{"id":105885,"date":"2016-09-13T03:34:14","date_gmt":"2016-09-13T03:34:14","guid":{"rendered":"https:\/\/www.irdin.org.br\/site\/quienes-somos\/"},"modified":"2025-03-18T11:05:30","modified_gmt":"2025-03-18T11:05:30","slug":"quienes-somos","status":"publish","type":"page","link":"https:\/\/www.irdin.org.br\/site\/quienes-somos\/","title":{"rendered":"Qui\u00e9nes somos"},"content":{"rendered":"\t\t<div data-elementor-type=\"wp-page\" data-elementor-id=\"105885\" class=\"elementor elementor-105885\">\n\t\t\t\t<div class=\"wd-negative-gap elementor-element elementor-element-e1fd718 e-flex e-con-boxed e-con e-parent\" data-id=\"e1fd718\" data-element_type=\"container\" data-e-type=\"container\">\n\t\t\t\t\t<div class=\"e-con-inner\">\n\t\t\t\t<div class=\"elementor-element elementor-element-af451c1 elementor-widget elementor-widget-wd_text_block\" data-id=\"af451c1\" data-element_type=\"widget\" data-e-type=\"widget\" data-widget_type=\"wd_text_block.default\">\n\t\t\t\t<div class=\"elementor-widget-container\">\n\t\t\t\t\t\t\t<div class=\"wd-text-block reset-last-child text-left\">\n\t\t\t\n\t\t\t<h1>Qui\u00e9nes somos<\/h1>\n<p>Irdin es una editorial con el prop\u00f3sito de difundir obras de car\u00e1cter filos\u00f3fico-espiritual para este tiempo de transformaciones globales y de gran necesidad de b\u00fasqueda interior. Son ense\u00f1anzas que presentan claves para el reconocimiento de las leyes inmateriales que rigen el universo en el que vivimos y sustentan la Tierra. Nos invitan a ampliar nuestra conciencia, a desentra\u00f1ar los misterios de la historia de nuestro planeta, a comprender sus prop\u00f3sitos y a adentrarnos en caminos de paz.<\/p>\n<p>El trabajo de Irdin no tiene \u00e1nimo de lucro y se mantiene gracias a colaboradores voluntarios, algunos a tiempo completo, que donan su tiempo y energ\u00eda sin ning\u00fan tipo de remuneraci\u00f3n.<\/p>\n<p>Entre las obras de los diversos autores que Irdin ha publicado, destaca la de Trigueirinho. Adem\u00e1s de libros en portugu\u00e9s, espa\u00f1ol, ingl\u00e9s y otros idiomas, la colecci\u00f3n actual de Irdin est\u00e1 formada por m\u00e1s de 3.000 conferencias grabadas en directo, DVD y CD de m\u00fasica.<\/p>\n<p><\/p>\n<p>La plena consecuci\u00f3n de este objetivo depende de la forma en que las obras se pongan a disposici\u00f3n de los interesados. La facilidad de acceso y la gratuidad, siempre que sea posible, son factores que impulsan la difusi\u00f3n. S\u00f3lo con la donaci\u00f3n y la participaci\u00f3n espont\u00e1nea de muchos podr\u00e1 lograrse. Aportando energ\u00eda monetaria o servicios, hacemos posible que la obra contin\u00fae y que otras personas conozcan sus frutos.<\/p>\n<p>Irdin, en colaboraci\u00f3n con <a href=\"http:\/\/www.divinamadre.org\/pt-br\/associacao-maria\" target=\"_blank\" rel=\"noopener noreferrer\"><br \/>\n  <strong>Asociaci\u00f3n Mar\u00eda<\/strong><br \/>\n<\/a>Irdin tambi\u00e9n difunde los textos canalizados por los Mensajeros Divinos: Cristo Jes\u00fas, la Virgen Mar\u00eda y San Jos\u00e9, colaborando con las Jerarqu\u00edas en llevar el soplo de Misericordia, Gracia y Redenci\u00f3n a quienes desean recibirlo.<\/p>\n<p>Creemos que la Ense\u00f1anza debe circular de forma directa, sin las interferencias normalmente presentes en los procesos de comercializaci\u00f3n. Los recursos f\u00edsicos necesarios para su difusi\u00f3n deben ser aportados por las propias personas que se benefician de ella, siguiendo un flujo libre y espont\u00e1neo, seg\u00fan la disponibilidad y conciencia de cada uno.<\/p>\n<p>Hay varias formas de participar. Una de ellas es con el voluntariado, por ejemplo, con tareas en la propia sede de Irdin, o incluso a distancia. Para contribuir de este modo, p\u00f3ngase en contacto con nosotros en <strong><br \/>\n  <a href=\"http:\/\/www.irdin.org.br\/site\/contato\/\" target=\"_blank\" rel=\"noopener noreferrer\">p\u00f3ngase en contacto con<\/a><br \/>\n<\/strong>.<\/p>\n<p>Otra forma de participar es con donaciones de dinero o recursos materiales, imprescindibles para el mantenimiento y desarrollo de la obra. Todas las donaciones son bienvenidas. <strong><br \/>\n  <a href=\"http:\/\/www.irdin.org.br\/site\/porquedoar\/\" target=\"_blank\" rel=\"noopener noreferrer\">M\u00e1s informaci\u00f3n sobre donaciones<\/a><br \/>\n<\/strong>.<\/p>\n<p>Irdin ofrece conferencias grabadas en directo durante los \u00faltimos a\u00f1os. Hay m\u00e1s de tres mil t\u00edtulos, con temas diversos, vinculados a la expansi\u00f3n de la conciencia en los tiempos actuales.<\/p>\n<p>Conscientes de que las vibraciones espirituales de gran sutileza tambi\u00e9n se transmiten por la voz de los oradores, procuramos preservar la calidad del sonido con la m\u00e1xima integridad para ofrecer al oyente los impulsos originales del mensaje. Por eso ofrecemos grabaciones, sin comprimir, en CD que pueden adquirirse a trav\u00e9s de este sitio.<\/p>\n<p>No obstante, la colecci\u00f3n completa de conferencias grabadas puede descargarse gratuitamente en formato MP3. Esta acci\u00f3n va dirigida a los oyentes que prefieren este formato o que no pueden encargar CD. Entendemos que la informaci\u00f3n transmitida en las conferencias tiene un valor incalculable para la actualidad y que es importante difundirla incluso sin las condiciones t\u00e9cnicas ideales, ya que el formato MP3 suprime una determinada gama de frecuencias del espectro sonoro.<\/p>\n\n\t\t\t\t\t<\/div>\n\t\t\t\t\t\t<\/div>\n\t\t\t\t<\/div>\n\t\t\t\t\t<\/div>\n\t\t\t\t<\/div>\n\t\t\t\t<\/div>\n\t\t","protected":false},"excerpt":{"rendered":"<p>Qui\u00e9nes somos Irdin es una editorial con el prop\u00f3sito de difundir obras de car\u00e1cter filos\u00f3fico-espiritual para este tiempo de transformaciones<\/p>\n","protected":false},"author":1,"featured_media":0,"parent":0,"menu_order":0,"comment_status":"closed","ping_status":"closed","template":"","meta":{"_acf_changed":false,"footnotes":""},"class_list":["post-105885","page","type-page","status-publish","hentry"],"acf":[],"_links":{"self":[{"href":"https:\/\/www.irdin.org.br\/site\/wp-json\/wp\/v2\/pages\/105885","targetHints":{"allow":["GET"]}}],"collection":[{"href":"https:\/\/www.irdin.org.br\/site\/wp-json\/wp\/v2\/pages"}],"about":[{"href":"https:\/\/www.irdin.org.br\/site\/wp-json\/wp\/v2\/types\/page"}],"author":[{"embeddable":true,"href":"https:\/\/www.irdin.org.br\/site\/wp-json\/wp\/v2\/users\/1"}],"replies":[{"embeddable":true,"href":"https:\/\/www.irdin.org.br\/site\/wp-json\/wp\/v2\/comments?post=105885"}],"version-history":[{"count":7,"href":"https:\/\/www.irdin.org.br\/site\/wp-json\/wp\/v2\/pages\/105885\/revisions"}],"predecessor-version":[{"id":109487,"href":"https:\/\/www.irdin.org.br\/site\/wp-json\/wp\/v2\/pages\/105885\/revisions\/109487"}],"wp:attachment":[{"href":"https:\/\/www.irdin.org.br\/site\/wp-json\/wp\/v2\/media?parent=105885"}],"curies":[{"name":"wp","href":"https:\/\/api.w.org\/{rel}","templated":true}]}}