{"id":3414,"date":"2016-09-13T03:34:14","date_gmt":"2016-09-13T03:34:14","guid":{"rendered":"http:\/\/www.irdin.org.br\/site\/?page_id=3414"},"modified":"2025-03-11T11:51:28","modified_gmt":"2025-03-11T11:51:28","slug":"quemsomos","status":"publish","type":"page","link":"https:\/\/www.irdin.org.br\/site\/quemsomos\/","title":{"rendered":"Quem Somos"},"content":{"rendered":"\t\t<div data-elementor-type=\"wp-page\" data-elementor-id=\"3414\" class=\"elementor elementor-3414\">\n\t\t\t\t<div class=\"wd-negative-gap elementor-element elementor-element-e1fd718 e-flex e-con-boxed e-con e-parent\" data-id=\"e1fd718\" data-element_type=\"container\" data-e-type=\"container\">\n\t\t\t\t\t<div class=\"e-con-inner\">\n\t\t\t\t<div class=\"elementor-element elementor-element-af451c1 elementor-widget elementor-widget-wd_text_block\" data-id=\"af451c1\" data-element_type=\"widget\" data-e-type=\"widget\" data-widget_type=\"wd_text_block.default\">\n\t\t\t\t<div class=\"elementor-widget-container\">\n\t\t\t\t\t\t\t<div class=\"wd-text-block reset-last-child text-left\">\n\t\t\t\n\t\t\t<h1>Quem Somos<\/h1><p>A Associa\u00e7\u00e3o Irdin Editora, \u00a0filiada\u00a0\u00e0\u00a0<strong><a href=\"https:\/\/www.fraterinternacional.org\/\">Fraternidade\u00a0\u2013\u00a0Federa\u00e7\u00e3o Humanit\u00e1ria Internacional (FFHI)<\/a><\/strong>, \u00e9 uma editora que tem como prop\u00f3sito difundir obras de natureza filos\u00f3fico-espiritual para esta \u00e9poca de transforma\u00e7\u00f5es globais e de grande necessidade de busca interior. S\u00e3o ensinamentos que apresentam chaves para o reconhecimento das leis imateriais que governam o universo em que vivemos e sustentam a Terra. Convidam-nos a ampliar a consci\u00eancia, desvendar os mist\u00e9rios da hist\u00f3ria do nosso planeta, perceber seus prop\u00f3sitos e ingressar em caminhos de paz.<\/p><p>O trabalho da Irdin n\u00e3o tem finalidades lucrativas e \u00e9 mantido por colaboradores volunt\u00e1rios, alguns em tempo integral, que doam seu tempo e energia sem qualquer tipo de remunera\u00e7\u00e3o.<\/p><p>Entre as obras dos v\u00e1rios autores que a Irdin tem publicado, destaca-se a veiculada por Jos\u00e9 Trigueirinho Netto, Frei Ameino (Clemente, Dr. Jos\u00e9 Maria Campos) e Frei Luciano. Al\u00e9m de livros em portugu\u00eas, espanhol, ingl\u00eas e outros idiomas, o acervo atual da Irdin \u00e9 formado por mais de 3.000 palestras gravadas ao vivo.<\/p><p>\u00a0<span style=\"font-size: 16px; text-align: var(--text-align); color: var(--wd-text-color); background-color: var(--wd-main-bgcolor);\">A Irdin, em coopera\u00e7\u00e3o com a\u00a0<\/span><a style=\"font-size: 16px; text-align: var(--text-align); background-color: var(--wd-main-bgcolor);\" href=\"https:\/\/www.mensajerosdivinos.org\/\" target=\"_blank\" rel=\"noopener noreferrer\"><strong>Associa\u00e7\u00e3o Maria<\/strong><\/a><span style=\"font-size: 16px; text-align: var(--text-align); color: var(--wd-text-color); background-color: var(--wd-main-bgcolor);\">, tamb\u00e9m difunde os textos canalizados pelos Mensageiros Divinos: Cristo Jesus, Virgem Maria e S\u00e3o Jos\u00e9, colaborando com as Hierarquias ao levar o alento da Miseric\u00f3rdia, da Gra\u00e7a e da Reden\u00e7\u00e3o aos que quiserem receb\u00ea-lo.<\/span><\/p><p>Acreditamos que o Ensinamento deve circular de forma direta, sem as interfer\u00eancias normalmente presentes em processos de comercializa\u00e7\u00e3o. Os recursos f\u00edsicos necess\u00e1rios \u00e0\u00a0sua difus\u00e3o devem ser providos pelas pr\u00f3prias pessoas que dele se beneficiam, seguindo um fluxo livre e espont\u00e2neo, conforme a disponibilidade e conscientiza\u00e7\u00e3o de cada um.<\/p><p>H\u00e1 v\u00e1rias maneiras de participar. Uma delas \u00e9 com servi\u00e7o volunt\u00e1rio, por exemplo, com tarefas na pr\u00f3pria sede da Irdin, ou mesmo \u00e0 dist\u00e2ncia. Para contribuir dessa maneira, contate-nos\u00a0pelo endere\u00e7o <strong><a href=\"http:\/\/www.irdin.org.br\/site\/contato\/\" target=\"_blank\" rel=\"noopener noreferrer\">contato<\/a><\/strong>.<\/p><p>Outra maneira de participar \u00e9 com doa\u00e7\u00f5es em dinheiro ou recursos materiais, essenciais para a manuten\u00e7\u00e3o e desenvolvimento do trabalho. Toda e qualquer oferta \u00e9 bem-vinda. <strong><a href=\"http:\/\/www.irdin.org.br\/site\/porquedoar\/\" target=\"_blank\" rel=\"noopener noreferrer\">Saiba\u00a0mais sobre doa\u00e7\u00f5es<\/a><\/strong>.<\/p><p>\u00a0<\/p>\n\t\t\t\t\t<\/div>\n\t\t\t\t\t\t<\/div>\n\t\t\t\t<\/div>\n\t\t\t\t\t<\/div>\n\t\t\t\t<\/div>\n\t\t\t\t<\/div>\n\t\t","protected":false},"excerpt":{"rendered":"<p>Quem Somos A Associa\u00e7\u00e3o Irdin Editora, \u00a0filiada\u00a0\u00e0\u00a0Fraternidade\u00a0\u2013\u00a0Federa\u00e7\u00e3o Humanit\u00e1ria Internacional (FFHI), \u00e9 uma editora que tem como prop\u00f3sito difundir obras de<\/p>\n","protected":false},"author":1,"featured_media":0,"parent":0,"menu_order":0,"comment_status":"closed","ping_status":"open","template":"","meta":{"_acf_changed":false,"footnotes":""},"class_list":["post-3414","page","type-page","status-publish","hentry"],"acf":[],"_links":{"self":[{"href":"https:\/\/www.irdin.org.br\/site\/wp-json\/wp\/v2\/pages\/3414","targetHints":{"allow":["GET"]}}],"collection":[{"href":"https:\/\/www.irdin.org.br\/site\/wp-json\/wp\/v2\/pages"}],"about":[{"href":"https:\/\/www.irdin.org.br\/site\/wp-json\/wp\/v2\/types\/page"}],"author":[{"embeddable":true,"href":"https:\/\/www.irdin.org.br\/site\/wp-json\/wp\/v2\/users\/1"}],"replies":[{"embeddable":true,"href":"https:\/\/www.irdin.org.br\/site\/wp-json\/wp\/v2\/comments?post=3414"}],"version-history":[{"count":22,"href":"https:\/\/www.irdin.org.br\/site\/wp-json\/wp\/v2\/pages\/3414\/revisions"}],"predecessor-version":[{"id":108025,"href":"https:\/\/www.irdin.org.br\/site\/wp-json\/wp\/v2\/pages\/3414\/revisions\/108025"}],"wp:attachment":[{"href":"https:\/\/www.irdin.org.br\/site\/wp-json\/wp\/v2\/media?parent=3414"}],"curies":[{"name":"wp","href":"https:\/\/api.w.org\/{rel}","templated":true}]}}