{"id":103805,"date":"2023-03-30T08:50:26","date_gmt":"2023-03-30T08:50:26","guid":{"rendered":"https:\/\/www.irdin.org.br\/site\/?post_type=product&#038;p=103805"},"modified":"2026-04-05T15:07:55","modified_gmt":"2026-04-05T18:07:55","slug":"9786588468364","status":"publish","type":"product","link":"https:\/\/www.irdin.org.br\/site\/produtos\/9786588468364\/","title":{"rendered":"Via Crucis &#8211; Caminho Eterno para os Cora\u00e7\u00f5es (livro)"},"content":{"rendered":"<p>Em uma apari\u00e7\u00e3o no dia 13 de julho de 2014, aos videntes da Ordem Gra\u00e7a Miseric\u00f3rdia, a Virgem Maria nos convidou a orar, junto a Ela, a Via Crucis e transmitiu a humanidade uma importante mensagem, revelando a todos como a Paix\u00e3o de Seu Filho, atrav\u00e9s de Seu Calv\u00e1rio, salvou e redimiu a humanidade. Nesta obra, esta mensagem apresenta-se de forma completa, convidando a todos os fieis seguidores de Jesus a ingressar, com devo\u00e7\u00e3o e f\u00e9, em ora\u00e7\u00e3o e contempla\u00e7\u00e3o, na Via Crucis, e reviver, junto \u00e0 Virgem Maria, a Sagrada Paix\u00e3o de Nosso Senhor Jesus Cristo.<\/p>\n<p><a class=\"pdf\" href=\"\/pdf\/Via_Crucis_PT_WEB.pdf\" target=\"_blank\" rel=\"noopener\">Baixar Gratuitamente<\/a><\/p>\n<p>&nbsp;<\/p>\n","protected":false},"excerpt":{"rendered":"<p>Em uma apari\u00e7\u00e3o no dia 13 de julho de 2014, aos videntes da Ordem Gra\u00e7a Miseric\u00f3rdia, a Virgem Maria nos<\/p>\n","protected":false},"featured_media":103806,"template":"","meta":{"_acf_changed":false},"product_brand":[],"product_cat":[33286,17972],"product_tag":[],"class_list":{"0":"post-103805","1":"product","2":"type-product","3":"status-publish","4":"has-post-thumbnail","6":"product_cat-livro","7":"product_cat-livros-livro","8":"pa_autor-frei-elias-del-sagrado-corazon","9":"pa_autor-irma-lucia-de-jesus","10":"pa_autor-madre-maria-shimani","11":"pa_classe-do-produto-fisico","12":"pa_codigo-de-barras-44044","13":"pa_edicao-17979","14":"pa_idioma-de-destino-portugues","15":"pa_idioma-de-origem-portugues","16":"pa_lancamento-yes","17":"pa_midia-papel","18":"pa_produto-fisico","19":"pa_quantidade-de-paginas-18023","20":"pa_quantidade-de-saldo-32994","21":"pa_tipo-de-traducao-nao-classificado","23":"first","24":"instock","25":"featured","26":"purchasable","27":"product-type-simple"},"acf":[],"_links":{"self":[{"href":"https:\/\/www.irdin.org.br\/site\/wp-json\/wp\/v2\/product\/103805","targetHints":{"allow":["GET"]}}],"collection":[{"href":"https:\/\/www.irdin.org.br\/site\/wp-json\/wp\/v2\/product"}],"about":[{"href":"https:\/\/www.irdin.org.br\/site\/wp-json\/wp\/v2\/types\/product"}],"version-history":[{"count":1,"href":"https:\/\/www.irdin.org.br\/site\/wp-json\/wp\/v2\/product\/103805\/revisions"}],"predecessor-version":[{"id":109560,"href":"https:\/\/www.irdin.org.br\/site\/wp-json\/wp\/v2\/product\/103805\/revisions\/109560"}],"wp:featuredmedia":[{"embeddable":true,"href":"https:\/\/www.irdin.org.br\/site\/wp-json\/wp\/v2\/media\/103806"}],"wp:attachment":[{"href":"https:\/\/www.irdin.org.br\/site\/wp-json\/wp\/v2\/media?parent=103805"}],"wp:term":[{"taxonomy":"product_brand","embeddable":true,"href":"https:\/\/www.irdin.org.br\/site\/wp-json\/wp\/v2\/product_brand?post=103805"},{"taxonomy":"product_cat","embeddable":true,"href":"https:\/\/www.irdin.org.br\/site\/wp-json\/wp\/v2\/product_cat?post=103805"},{"taxonomy":"product_tag","embeddable":true,"href":"https:\/\/www.irdin.org.br\/site\/wp-json\/wp\/v2\/product_tag?post=103805"}],"curies":[{"name":"wp","href":"https:\/\/api.w.org\/{rel}","templated":true}]}}