{"id":103815,"date":"2023-03-30T09:24:12","date_gmt":"2023-03-30T09:24:12","guid":{"rendered":"https:\/\/www.irdin.org.br\/site\/?post_type=product&#038;p=103815"},"modified":"2026-03-23T15:45:09","modified_gmt":"2026-03-23T18:45:09","slug":"9786588468388","status":"publish","type":"product","link":"https:\/\/www.irdin.org.br\/site\/produtos\/9786588468388\/","title":{"rendered":"Via Crucis &#8211; Cole\u00e7\u00e3o de Imagens para Contempla\u00e7\u00e3o (parede 37,8cm x29,4cm)"},"content":{"rendered":"<p>&#8220;Via Crucis: Imagens para Contempla\u00e7\u00e3o&#8221;: Um lindo calend\u00e1rio de parede com 18 imagens para contempla\u00e7\u00e3o da Via Crucis, pintadas pelo artista Gabriel Silva de Souza.<\/p>\n<p>Conhe\u00e7a tamb\u00e9m o livro &#8220;Via Crucis &#8211; Caminho Eterno dos Cora\u00e7\u00f5es&#8221;, e aprofunde o estudo espiritual das imagens retratadas da Paix\u00e3o de Cristo.<br \/>\nVers\u00e3o em portugu\u00eas: https:\/\/www.irdin.org.br\/site\/produtos\/via-crucis-caminho-eterno-para-os-coracoes\/<br \/>\nVers\u00e3o em espanhol: https:\/\/www.irdin.org.br\/site\/produtos\/via-crucis-camino-eterno-para-los-corazones\/<\/p>\n<p><a class=\"pdf\" href=\"\/pdf\/Via_Crucis_Contemplacao_WEB.pdf\" target=\"_blank\" rel=\"noopener\">Baixar Gratuitamente<\/a><\/p>\n<p>&nbsp;<\/p>\n","protected":false},"excerpt":{"rendered":"<p>&#8220;Via Crucis: Imagens para Contempla\u00e7\u00e3o&#8221;: Um lindo calend\u00e1rio de parede com 18 imagens para contempla\u00e7\u00e3o da Via Crucis, pintadas pelo<\/p>\n","protected":false},"featured_media":103806,"template":"","meta":{"_acf_changed":false},"product_brand":[],"product_cat":[33286,17972],"product_tag":[],"class_list":{"0":"post-103815","1":"product","2":"type-product","3":"status-publish","4":"has-post-thumbnail","6":"product_cat-livro","7":"product_cat-livros-livro","8":"pa_classe-do-produto-fisico","9":"pa_codigo-de-barras-44046","10":"pa_idioma-de-destino-espanhol","11":"pa_idioma-de-destino-portugues","12":"pa_idioma-de-origem-portugues","13":"pa_lancamento-yes","14":"pa_midia-papel","15":"pa_produto-fisico","16":"pa_quantidade-de-paginas-23784","17":"pa_quantidade-de-saldo-32994","18":"pa_tipo-de-produto-calendario-de-imagens-para-parede","19":"pa_tipo-de-traducao-nao-classificado","21":"first","22":"instock","23":"purchasable","24":"product-type-simple"},"acf":[],"_links":{"self":[{"href":"https:\/\/www.irdin.org.br\/site\/wp-json\/wp\/v2\/product\/103815","targetHints":{"allow":["GET"]}}],"collection":[{"href":"https:\/\/www.irdin.org.br\/site\/wp-json\/wp\/v2\/product"}],"about":[{"href":"https:\/\/www.irdin.org.br\/site\/wp-json\/wp\/v2\/types\/product"}],"version-history":[{"count":2,"href":"https:\/\/www.irdin.org.br\/site\/wp-json\/wp\/v2\/product\/103815\/revisions"}],"predecessor-version":[{"id":103831,"href":"https:\/\/www.irdin.org.br\/site\/wp-json\/wp\/v2\/product\/103815\/revisions\/103831"}],"wp:featuredmedia":[{"embeddable":true,"href":"https:\/\/www.irdin.org.br\/site\/wp-json\/wp\/v2\/media\/103806"}],"wp:attachment":[{"href":"https:\/\/www.irdin.org.br\/site\/wp-json\/wp\/v2\/media?parent=103815"}],"wp:term":[{"taxonomy":"product_brand","embeddable":true,"href":"https:\/\/www.irdin.org.br\/site\/wp-json\/wp\/v2\/product_brand?post=103815"},{"taxonomy":"product_cat","embeddable":true,"href":"https:\/\/www.irdin.org.br\/site\/wp-json\/wp\/v2\/product_cat?post=103815"},{"taxonomy":"product_tag","embeddable":true,"href":"https:\/\/www.irdin.org.br\/site\/wp-json\/wp\/v2\/product_tag?post=103815"}],"curies":[{"name":"wp","href":"https:\/\/api.w.org\/{rel}","templated":true}]}}