{"id":103846,"date":"2023-04-07T02:51:25","date_gmt":"2023-04-07T02:51:25","guid":{"rendered":"https:\/\/www.irdin.org.br\/site\/?post_type=product&#038;p=103846"},"modified":"2023-04-07T03:18:05","modified_gmt":"2023-04-07T03:18:05","slug":"poemes_au_coeur_immacule_de_marie","status":"publish","type":"product","link":"https:\/\/www.irdin.org.br\/site\/produtos\/poemes_au_coeur_immacule_de_marie\/","title":{"rendered":"Po\u00e8mes au C\u0153ur Immacul\u00e9 de Marie"},"content":{"rendered":"<p>\u00c0 travers ces versets, les \u00e2mes pourront s&#8217;approcher du C\u0153ur Immacul\u00e9 de Marie, ressentir Sa Sainte Paix et \u00eatre encourag\u00e9es \u00e0 marcher sur le chemin de l&#8217;apostolat du Christ, de l\u2019exp\u00e9rience de l\u2019amour et du retour au C\u0153ur de Dieu.<\/p>\n<p><a class=\"pdf\" href=\"\/pdf\/Poemes de Marie_WEB.pdf\" target=\"_blank\" rel=\"noopener\">Baixar Gratuitamente<\/a><\/p>\n<p>&nbsp;<\/p>\n","protected":false},"excerpt":{"rendered":"<p>\u00c0 travers ces versets, les \u00e2mes pourront s&#8217;approcher du C\u0153ur Immacul\u00e9 de Marie, ressentir Sa Sainte Paix et \u00eatre encourag\u00e9es<\/p>\n","protected":false},"featured_media":103851,"template":"","meta":{"_acf_changed":false},"product_brand":[],"product_cat":[33286,17972],"product_tag":[],"class_list":{"0":"post-103846","1":"product","2":"type-product","3":"status-publish","4":"has-post-thumbnail","6":"product_cat-livro","7":"product_cat-livros-livro","8":"pa_autor-frei-elias-del-sagrado-corazon","9":"pa_autor-madre-maria-shimani","10":"pa_classe-do-produto-digital","11":"pa_codigo-de-barras-44050","12":"pa_idioma-de-destino-frances","13":"pa_idioma-de-origem-espanhol","14":"pa_lancamento-yes","15":"pa_midia-digital","16":"pa_quantidade-de-paginas-44051","17":"pa_quantidade-de-saldo-32994","18":"pa_tipo-de-traducao-nao-classificado","20":"first","21":"outofstock","22":"product-type-simple"},"acf":[],"_links":{"self":[{"href":"https:\/\/www.irdin.org.br\/site\/wp-json\/wp\/v2\/product\/103846","targetHints":{"allow":["GET"]}}],"collection":[{"href":"https:\/\/www.irdin.org.br\/site\/wp-json\/wp\/v2\/product"}],"about":[{"href":"https:\/\/www.irdin.org.br\/site\/wp-json\/wp\/v2\/types\/product"}],"version-history":[{"count":0,"href":"https:\/\/www.irdin.org.br\/site\/wp-json\/wp\/v2\/product\/103846\/revisions"}],"wp:featuredmedia":[{"embeddable":true,"href":"https:\/\/www.irdin.org.br\/site\/wp-json\/wp\/v2\/media\/103851"}],"wp:attachment":[{"href":"https:\/\/www.irdin.org.br\/site\/wp-json\/wp\/v2\/media?parent=103846"}],"wp:term":[{"taxonomy":"product_brand","embeddable":true,"href":"https:\/\/www.irdin.org.br\/site\/wp-json\/wp\/v2\/product_brand?post=103846"},{"taxonomy":"product_cat","embeddable":true,"href":"https:\/\/www.irdin.org.br\/site\/wp-json\/wp\/v2\/product_cat?post=103846"},{"taxonomy":"product_tag","embeddable":true,"href":"https:\/\/www.irdin.org.br\/site\/wp-json\/wp\/v2\/product_tag?post=103846"}],"curies":[{"name":"wp","href":"https:\/\/api.w.org\/{rel}","templated":true}]}}