{"id":103847,"date":"2023-04-07T03:02:56","date_gmt":"2023-04-07T03:02:56","guid":{"rendered":"https:\/\/www.irdin.org.br\/site\/?post_type=product&#038;p=103847"},"modified":"2023-04-07T03:32:06","modified_gmt":"2023-04-07T03:32:06","slug":"dialogues-d-une-ame-avec-dieu","status":"publish","type":"product","link":"https:\/\/www.irdin.org.br\/site\/produtos\/dialogues-d-une-ame-avec-dieu\/","title":{"rendered":"Dialogues d\u2019une \u00e2me avec Dieu"},"content":{"rendered":"<p>Dans ces dialogues transmis par Saint Joseph, le Tr\u00e8s Chaste, les \u00e2mes pourront s\u2019approcher du P\u00e8re \u00c9ternel d\u2019une mani\u00e8re simple, en accueillant Ses impulsions afin de pouvoir, avec amour et esp\u00e9rance, prendre la d\u00e9cision d\u2019exprimer d\u00e9finitivement ce que Dieu d\u00e9sire et esp\u00e8re pour chacune d\u2019elles.<\/p>\n<p><a class=\"pdf\" href=\"\/pdf\/Dialogues d une ame Dieu_WEB.pdf\" target=\"_blank\" rel=\"noopener\">Baixar Gratuitamente<\/a><br \/>\n<\/br><\/p>\n<p>&nbsp;<\/p>\n","protected":false},"excerpt":{"rendered":"<p>Dans ces dialogues transmis par Saint Joseph, le Tr\u00e8s Chaste, les \u00e2mes pourront s\u2019approcher du P\u00e8re \u00c9ternel d\u2019une mani\u00e8re simple,<\/p>\n","protected":false},"featured_media":103860,"template":"","meta":{"_acf_changed":false},"product_brand":[],"product_cat":[33286,17972],"product_tag":[],"class_list":{"0":"post-103847","1":"product","2":"type-product","3":"status-publish","4":"has-post-thumbnail","6":"product_cat-livro","7":"product_cat-livros-livro","8":"pa_autor-irma-lucia-de-jesus","9":"pa_autor-madre-maria-shimani","10":"pa_classe-do-produto-digital","11":"pa_codigo-de-barras-44053","12":"pa_idioma-de-destino-frances","13":"pa_idioma-de-origem-portugues","14":"pa_lancamento-yes","15":"pa_midia-digital","16":"pa_quantidade-de-paginas-44052","17":"pa_quantidade-de-saldo-32994","18":"pa_tipo-de-traducao-nao-classificado","20":"first","21":"outofstock","22":"product-type-simple"},"acf":[],"_links":{"self":[{"href":"https:\/\/www.irdin.org.br\/site\/wp-json\/wp\/v2\/product\/103847","targetHints":{"allow":["GET"]}}],"collection":[{"href":"https:\/\/www.irdin.org.br\/site\/wp-json\/wp\/v2\/product"}],"about":[{"href":"https:\/\/www.irdin.org.br\/site\/wp-json\/wp\/v2\/types\/product"}],"version-history":[{"count":0,"href":"https:\/\/www.irdin.org.br\/site\/wp-json\/wp\/v2\/product\/103847\/revisions"}],"wp:featuredmedia":[{"embeddable":true,"href":"https:\/\/www.irdin.org.br\/site\/wp-json\/wp\/v2\/media\/103860"}],"wp:attachment":[{"href":"https:\/\/www.irdin.org.br\/site\/wp-json\/wp\/v2\/media?parent=103847"}],"wp:term":[{"taxonomy":"product_brand","embeddable":true,"href":"https:\/\/www.irdin.org.br\/site\/wp-json\/wp\/v2\/product_brand?post=103847"},{"taxonomy":"product_cat","embeddable":true,"href":"https:\/\/www.irdin.org.br\/site\/wp-json\/wp\/v2\/product_cat?post=103847"},{"taxonomy":"product_tag","embeddable":true,"href":"https:\/\/www.irdin.org.br\/site\/wp-json\/wp\/v2\/product_tag?post=103847"}],"curies":[{"name":"wp","href":"https:\/\/api.w.org\/{rel}","templated":true}]}}