{"id":103934,"date":"2023-05-19T01:58:09","date_gmt":"2023-05-19T01:58:09","guid":{"rendered":"https:\/\/www.irdin.org.br\/site\/?post_type=product&#038;p=103934"},"modified":"2023-05-22T17:09:15","modified_gmt":"2023-05-22T17:09:15","slug":"chemin-de-croix","status":"publish","type":"product","link":"https:\/\/www.irdin.org.br\/site\/produtos\/chemin-de-croix\/","title":{"rendered":"Chemin de Croix &#8211; Chemin \u00c9ternel pour les C\u0153urs"},"content":{"rendered":"<p>Dans une apparition du 13 juillet 2014 aux voyants de l\u2019Ordre Gr\u00e2ce Mis\u00e9ricorde, la Vierge Marie nous a invit\u00e9s \u00e0 prier le Chemin de Croix avec Elle, en nous r\u00e9v\u00e9lant comment la Passion de Son Fils, \u00e0 travers Son Calvaire, a sauv\u00e9 et r\u00e9dim\u00e9 l\u2019humanit\u00e9.<\/p>\n<p>Dans ce livre, ce message de la Tr\u00e8s Sainte M\u00e8re est pr\u00e9sent\u00e9 sous une forme compl\u00e8te, invitant tous les fid\u00e8les disciples de J\u00e9sus \u00e0 entrer, avec d\u00e9votion et foi, dans la pri\u00e8re et la contemplation du Chemin de Croix, revivant avec la Vierge Marie la Passion Sacr\u00e9e de Notre Seigneur J\u00e9sus-Christ.<\/p>\n<p><a class=\"pdf\" href=\"\/pdf\/Chemin de Croix_WEB.pdf\" target=\"_blank\" rel=\"noopener\">T\u00e9l\u00e9charger gratuitement<\/a><br \/>\n<\/br><\/p>\n<p>https:\/\/www.youtube.com\/watch?v=wR1sdnulQQ4<\/p>\n<p>&nbsp;<\/p>\n","protected":false},"excerpt":{"rendered":"<p>Dans une apparition du 13 juillet 2014 aux voyants de l\u2019Ordre Gr\u00e2ce Mis\u00e9ricorde, la Vierge Marie nous a invit\u00e9s \u00e0<\/p>\n","protected":false},"featured_media":103935,"template":"","meta":{"_acf_changed":false},"product_brand":[],"product_cat":[33286,17972],"product_tag":[],"class_list":{"0":"post-103934","1":"product","2":"type-product","3":"status-publish","4":"has-post-thumbnail","6":"product_cat-livro","7":"product_cat-livros-livro","8":"pa_autor-frei-elias-del-sagrado-corazon","9":"pa_autor-irma-lucia-de-jesus","10":"pa_autor-madre-maria-shimani","11":"pa_classe-do-produto-fisico","12":"pa_codigo-de-barras-44055","13":"pa_edicao-17979","14":"pa_idioma-de-destino-frances","15":"pa_idioma-de-origem-espanhol","16":"pa_lancamento-yes","17":"pa_midia-digital","18":"pa_produto-digital","19":"pa_quantidade-de-paginas-43972","20":"pa_quantidade-de-saldo-32994","21":"pa_tipo-de-traducao-nao-classificado","23":"first","24":"outofstock","25":"product-type-simple"},"acf":[],"_links":{"self":[{"href":"https:\/\/www.irdin.org.br\/site\/wp-json\/wp\/v2\/product\/103934","targetHints":{"allow":["GET"]}}],"collection":[{"href":"https:\/\/www.irdin.org.br\/site\/wp-json\/wp\/v2\/product"}],"about":[{"href":"https:\/\/www.irdin.org.br\/site\/wp-json\/wp\/v2\/types\/product"}],"version-history":[{"count":1,"href":"https:\/\/www.irdin.org.br\/site\/wp-json\/wp\/v2\/product\/103934\/revisions"}],"predecessor-version":[{"id":103938,"href":"https:\/\/www.irdin.org.br\/site\/wp-json\/wp\/v2\/product\/103934\/revisions\/103938"}],"wp:featuredmedia":[{"embeddable":true,"href":"https:\/\/www.irdin.org.br\/site\/wp-json\/wp\/v2\/media\/103935"}],"wp:attachment":[{"href":"https:\/\/www.irdin.org.br\/site\/wp-json\/wp\/v2\/media?parent=103934"}],"wp:term":[{"taxonomy":"product_brand","embeddable":true,"href":"https:\/\/www.irdin.org.br\/site\/wp-json\/wp\/v2\/product_brand?post=103934"},{"taxonomy":"product_cat","embeddable":true,"href":"https:\/\/www.irdin.org.br\/site\/wp-json\/wp\/v2\/product_cat?post=103934"},{"taxonomy":"product_tag","embeddable":true,"href":"https:\/\/www.irdin.org.br\/site\/wp-json\/wp\/v2\/product_tag?post=103934"}],"curies":[{"name":"wp","href":"https:\/\/api.w.org\/{rel}","templated":true}]}}