{"id":103939,"date":"2023-05-19T02:05:53","date_gmt":"2023-05-19T02:05:53","guid":{"rendered":"https:\/\/www.irdin.org.br\/site\/?post_type=product&#038;p=103939"},"modified":"2023-05-22T17:11:27","modified_gmt":"2023-05-22T17:11:27","slug":"rosaire-pour-le-salut-des-regnes-de-la-nature","status":"publish","type":"product","link":"https:\/\/www.irdin.org.br\/site\/produtos\/rosaire-pour-le-salut-des-regnes-de-la-nature\/","title":{"rendered":"Rosaire pour le Salut des R\u00e8gnes de la Nature"},"content":{"rendered":"<p>Le Rosaire pour le salut des Royaumes de la Nature fait partie d&#8217;une trilogie appel\u00e9e, par la Vierge Marie, &#8220;Trilogie Spirituelle de Pri\u00e8re pour la Fin des Temps&#8221;.<\/p>\n<p>Cet exercice spirituel a \u00e9t\u00e9 transmis lors de la Veill\u00e9e de pri\u00e8re du 24 juillet 2014, au Centre Marial de Aurora, Paysand\u00fa, Uruguay, au voyant Fr\u00e8re El\u00edas del Sagrado Coraz\u00f3n de Jes\u00fas.<\/p>\n<p>Ce jour-l\u00e0, Notre Dame s&#8217;est pr\u00e9sent\u00e9e comme la Reine de la Paix et Elle est arriv\u00e9e en pleurant pour ceux qui se perdent jour apr\u00e8s jour, qui ne trouvent pas Dieu et n&#8217;ont pas la force de Le suivre. Elle nous a demand\u00e9 de prier pour chacun d&#8217;entre eux.<\/p>\n<p><a class=\"pdf\" href=\"\/pdf\/Rosaire pour le Salut des R\u00e8gnes de la Nature_WEB.pdf\" target=\"_blank\" rel=\"noopener\">&#8220;T\u00e9l\u00e9charger gratuitement&#8221;<\/a><br \/>\n<\/br><\/p>\n<p>https:\/\/www.youtube.com\/watch?v=u3ApUm8Czq8<\/p>\n<p>&nbsp;<\/p>\n","protected":false},"excerpt":{"rendered":"<p>Le Rosaire pour le salut des Royaumes de la Nature fait partie d&#8217;une trilogie appel\u00e9e, par la Vierge Marie, &#8220;Trilogie<\/p>\n","protected":false},"featured_media":103940,"template":"","meta":{"_acf_changed":false},"product_brand":[],"product_cat":[33286,17972],"product_tag":[],"class_list":{"0":"post-103939","1":"product","2":"type-product","3":"status-publish","4":"has-post-thumbnail","6":"product_cat-livro","7":"product_cat-livros-livro","8":"pa_autor-frei-elias-del-sagrado-corazon","9":"pa_autor-madre-maria-shimani","10":"pa_classe-do-produto-digital","11":"pa_codigo-de-barras-44056","12":"pa_edicao-17979","13":"pa_idioma-de-destino-frances","14":"pa_idioma-de-origem-espanhol","15":"pa_lancamento-yes","16":"pa_midia-digital","17":"pa_quantidade-de-paginas-44057","18":"pa_quantidade-de-saldo-32994","19":"pa_tipo-de-traducao-nao-classificado","21":"first","22":"outofstock","23":"product-type-simple"},"acf":[],"_links":{"self":[{"href":"https:\/\/www.irdin.org.br\/site\/wp-json\/wp\/v2\/product\/103939","targetHints":{"allow":["GET"]}}],"collection":[{"href":"https:\/\/www.irdin.org.br\/site\/wp-json\/wp\/v2\/product"}],"about":[{"href":"https:\/\/www.irdin.org.br\/site\/wp-json\/wp\/v2\/types\/product"}],"version-history":[{"count":1,"href":"https:\/\/www.irdin.org.br\/site\/wp-json\/wp\/v2\/product\/103939\/revisions"}],"predecessor-version":[{"id":103953,"href":"https:\/\/www.irdin.org.br\/site\/wp-json\/wp\/v2\/product\/103939\/revisions\/103953"}],"wp:featuredmedia":[{"embeddable":true,"href":"https:\/\/www.irdin.org.br\/site\/wp-json\/wp\/v2\/media\/103940"}],"wp:attachment":[{"href":"https:\/\/www.irdin.org.br\/site\/wp-json\/wp\/v2\/media?parent=103939"}],"wp:term":[{"taxonomy":"product_brand","embeddable":true,"href":"https:\/\/www.irdin.org.br\/site\/wp-json\/wp\/v2\/product_brand?post=103939"},{"taxonomy":"product_cat","embeddable":true,"href":"https:\/\/www.irdin.org.br\/site\/wp-json\/wp\/v2\/product_cat?post=103939"},{"taxonomy":"product_tag","embeddable":true,"href":"https:\/\/www.irdin.org.br\/site\/wp-json\/wp\/v2\/product_tag?post=103939"}],"curies":[{"name":"wp","href":"https:\/\/api.w.org\/{rel}","templated":true}]}}