{"id":104070,"date":"2023-08-04T16:29:21","date_gmt":"2023-08-04T16:29:21","guid":{"rendered":"https:\/\/www.irdin.org.br\/site\/?post_type=product&#038;p=104070"},"modified":"2026-03-16T12:38:11","modified_gmt":"2026-03-16T15:38:11","slug":"9786588468463","status":"publish","type":"product","link":"https:\/\/www.irdin.org.br\/site\/produtos\/9786588468463\/","title":{"rendered":"Encuentro Interno &#8211; La Consciencia-Nave"},"content":{"rendered":"<p>Este libro presenta las bases para el encuentro, no solo con el propio Ser Interior, sino tambi\u00e9n con los Comandos<br \/>\ny naves encargadas del traslado de seres de la superficie de la Tierra hacia otras \u00e1reas del Universo y hacia otros<br \/>\nniveles de consciencia.<br \/>\nLas operaciones de la evacuaci\u00f3n planetaria ya se iniciaron, aunque no de forma global, lo cual ocurrir\u00e1 en un futuro pr\u00f3ximo. La cronolog\u00eda terrestre y mental es diferente de la que ordena los hechos internos.<\/p>\n<p><a class=\"pdf\" href=\"\/pdf\/Encuentro Interno_ESP_WEB.pdf\" target=\"_blank\" rel=\"noopener\">Baixar Gratuitamente<\/a><\/p>\n<p><iframe loading=\"lazy\" title=\"Trigueirinho | LANZAMIENTO DEL LIBRO: &quot;ENCUENTRO INTERNO&quot;  (ESPA\u00d1OL) - AGOSTO 2023\" width=\"500\" height=\"281\" src=\"https:\/\/www.youtube.com\/embed\/pSS8z4EgtF4?feature=oembed\" frameborder=\"0\" allow=\"accelerometer; autoplay; clipboard-write; encrypted-media; gyroscope; picture-in-picture; web-share\" referrerpolicy=\"strict-origin-when-cross-origin\" allowfullscreen><\/iframe><\/p>\n<p>&nbsp;<\/p>\n","protected":false},"excerpt":{"rendered":"<p>Este libro presenta las bases para el encuentro, no solo con el propio Ser Interior, sino tambi\u00e9n con los Comandos<\/p>\n","protected":false},"featured_media":104073,"template":"","meta":{"_acf_changed":false},"product_brand":[],"product_cat":[33286,17972],"product_tag":[33403],"class_list":{"0":"post-104070","1":"product","2":"type-product","3":"status-publish","4":"has-post-thumbnail","6":"product_cat-livro","7":"product_cat-livros-livro","8":"product_tag-33403","9":"pa_autor-trigueirinho","10":"pa_classe-do-produto-fisico","11":"pa_codigo-de-barras-44063","12":"pa_codigo-externo-tr020pep","13":"pa_data-de-lancamento-21666","14":"pa_idioma-de-destino-espanhol","15":"pa_idioma-de-origem-portugues","16":"pa_lancamento-yes","17":"pa_midia-papel","18":"pa_moac-33652","19":"pa_quantidade-de-paginas-22872","20":"pa_quantidade-de-saldo-33281","21":"pa_tipo-de-traducao-nao-classificado","23":"first","24":"instock","25":"purchasable","26":"product-type-simple"},"acf":[],"_links":{"self":[{"href":"https:\/\/www.irdin.org.br\/site\/wp-json\/wp\/v2\/product\/104070","targetHints":{"allow":["GET"]}}],"collection":[{"href":"https:\/\/www.irdin.org.br\/site\/wp-json\/wp\/v2\/product"}],"about":[{"href":"https:\/\/www.irdin.org.br\/site\/wp-json\/wp\/v2\/types\/product"}],"version-history":[{"count":3,"href":"https:\/\/www.irdin.org.br\/site\/wp-json\/wp\/v2\/product\/104070\/revisions"}],"predecessor-version":[{"id":109556,"href":"https:\/\/www.irdin.org.br\/site\/wp-json\/wp\/v2\/product\/104070\/revisions\/109556"}],"wp:featuredmedia":[{"embeddable":true,"href":"https:\/\/www.irdin.org.br\/site\/wp-json\/wp\/v2\/media\/104073"}],"wp:attachment":[{"href":"https:\/\/www.irdin.org.br\/site\/wp-json\/wp\/v2\/media?parent=104070"}],"wp:term":[{"taxonomy":"product_brand","embeddable":true,"href":"https:\/\/www.irdin.org.br\/site\/wp-json\/wp\/v2\/product_brand?post=104070"},{"taxonomy":"product_cat","embeddable":true,"href":"https:\/\/www.irdin.org.br\/site\/wp-json\/wp\/v2\/product_cat?post=104070"},{"taxonomy":"product_tag","embeddable":true,"href":"https:\/\/www.irdin.org.br\/site\/wp-json\/wp\/v2\/product_tag?post=104070"}],"curies":[{"name":"wp","href":"https:\/\/api.w.org\/{rel}","templated":true}]}}