{"id":104071,"date":"2023-08-04T16:30:08","date_gmt":"2023-08-04T16:30:08","guid":{"rendered":"https:\/\/www.irdin.org.br\/site\/?post_type=product&#038;p=104071"},"modified":"2024-08-15T16:15:48","modified_gmt":"2024-08-15T16:15:48","slug":"rosario-para-saber-e-aprender-a-atravessar-o-fim-dos-ciclos","status":"publish","type":"product","link":"https:\/\/www.irdin.org.br\/site\/produtos\/rosario-para-saber-e-aprender-a-atravessar-o-fim-dos-ciclos\/","title":{"rendered":"Ros\u00e1rio para Saber e Aprender a atravessar o Fim dos Ciclos (vers\u00e3o tril\u00edngue &#8211; PT\/ES\/EN)"},"content":{"rendered":"<p>A Virgem Maria, em sua mensagem do dia 20 de setembro de 2018, nos revelou:<br \/>\n\u201cA ora\u00e7\u00e3o do Ros\u00e1rio pela Paz das Crian\u00e7as na Guerra impediu muitos acontecimentos, mas outras situa\u00e7\u00f5es, at\u00e9 agora, continuam sendo evitadas pela presen\u00e7a dos orantes na Terra.\u201d<\/p>\n<p>Por isso Ela nos convoca para permanecermos em ora\u00e7\u00e3o:<br \/>\n&#8220;Para que nestes tempos existam mais ferramentas de intercess\u00e3o pelo planeta e pela humanidade, hoje lhes entrego a terceira parte desta Trilogia<br \/>\nEspiritual de Ora\u00e7\u00e3o para o Fim dos Tempos, que \u00e9 o Ros\u00e1rio para Saber e Aprender a Atravessar o Fim dos Ciclos.\u201d<\/p>\n<p>Nessa mesma mensagem, a M\u00e3e Divina nos explicou como a ora\u00e7\u00e3o pode transformar nossas vidas:<\/p>\n<p>\u201cA Trilogia de Ora\u00e7\u00e3o para o Fim dos Tempos poder\u00e1 ajudar a consolidar a f\u00e9 nos servidores e a confian\u00e7a definitiva na concretiza\u00e7\u00e3o do Plano de Deus.<br \/>\nAgrade\u00e7o-lhes por responderem ao Meu chamado!<br \/>\nAben\u00e7oa-os, Sua M\u00e3e, Maria, Rosa da Paz<\/p>\n<p>\u201cPara que Deus n\u00e3o derrame Sua ira e Sua justi\u00e7a sobre o mundo, venho entregar-lhes o Ros\u00e1rio pela Salva\u00e7\u00e3o dos Reinos da Natureza\u201d.<\/p>\n<p>* Livro acompanha encarte para colorir<\/p>\n<p><a class=\"pdf\" href=\"\/pdf\/Rosario para Saber e Aprender a Atravessar o Fim dos Ciclos_WEB.pdf\" target=\"_blank\" rel=\"noopener\">&#8220;Baixar Gratuitamente Ros\u00e1rio&#8221;<\/a><\/p>\n<p>&nbsp;<\/p>\n<p><a class=\"pdf\" href=\"\/pdf\/Livro de Colorir_WEB.pdf\" target=\"_blank\" rel=\"noopener\">&#8220;Baixar Livro de Colorir&#8221;<\/a><\/p>\n<p>&nbsp;<\/p>\n<p><iframe loading=\"lazy\" title=\"Lan\u00e7amento! Ros\u00e1rio para Saber e Aprender a Atravessar o Fim dos Ciclos\" width=\"500\" height=\"281\" src=\"https:\/\/www.youtube.com\/embed\/wPf6yK-5tR0?feature=oembed\" frameborder=\"0\" allow=\"accelerometer; autoplay; clipboard-write; encrypted-media; gyroscope; picture-in-picture; web-share\" referrerpolicy=\"strict-origin-when-cross-origin\" allowfullscreen><\/iframe><\/p>\n","protected":false},"excerpt":{"rendered":"<p>A Virgem Maria, em sua mensagem do dia 20 de setembro de 2018, nos revelou: \u201cA ora\u00e7\u00e3o do Ros\u00e1rio pela<\/p>\n","protected":false},"featured_media":104106,"template":"","meta":{"_acf_changed":false},"product_brand":[],"product_cat":[33286,17972],"product_tag":[],"class_list":{"0":"post-104071","1":"product","2":"type-product","3":"status-publish","4":"has-post-thumbnail","6":"product_cat-livro","7":"product_cat-livros-livro","8":"pa_autor-frei-elias-del-sagrado-corazon","9":"pa_autor-madre-maria-shimani","10":"pa_classe-do-produto-fisico","11":"pa_codigo-de-barras-44060","12":"pa_edicao-17979","13":"pa_idioma-de-destino-espanhol","14":"pa_idioma-de-destino-ingles","15":"pa_idioma-de-destino-portugues","16":"pa_idioma-de-origem-espanhol","17":"pa_lancamento-yes","18":"pa_midia-papel","19":"pa_quantidade-de-paginas-43946","20":"pa_quantidade-de-saldo-32994","21":"pa_tipo-de-traducao-nao-classificado","23":"first","24":"outofstock","25":"product-type-simple"},"acf":[],"_links":{"self":[{"href":"https:\/\/www.irdin.org.br\/site\/wp-json\/wp\/v2\/product\/104071","targetHints":{"allow":["GET"]}}],"collection":[{"href":"https:\/\/www.irdin.org.br\/site\/wp-json\/wp\/v2\/product"}],"about":[{"href":"https:\/\/www.irdin.org.br\/site\/wp-json\/wp\/v2\/types\/product"}],"version-history":[{"count":3,"href":"https:\/\/www.irdin.org.br\/site\/wp-json\/wp\/v2\/product\/104071\/revisions"}],"predecessor-version":[{"id":106369,"href":"https:\/\/www.irdin.org.br\/site\/wp-json\/wp\/v2\/product\/104071\/revisions\/106369"}],"wp:featuredmedia":[{"embeddable":true,"href":"https:\/\/www.irdin.org.br\/site\/wp-json\/wp\/v2\/media\/104106"}],"wp:attachment":[{"href":"https:\/\/www.irdin.org.br\/site\/wp-json\/wp\/v2\/media?parent=104071"}],"wp:term":[{"taxonomy":"product_brand","embeddable":true,"href":"https:\/\/www.irdin.org.br\/site\/wp-json\/wp\/v2\/product_brand?post=104071"},{"taxonomy":"product_cat","embeddable":true,"href":"https:\/\/www.irdin.org.br\/site\/wp-json\/wp\/v2\/product_cat?post=104071"},{"taxonomy":"product_tag","embeddable":true,"href":"https:\/\/www.irdin.org.br\/site\/wp-json\/wp\/v2\/product_tag?post=104071"}],"curies":[{"name":"wp","href":"https:\/\/api.w.org\/{rel}","templated":true}]}}