{"id":104094,"date":"2023-08-07T23:16:29","date_gmt":"2023-08-07T23:16:29","guid":{"rendered":"https:\/\/www.irdin.org.br\/site\/?post_type=product&#038;p=104094"},"modified":"2026-03-16T12:36:36","modified_gmt":"2026-03-16T15:36:36","slug":"9786588468524","status":"publish","type":"product","link":"https:\/\/www.irdin.org.br\/site\/produtos\/9786588468524\/","title":{"rendered":"La Formaci\u00f3n de Curadores"},"content":{"rendered":"<p>LA FORMACI\u00d3N DE CURADORES C\u00d3SMICOS ocurre cuando el ser interior del individuo y la consciencia que \u00e9l tiene del mundo, de la vida humana, maduran gradualmente. Es una transformaci\u00f3n guiada por su n\u00facleo individual de consciencia c\u00f3smica y por instructores de los planos internos de la existencia.<br \/>\nEl contacto con curadores o Centros de Cura aut\u00e9nticos es conducido por la Jerarqu\u00eda con precisi\u00f3n impecable. Este proceso considera el bien mayor del individuo al que se debe curar, seg\u00fan los ciclos de su evoluci\u00f3n y tambi\u00e9n del planeta.<br \/>\nLa presencia de los curadores c\u00f3smicos altera bastante el ambiente de los seres, por eso trabajan silenciosamente. Los curadores que canalizan energ\u00edas muy potentes suelen vivir lejos del resto de la humanidad.<br \/>\nLo que emana de un curador estimula y mueve las fuerzas de la inercia de la materia terrestre; esto puede generar una reacci\u00f3n en los individuos que no est\u00e1n preparados para la transformaci\u00f3n o la purificaci\u00f3n m\u00e1s profunda.<br \/>\nSiguiendo la Ley del Amor-Sabidur\u00eda, en general, el curador no se da a conocer. Trabaja en silencio, en la mayor\u00eda de los casos actuando por v\u00edas indirectas, desde los planos internos.<\/p>\n<p><a class=\"pdf\" href=\"\/pdf\/La Formacion de Curadores_WEB.pdf\" target=\"_blank\" rel=\"noopener\">Baixar Gratuitamente<\/a><\/p>\n<p><iframe loading=\"lazy\" title=\"TRIGUEIRINHO | LANZAMIENTO DEL LIBRO: &quot;LA FORMACI\u00d3N DE CURADORES&quot; (ESPA\u00d1OL) - AGOSTO 2023\" width=\"500\" height=\"281\" src=\"https:\/\/www.youtube.com\/embed\/B8_dreqVQKE?feature=oembed\" frameborder=\"0\" allow=\"accelerometer; autoplay; clipboard-write; encrypted-media; gyroscope; picture-in-picture; web-share\" referrerpolicy=\"strict-origin-when-cross-origin\" allowfullscreen><\/iframe><\/p>\n<p>&nbsp;<\/p>\n","protected":false},"excerpt":{"rendered":"<p>LA FORMACI\u00d3N DE CURADORES C\u00d3SMICOS ocurre cuando el ser interior del individuo y la consciencia que \u00e9l tiene del mundo,<\/p>\n","protected":false},"featured_media":104095,"template":"","meta":{"_acf_changed":false},"product_brand":[],"product_cat":[33286,17972],"product_tag":[33419,44149],"class_list":{"0":"post-104094","1":"product","2":"type-product","3":"status-publish","4":"has-post-thumbnail","6":"product_cat-livro","7":"product_cat-livros-livro","8":"product_tag-33419","9":"product_tag-lancamento","10":"pa_autor-trigueirinho","11":"pa_classe-do-produto-fisico","12":"pa_codigo-de-barras-44065","13":"pa_idioma-de-destino-espanhol","14":"pa_idioma-de-origem-portugues","15":"pa_lancamento-yes","16":"pa_midia-papel","17":"pa_moac-33684","18":"pa_quantidade-de-paginas-22074","19":"pa_tipo-de-traducao-nao-classificado","21":"first","22":"instock","23":"purchasable","24":"product-type-simple"},"acf":[],"_links":{"self":[{"href":"https:\/\/www.irdin.org.br\/site\/wp-json\/wp\/v2\/product\/104094","targetHints":{"allow":["GET"]}}],"collection":[{"href":"https:\/\/www.irdin.org.br\/site\/wp-json\/wp\/v2\/product"}],"about":[{"href":"https:\/\/www.irdin.org.br\/site\/wp-json\/wp\/v2\/types\/product"}],"version-history":[{"count":2,"href":"https:\/\/www.irdin.org.br\/site\/wp-json\/wp\/v2\/product\/104094\/revisions"}],"predecessor-version":[{"id":109554,"href":"https:\/\/www.irdin.org.br\/site\/wp-json\/wp\/v2\/product\/104094\/revisions\/109554"}],"wp:featuredmedia":[{"embeddable":true,"href":"https:\/\/www.irdin.org.br\/site\/wp-json\/wp\/v2\/media\/104095"}],"wp:attachment":[{"href":"https:\/\/www.irdin.org.br\/site\/wp-json\/wp\/v2\/media?parent=104094"}],"wp:term":[{"taxonomy":"product_brand","embeddable":true,"href":"https:\/\/www.irdin.org.br\/site\/wp-json\/wp\/v2\/product_brand?post=104094"},{"taxonomy":"product_cat","embeddable":true,"href":"https:\/\/www.irdin.org.br\/site\/wp-json\/wp\/v2\/product_cat?post=104094"},{"taxonomy":"product_tag","embeddable":true,"href":"https:\/\/www.irdin.org.br\/site\/wp-json\/wp\/v2\/product_tag?post=104094"}],"curies":[{"name":"wp","href":"https:\/\/api.w.org\/{rel}","templated":true}]}}