{"id":104098,"date":"2023-08-07T23:30:44","date_gmt":"2023-08-07T23:30:44","guid":{"rendered":"https:\/\/www.irdin.org.br\/site\/?post_type=product&#038;p=104098"},"modified":"2026-04-04T14:20:04","modified_gmt":"2026-04-04T17:20:04","slug":"9786588468500","status":"publish","type":"product","link":"https:\/\/www.irdin.org.br\/site\/produtos\/9786588468500\/","title":{"rendered":"La Voz de Amhaj"},"content":{"rendered":"<p>\u201cNo hay gobiernos ni gobernantes. El caos reina. Este es el escenario de la superficie de la vida.<br \/>\nHab\u00edamos avisado que as\u00ed ocurrir\u00eda. Pero existen otras realidades. Algunos las conocen\u201d.<\/p>\n<p>\u201cNo hay un instante que perder. Los hombres buenos oyen el Llamado, lo encuentran bonito, se emocionan, y re\u00fanen a los amigos para comentarlo. Dan mayor importancia a los encuentros sociales que a la salvaci\u00f3n de un planeta a punto de explotar. Pero la fortaleza de Mi escudo ser\u00e1<br \/>\nconocida por los que aspiran a lo Alto. El poder de Mi Rayo ser\u00e1 develado a los que persisten. El fulgor de Mi fuego resplandecer\u00e1 en los que se vuelven hacia \u00e9l\u201d.<\/p>\n<p>AMHAJ<\/p>\n<p><a class=\"pdf\" href=\"\/pdf\/La Voz de Amhaj_WEB.pdf\" target=\"_blank\" rel=\"noopener\">Baixar Gratuitamente<\/a><\/p>\n<p><iframe loading=\"lazy\" title=\"TRIGUEIRINHO | LANZAMIENTO DEL LIBRO: &quot;LA VOZ DE AMHAJ&quot; (ESPA\u00d1OL) - AGOSTO 2023\" width=\"500\" height=\"281\" src=\"https:\/\/www.youtube.com\/embed\/xssl-tW-eyw?feature=oembed\" frameborder=\"0\" allow=\"accelerometer; autoplay; clipboard-write; encrypted-media; gyroscope; picture-in-picture; web-share\" referrerpolicy=\"strict-origin-when-cross-origin\" allowfullscreen><\/iframe><\/p>\n<p>&nbsp;<\/p>\n","protected":false},"excerpt":{"rendered":"<p>\u201cNo hay gobiernos ni gobernantes. El caos reina. Este es el escenario de la superficie de la vida. Hab\u00edamos avisado<\/p>\n","protected":false},"featured_media":104099,"template":"","meta":{"_acf_changed":false},"product_brand":[],"product_cat":[33286,17972],"product_tag":[33347,44149],"class_list":{"0":"post-104098","1":"product","2":"type-product","3":"status-publish","4":"has-post-thumbnail","6":"product_cat-livro","7":"product_cat-livros-livro","8":"product_tag-33347","9":"product_tag-lancamento","10":"pa_autor-trigueirinho","11":"pa_classe-do-produto-fisico","12":"pa_codigo-de-barras-44066","13":"pa_codigo-externo-tr040pep","14":"pa_edicao-17979","15":"pa_idioma-de-destino-espanhol","16":"pa_idioma-de-origem-portugues","17":"pa_lancamento-yes","18":"pa_midia-papel","19":"pa_moac-33542","20":"pa_quantidade-de-paginas-21777","22":"first","23":"instock","24":"purchasable","25":"product-type-simple"},"acf":[],"_links":{"self":[{"href":"https:\/\/www.irdin.org.br\/site\/wp-json\/wp\/v2\/product\/104098","targetHints":{"allow":["GET"]}}],"collection":[{"href":"https:\/\/www.irdin.org.br\/site\/wp-json\/wp\/v2\/product"}],"about":[{"href":"https:\/\/www.irdin.org.br\/site\/wp-json\/wp\/v2\/types\/product"}],"version-history":[{"count":3,"href":"https:\/\/www.irdin.org.br\/site\/wp-json\/wp\/v2\/product\/104098\/revisions"}],"predecessor-version":[{"id":109553,"href":"https:\/\/www.irdin.org.br\/site\/wp-json\/wp\/v2\/product\/104098\/revisions\/109553"}],"wp:featuredmedia":[{"embeddable":true,"href":"https:\/\/www.irdin.org.br\/site\/wp-json\/wp\/v2\/media\/104099"}],"wp:attachment":[{"href":"https:\/\/www.irdin.org.br\/site\/wp-json\/wp\/v2\/media?parent=104098"}],"wp:term":[{"taxonomy":"product_brand","embeddable":true,"href":"https:\/\/www.irdin.org.br\/site\/wp-json\/wp\/v2\/product_brand?post=104098"},{"taxonomy":"product_cat","embeddable":true,"href":"https:\/\/www.irdin.org.br\/site\/wp-json\/wp\/v2\/product_cat?post=104098"},{"taxonomy":"product_tag","embeddable":true,"href":"https:\/\/www.irdin.org.br\/site\/wp-json\/wp\/v2\/product_tag?post=104098"}],"curies":[{"name":"wp","href":"https:\/\/api.w.org\/{rel}","templated":true}]}}