{"id":104202,"date":"2023-10-11T20:21:21","date_gmt":"2023-10-11T20:21:21","guid":{"rendered":"https:\/\/www.irdin.org.br\/site\/?post_type=product&#038;p=104202"},"modified":"2024-09-30T15:54:12","modified_gmt":"2024-09-30T15:54:12","slug":"rosaire-pour-connaitre-et-apprendre-a-traverser-la-fin-des-cycles","status":"publish","type":"product","link":"https:\/\/www.irdin.org.br\/site\/produtos\/rosaire-pour-connaitre-et-apprendre-a-traverser-la-fin-des-cycles\/","title":{"rendered":"Rosaire pour Conna\u00eetre et Apprendre \u00e0 traverser la Fin des Cycles"},"content":{"rendered":"<p>La pri\u00e8re, puissant outil de Lumi\u00e8re, a la capacit\u00e9 de nous fournir des r\u00e9ponses aux questions les plus profondes, ainsi qu&#8217;un outil puissant pour contribuer \u00e0 la transformation du monde.<\/p>\n<p>La Vierge Marie, dans son message du 20 septembre 2018, nous a r\u00e9v\u00e9l\u00e9 :<\/p>\n<p>&#8220;La pri\u00e8re du Rosaire pour la paix des enfants dans la guerre a emp\u00each\u00e9 de nombreux \u00e9v\u00e9nements ; mais, jusqu&#8217;\u00e0 pr\u00e9sent, d&#8217;autres situations continuent d&#8217;\u00eatre emp\u00each\u00e9es par la pr\u00e9sence de ceux qui prient sur la Terre&#8221;.<\/p>\n<p>C&#8217;est pourquoi Elle nous appelle \u00e0 rester dans la pri\u00e8re :<\/p>\n<p>&#8220;Afin qu&#8217;en ces temps il y ait plus d&#8217;outils d&#8217;intercession pour la plan\u00e8te et l&#8217;humanit\u00e9, je vous donne aujourd&#8217;hui la troisi\u00e8me partie de cette Trilogie Spirituelle de Pri\u00e8re pour la Fin des Temps : le Rosaire pour conna\u00eetre et apprendre \u00e0 traverser la Fin des Cycles&#8221;.<\/p>\n<p>Dans le m\u00eame message, la M\u00e8re divine explique comment la pri\u00e8re peut transformer notre vie :<\/p>\n<p>&#8220;La trilogie de pri\u00e8re pour la fin des temps peut aider \u00e0 renforcer la foi dans les serviteurs et la confiance ultime dans la r\u00e9alisation du plan de Dieu. Je vous remercie d&#8217;avoir r\u00e9pondu \u00e0 mon appel ! Je vous b\u00e9nis, Sa Votre M\u00e8re, la Vierge Marie, Rose de la Paix&#8221;.<\/p>\n<p>* Livro acompanha encarte para colorir<\/p>\n<p><a class=\"pdf\" href=\"\/pdf\/Rosaire pour Savoir et apprendre a Traverser la Fin des Cycles_WEB.pdf\" target=\"_blank\" rel=\"noopener\">&#8220;Baixar Gratuitamente Ros\u00e1rio&#8221;<\/a><br \/>\n&nbsp;<br \/>\n&nbsp;<br \/>\n<a class=\"pdf\" href=\"\/pdf\/Livro de Colorir_WEB.pdf\" target=\"_blank\" rel=\"noopener\">&#8220;Baixar Livro de Colorir&#8221;<\/a><br \/>\n<\/br><\/p>\n<p>&nbsp;<\/p>\n","protected":false},"excerpt":{"rendered":"<p>La pri\u00e8re, puissant outil de Lumi\u00e8re, a la capacit\u00e9 de nous fournir des r\u00e9ponses aux questions les plus profondes, ainsi<\/p>\n","protected":false},"featured_media":104207,"template":"","meta":{"_acf_changed":false},"product_brand":[],"product_cat":[33286,17972],"product_tag":[],"class_list":{"0":"post-104202","1":"product","2":"type-product","3":"status-publish","4":"has-post-thumbnail","6":"product_cat-livro","7":"product_cat-livros-livro","8":"pa_autor-frei-elias-del-sagrado-corazon","9":"pa_autor-madre-maria-shimani","10":"pa_classe-do-produto-fisico","11":"pa_codigo-de-barras-44067","12":"pa_edicao-17979","13":"pa_idioma-de-destino-frances","14":"pa_idioma-de-origem-espanhol","15":"pa_lancamento-yes","16":"pa_midia-digital","17":"pa_quantidade-de-paginas-18059","18":"pa_quantidade-de-saldo-32994","19":"pa_tipo-de-traducao-nao-classificado","21":"first","22":"outofstock","23":"product-type-simple"},"acf":[],"_links":{"self":[{"href":"https:\/\/www.irdin.org.br\/site\/wp-json\/wp\/v2\/product\/104202","targetHints":{"allow":["GET"]}}],"collection":[{"href":"https:\/\/www.irdin.org.br\/site\/wp-json\/wp\/v2\/product"}],"about":[{"href":"https:\/\/www.irdin.org.br\/site\/wp-json\/wp\/v2\/types\/product"}],"version-history":[{"count":2,"href":"https:\/\/www.irdin.org.br\/site\/wp-json\/wp\/v2\/product\/104202\/revisions"}],"predecessor-version":[{"id":107764,"href":"https:\/\/www.irdin.org.br\/site\/wp-json\/wp\/v2\/product\/104202\/revisions\/107764"}],"wp:featuredmedia":[{"embeddable":true,"href":"https:\/\/www.irdin.org.br\/site\/wp-json\/wp\/v2\/media\/104207"}],"wp:attachment":[{"href":"https:\/\/www.irdin.org.br\/site\/wp-json\/wp\/v2\/media?parent=104202"}],"wp:term":[{"taxonomy":"product_brand","embeddable":true,"href":"https:\/\/www.irdin.org.br\/site\/wp-json\/wp\/v2\/product_brand?post=104202"},{"taxonomy":"product_cat","embeddable":true,"href":"https:\/\/www.irdin.org.br\/site\/wp-json\/wp\/v2\/product_cat?post=104202"},{"taxonomy":"product_tag","embeddable":true,"href":"https:\/\/www.irdin.org.br\/site\/wp-json\/wp\/v2\/product_tag?post=104202"}],"curies":[{"name":"wp","href":"https:\/\/api.w.org\/{rel}","templated":true}]}}