{"id":104221,"date":"2023-10-19T18:59:37","date_gmt":"2023-10-19T18:59:37","guid":{"rendered":"https:\/\/www.irdin.org.br\/site\/?post_type=product&#038;p=104221"},"modified":"2026-03-17T10:37:00","modified_gmt":"2026-03-17T13:37:00","slug":"9786588468548","status":"publish","type":"product","link":"https:\/\/www.irdin.org.br\/site\/produtos\/9786588468548\/","title":{"rendered":"Guia Pr\u00e1tico para Produ\u00e7\u00e3o de Sementes de Hortali\u00e7as"},"content":{"rendered":"<p>O Guia Pr\u00e1tico para Produ\u00e7\u00e3o de Sementes de Hortali\u00e7as \u00e9 uma profunda s\u00edntese do conhecimento de anos de estudos do pesquisador Vladimir Moreira e do conhecimento emp\u00edrico da Comunidade-Luz Figueira, que em sintonia e parceria constru\u00edram esta obra com a principal finalidade de contribuir com todos que desejam realizar uma produ\u00e7\u00e3o de sementes de forma organizada, segura, eficiente e com excelentes resultados.<\/p>\n<p>Esta obra tem como objetivo ser um emulador de a\u00e7\u00f5es que busca oferecer, de forma descomplicada, t\u00e9cnicas e conhecimentos que possam indicar uma possibilidade de operar, com um sentido novo e renovado, a pr\u00e1tica da agricultura ecol\u00f3gica, sustent\u00e1vel, ambiental e social, resgatando princ\u00edpios ancestrais e promovendo, assim, um impulso transformador no cultivo da terra.<\/p>\n<p>Fundamentada em uma perspectiva cr\u00edtica e coerente com princ\u00edpios acad\u00eamicos, a partir da pr\u00e1xis de anos de pesquisa, esta obra \u00e9 um guia completo, pois apresenta informa\u00e7\u00f5es desde a legisla\u00e7\u00e3o que regulamenta a produ\u00e7\u00e3o de sementes no Brasil at\u00e9 a forma mais adequada de armazen\u00e1-las, contemplando as principais necessidades de agricultores e extensionistas rurais que atuam na produ\u00e7\u00e3o de sementes e de hortali\u00e7as.<\/p>\n<p><a class=\"pdf\" href=\"\/pdf\/Guia de Sementes de Hortalicas_WEB.pdf\" target=\"_blank\" rel=\"noopener\">Baixar Gratuitamente<\/a><\/p>\n<p>&nbsp;<\/p>\n","protected":false},"excerpt":{"rendered":"<p>O Guia Pr\u00e1tico para Produ\u00e7\u00e3o de Sementes de Hortali\u00e7as \u00e9 uma profunda s\u00edntese do conhecimento de anos de estudos do<\/p>\n","protected":false},"featured_media":104222,"template":"","meta":{"_acf_changed":false},"product_brand":[],"product_cat":[33286,17972],"product_tag":[44149],"class_list":{"0":"post-104221","1":"product","2":"type-product","3":"status-publish","4":"has-post-thumbnail","6":"product_cat-livro","7":"product_cat-livros-livro","8":"product_tag-lancamento","9":"pa_autor-vladimir-ricardo-da-rosa-moreira","10":"pa_codigo-de-barras-44070","11":"pa_edicao-17979","12":"pa_idioma-de-destino-portugues","13":"pa_idioma-de-origem-portugues","14":"pa_lancamento-yes","15":"pa_midia-papel","16":"pa_produto-fisico","17":"pa_quantidade-de-paginas-18034","19":"first","20":"instock","21":"featured","22":"purchasable","23":"product-type-simple"},"acf":[],"_links":{"self":[{"href":"https:\/\/www.irdin.org.br\/site\/wp-json\/wp\/v2\/product\/104221","targetHints":{"allow":["GET"]}}],"collection":[{"href":"https:\/\/www.irdin.org.br\/site\/wp-json\/wp\/v2\/product"}],"about":[{"href":"https:\/\/www.irdin.org.br\/site\/wp-json\/wp\/v2\/types\/product"}],"version-history":[{"count":3,"href":"https:\/\/www.irdin.org.br\/site\/wp-json\/wp\/v2\/product\/104221\/revisions"}],"predecessor-version":[{"id":109552,"href":"https:\/\/www.irdin.org.br\/site\/wp-json\/wp\/v2\/product\/104221\/revisions\/109552"}],"wp:featuredmedia":[{"embeddable":true,"href":"https:\/\/www.irdin.org.br\/site\/wp-json\/wp\/v2\/media\/104222"}],"wp:attachment":[{"href":"https:\/\/www.irdin.org.br\/site\/wp-json\/wp\/v2\/media?parent=104221"}],"wp:term":[{"taxonomy":"product_brand","embeddable":true,"href":"https:\/\/www.irdin.org.br\/site\/wp-json\/wp\/v2\/product_brand?post=104221"},{"taxonomy":"product_cat","embeddable":true,"href":"https:\/\/www.irdin.org.br\/site\/wp-json\/wp\/v2\/product_cat?post=104221"},{"taxonomy":"product_tag","embeddable":true,"href":"https:\/\/www.irdin.org.br\/site\/wp-json\/wp\/v2\/product_tag?post=104221"}],"curies":[{"name":"wp","href":"https:\/\/api.w.org\/{rel}","templated":true}]}}