{"id":104510,"date":"2024-03-20T15:48:20","date_gmt":"2024-03-20T15:48:20","guid":{"rendered":"https:\/\/www.irdin.org.br\/site\/?post_type=product&#038;p=104510"},"modified":"2026-04-05T15:05:10","modified_gmt":"2026-04-05T18:05:10","slug":"9786588468630","status":"publish","type":"product","link":"https:\/\/www.irdin.org.br\/site\/produtos\/9786588468630\/","title":{"rendered":"Adivinhe se puder, que Animal \u00e9?"},"content":{"rendered":"<p>Em um cantinho verde,<br \/>\nao sul de Minas Gerais,<br \/>\nacontece o encontro bonito entre a mata Atl\u00e2ntica<br \/>\ne o Cerrado.<br \/>\nL\u00e1 mora um tanto<br \/>\nde bicho aprumado!<\/p>\n<p>Observ\u00e1-los<br \/>\nnos ensina<br \/>\num tant\u00e3o.<br \/>\nPrestar aten\u00e7\u00e3o neles,<br \/>\ncomo s\u00e3o<br \/>\ne se comportam,<br \/>\nnos sopra grande li\u00e7\u00e3o.<\/p>\n<p>Nas p\u00e1ginas deste livro,<br \/>\nvoc\u00ea vai encontrar<br \/>\num poema musical<br \/>\nde adivinha\u00e7\u00e3o<br \/>\npara alguns<br \/>\ndestes muitos animais<br \/>\nque moram na regi\u00e3o.<\/p>\n<p>E com toda a informa\u00e7\u00e3o,<br \/>\ncompartida nos versos e ilustra\u00e7\u00e3o,<br \/>\na cada poesia<br \/>\nvoc\u00ea j\u00e1 sabe, n\u00e9?<br \/>\nAdivinhe se puder\u2026<br \/>\nQue animal \u00e9?<\/p>\n<p>&nbsp;<\/p>\n<p><a class=\"pdf\" href=\"\/pdf\/Adivinhe se puder que animal e_WEB.pdf\" target=\"_blank\" rel=\"noopener\">Baixar Gratuitamente<\/a><\/p>\n<p>&nbsp;<\/p>\n<p><iframe loading=\"lazy\" title=\"ADIVINHE SE PUDER, QUE ANIMAL \u00c9? - LAN\u00c7AMENTO IRDIN EDITORA\" width=\"500\" height=\"281\" src=\"https:\/\/www.youtube.com\/embed\/YhyC2voc5pE?feature=oembed\" frameborder=\"0\" allow=\"accelerometer; autoplay; clipboard-write; encrypted-media; gyroscope; picture-in-picture; web-share\" referrerpolicy=\"strict-origin-when-cross-origin\" allowfullscreen><\/iframe><\/p>\n<p>&nbsp;<\/p>\n","protected":false},"excerpt":{"rendered":"<p>Em um cantinho verde, ao sul de Minas Gerais, acontece o encontro bonito entre a mata Atl\u00e2ntica e o Cerrado.<\/p>\n","protected":false},"featured_media":104511,"template":"","meta":{"_acf_changed":false},"product_brand":[],"product_cat":[33286,17972],"product_tag":[],"class_list":{"0":"post-104510","1":"product","2":"type-product","3":"status-publish","4":"has-post-thumbnail","6":"product_cat-livro","7":"product_cat-livros-livro","8":"pa_autor-ana-paula-lima","9":"pa_autor-gabriela-de-paula","10":"pa_classe-do-produto-fisico","11":"pa_codigo-de-barras-44075","12":"pa_edicao-17979","13":"pa_idioma-de-destino-portugues","14":"pa_idioma-de-origem-espanhol","15":"pa_lancamento-yes","16":"pa_midia-papel","17":"pa_quantidade-de-paginas-44076","18":"pa_quantidade-de-saldo-32994","19":"pa_tipo-de-traducao-nao-classificado","21":"first","22":"instock","23":"purchasable","24":"product-type-simple"},"acf":[],"_links":{"self":[{"href":"https:\/\/www.irdin.org.br\/site\/wp-json\/wp\/v2\/product\/104510","targetHints":{"allow":["GET"]}}],"collection":[{"href":"https:\/\/www.irdin.org.br\/site\/wp-json\/wp\/v2\/product"}],"about":[{"href":"https:\/\/www.irdin.org.br\/site\/wp-json\/wp\/v2\/types\/product"}],"version-history":[{"count":3,"href":"https:\/\/www.irdin.org.br\/site\/wp-json\/wp\/v2\/product\/104510\/revisions"}],"predecessor-version":[{"id":104514,"href":"https:\/\/www.irdin.org.br\/site\/wp-json\/wp\/v2\/product\/104510\/revisions\/104514"}],"wp:featuredmedia":[{"embeddable":true,"href":"https:\/\/www.irdin.org.br\/site\/wp-json\/wp\/v2\/media\/104511"}],"wp:attachment":[{"href":"https:\/\/www.irdin.org.br\/site\/wp-json\/wp\/v2\/media?parent=104510"}],"wp:term":[{"taxonomy":"product_brand","embeddable":true,"href":"https:\/\/www.irdin.org.br\/site\/wp-json\/wp\/v2\/product_brand?post=104510"},{"taxonomy":"product_cat","embeddable":true,"href":"https:\/\/www.irdin.org.br\/site\/wp-json\/wp\/v2\/product_cat?post=104510"},{"taxonomy":"product_tag","embeddable":true,"href":"https:\/\/www.irdin.org.br\/site\/wp-json\/wp\/v2\/product_tag?post=104510"}],"curies":[{"name":"wp","href":"https:\/\/api.w.org\/{rel}","templated":true}]}}