{"id":104522,"date":"2024-03-20T17:29:11","date_gmt":"2024-03-20T17:29:11","guid":{"rendered":"https:\/\/www.irdin.org.br\/site\/?post_type=product&#038;p=104522"},"modified":"2026-03-23T16:07:55","modified_gmt":"2026-03-23T19:07:55","slug":"9786588468647","status":"publish","type":"product","link":"https:\/\/www.irdin.org.br\/site\/produtos\/9786588468647\/","title":{"rendered":"A Sagrada Magia da \u00c1gua"},"content":{"rendered":"<p>M\u00e9dico, monge e estudioso do esoterismo, da f\u00edsica, da qu\u00edmica, da bot\u00e2nica e da biologia, o autor consegue transferir para a arte liter\u00e1ria n\u00e3o s\u00f3 seus conhecimentos cient\u00edficos, mas tamb\u00e9m sua sensibilidade, sua poesia. Como amante da Natureza, mergulha na pesquisa sobre o elemento \u00e1gua e convida-nos a participar dessa inesquec\u00edvel aventura, presenteando-nos com um livro interessante, instrutivo, permeado de amor e gratid\u00e3o ao Sagrado e repleto de bel\u00edssimas imagens dos reinos mineral, vegetal e animal.<\/p>\n<p>Mesmo tendo cumprido seu objetivo de apresentar-nos um cuidadoso estudo sobre a \u00e1gua, Frei Ameino, leva-nos, ainda, a uma profunda reflex\u00e3o sobre a atividade divina neste planeta e, com maestria, transforma esta obra em um sincero louvor \u00e0 Cria\u00e7\u00e3o.<\/p>\n<p><a class=\"pdf\" href=\"\/pdf\/A Sagrada Magia da \u00c1gua_WEB.pdf\" target=\"_blank\" rel=\"noopener\">Baixar Gratuitamente<\/a><\/p>\n<p><iframe loading=\"lazy\" title=\"A Sagrada Magia da \u00c1gua - Frei Ameino\" width=\"500\" height=\"281\" src=\"https:\/\/www.youtube.com\/embed\/zN9NXlU4zhM?feature=oembed\" frameborder=\"0\" allow=\"accelerometer; autoplay; clipboard-write; encrypted-media; gyroscope; picture-in-picture; web-share\" referrerpolicy=\"strict-origin-when-cross-origin\" allowfullscreen><\/iframe><\/p>\n<p>&nbsp;<\/p>\n","protected":false},"excerpt":{"rendered":"<p>M\u00e9dico, monge e estudioso do esoterismo, da f\u00edsica, da qu\u00edmica, da bot\u00e2nica e da biologia, o autor consegue transferir para<\/p>\n","protected":false},"featured_media":104526,"template":"","meta":{"_acf_changed":false},"product_brand":[],"product_cat":[33286,17972],"product_tag":[33299],"class_list":{"0":"post-104522","1":"product","2":"type-product","3":"status-publish","4":"has-post-thumbnail","6":"product_cat-livro","7":"product_cat-livros-livro","8":"product_tag-33299","9":"pa_autor-frei-ameino-clemente","10":"pa_classe-do-produto-fisico","11":"pa_codigo-de-barras-44080","12":"pa_idioma-de-destino-portugues","13":"pa_lancamento-yes","14":"pa_midia-papel","15":"pa_moac-33446","16":"pa_quantidade-de-paginas-44079","17":"pa_quantidade-de-saldo-33279","18":"pa_tipo-de-traducao-nao-classificado","20":"first","21":"instock","22":"featured","23":"purchasable","24":"product-type-simple"},"acf":[],"_links":{"self":[{"href":"https:\/\/www.irdin.org.br\/site\/wp-json\/wp\/v2\/product\/104522","targetHints":{"allow":["GET"]}}],"collection":[{"href":"https:\/\/www.irdin.org.br\/site\/wp-json\/wp\/v2\/product"}],"about":[{"href":"https:\/\/www.irdin.org.br\/site\/wp-json\/wp\/v2\/types\/product"}],"version-history":[{"count":2,"href":"https:\/\/www.irdin.org.br\/site\/wp-json\/wp\/v2\/product\/104522\/revisions"}],"predecessor-version":[{"id":105637,"href":"https:\/\/www.irdin.org.br\/site\/wp-json\/wp\/v2\/product\/104522\/revisions\/105637"}],"wp:featuredmedia":[{"embeddable":true,"href":"https:\/\/www.irdin.org.br\/site\/wp-json\/wp\/v2\/media\/104526"}],"wp:attachment":[{"href":"https:\/\/www.irdin.org.br\/site\/wp-json\/wp\/v2\/media?parent=104522"}],"wp:term":[{"taxonomy":"product_brand","embeddable":true,"href":"https:\/\/www.irdin.org.br\/site\/wp-json\/wp\/v2\/product_brand?post=104522"},{"taxonomy":"product_cat","embeddable":true,"href":"https:\/\/www.irdin.org.br\/site\/wp-json\/wp\/v2\/product_cat?post=104522"},{"taxonomy":"product_tag","embeddable":true,"href":"https:\/\/www.irdin.org.br\/site\/wp-json\/wp\/v2\/product_tag?post=104522"}],"curies":[{"name":"wp","href":"https:\/\/api.w.org\/{rel}","templated":true}]}}