{"id":106763,"date":"2024-08-15T15:32:03","date_gmt":"2024-08-15T15:32:03","guid":{"rendered":"https:\/\/www.irdin.org.br\/site\/?post_type=product&#038;p=106763"},"modified":"2026-03-16T12:35:55","modified_gmt":"2026-03-16T15:35:55","slug":"9786588468609","status":"publish","type":"product","link":"https:\/\/www.irdin.org.br\/site\/produtos\/9786588468609\/","title":{"rendered":"Historia Escrita en los Espejos"},"content":{"rendered":"<p>En los antiguos monasterios tibetanos exist\u00eda un trabajo consciente de comunicaci\u00f3n con el cosmos, que involucraba planos extraplanetarios sutiles y utilizaba como receptores, transformadores y transmisores, energ\u00edas, entidades y seres de diferentes planos de vida, desde el f\u00edsico hasta el inmaterial. Varios pueblos antiguos tambi\u00e9n desarrollaron importantes coligaciones extraterrestres y colaboraron en la estructuraci\u00f3n de contactos extrasist\u00e9micos. Las Am\u00e9ricas esperaron, preservadas, la llegada de su madurez energ\u00e9tica, para que en el momento c\u00edclico correcto su tarea pudiera emerger en forma pura, lo que est\u00e1 empezando a suceder ahora. En el pasado, este trabajo era herm\u00e9tico para la humanidad en general, pero en la Tierra futura habr\u00e1 una mayor participaci\u00f3n de los individuos de la superficie del planeta.<\/p>\n<p>Hoy en d\u00eda los mayores Centros Espejo planetarios son intraterrenos, y a ellos les corresponde el entrenamiento silencioso, interno y casi imperceptible de los nuevos y<br \/>\nactuales candidatos para estos trabajos. Este libro pionero aborda el tema a trav\u00e9s de la experiencia directa de un grupo, y ofrece importantes claves para quienes<br \/>\ntienen afinidad con la sublime red de comunicaciones: los Espejos del Cosmos.<\/p>\n<p><a class=\"pdf\" href=\"\/pdf\/Historia Escrita en los Espejos_WEB.pdf\" target=\"_blank\" rel=\"noopener\">Baixar Gratuitamente<\/a><\/p>\n<p>&nbsp;<\/p>\n","protected":false},"excerpt":{"rendered":"<p>En los antiguos monasterios tibetanos exist\u00eda un trabajo consciente de comunicaci\u00f3n con el cosmos, que involucraba planos extraplanetarios sutiles y<\/p>\n","protected":false},"featured_media":106767,"template":"","meta":{"_acf_changed":false},"product_brand":[],"product_cat":[33286,17972],"product_tag":[],"class_list":{"0":"post-106763","1":"product","2":"type-product","3":"status-publish","4":"has-post-thumbnail","6":"product_cat-livro","7":"product_cat-livros-livro","8":"pa_autor-trigueirinho","9":"pa_classe-do-produto-fisico","10":"pa_codigo-de-barras-44187","11":"pa_idioma-de-destino-espanhol","12":"pa_lancamento-yes","13":"pa_midia-papel","14":"pa_moac-33676","15":"pa_quantidade-de-paginas-23274","16":"pa_quantidade-de-saldo-32994","17":"pa_tipo-de-traducao-nao-classificado","19":"first","20":"instock","21":"purchasable","22":"product-type-simple"},"acf":[],"_links":{"self":[{"href":"https:\/\/www.irdin.org.br\/site\/wp-json\/wp\/v2\/product\/106763","targetHints":{"allow":["GET"]}}],"collection":[{"href":"https:\/\/www.irdin.org.br\/site\/wp-json\/wp\/v2\/product"}],"about":[{"href":"https:\/\/www.irdin.org.br\/site\/wp-json\/wp\/v2\/types\/product"}],"version-history":[{"count":1,"href":"https:\/\/www.irdin.org.br\/site\/wp-json\/wp\/v2\/product\/106763\/revisions"}],"predecessor-version":[{"id":106770,"href":"https:\/\/www.irdin.org.br\/site\/wp-json\/wp\/v2\/product\/106763\/revisions\/106770"}],"wp:featuredmedia":[{"embeddable":true,"href":"https:\/\/www.irdin.org.br\/site\/wp-json\/wp\/v2\/media\/106767"}],"wp:attachment":[{"href":"https:\/\/www.irdin.org.br\/site\/wp-json\/wp\/v2\/media?parent=106763"}],"wp:term":[{"taxonomy":"product_brand","embeddable":true,"href":"https:\/\/www.irdin.org.br\/site\/wp-json\/wp\/v2\/product_brand?post=106763"},{"taxonomy":"product_cat","embeddable":true,"href":"https:\/\/www.irdin.org.br\/site\/wp-json\/wp\/v2\/product_cat?post=106763"},{"taxonomy":"product_tag","embeddable":true,"href":"https:\/\/www.irdin.org.br\/site\/wp-json\/wp\/v2\/product_tag?post=106763"}],"curies":[{"name":"wp","href":"https:\/\/api.w.org\/{rel}","templated":true}]}}