{"id":106800,"date":"2024-08-18T22:23:26","date_gmt":"2024-08-18T22:23:26","guid":{"rendered":"https:\/\/www.irdin.org.br\/site\/?post_type=product&#038;p=106800"},"modified":"2026-04-08T08:42:31","modified_gmt":"2026-04-08T11:42:31","slug":"9786588468692","status":"publish","type":"product","link":"https:\/\/www.irdin.org.br\/site\/produtos\/9786588468692\/","title":{"rendered":"Ros\u00e1rio das Santas Virtudes de S\u00e3o Jos\u00e9"},"content":{"rendered":"<p>Este Ros\u00e1rio ilustrado tem como objetivo aproximar as crian\u00e7as e jovens do Casto Cora\u00e7\u00e3o de S\u00e3o Jos\u00e9 atrav\u00e9s da ora\u00e7\u00e3o, para que sejam tocados e guiados por Seu Amor.<\/p>\n<p>A Virgem Maria nos ensina que \u201cS\u00e3o Jos\u00e9, como guardi\u00e3o dos cora\u00e7\u00f5es e como protetor de todas as almas, disp\u00f5ese, eternamente, a ajud\u00e1-los a conhecer e a transcender a condi\u00e7\u00e3o humana\u201d.<\/p>\n<p>Convidamos voc\u00ea a descobrir, atrav\u00e9s deste Ros\u00e1rio e com a ajuda de S\u00e3o Jos\u00e9 os dons e virtudes que Deus semeou em seu cora\u00e7\u00e3o!<\/p>\n<p><a class=\"pdf\" href=\"\/pdf\/Rosario das Santas Virtudes de Sao Jose_WEB.pdf\" target=\"_blank\" rel=\"noopener\">&#8220;Baixar Gratuitamente Ros\u00e1rio&#8221;<\/a><\/p>\n<p><a class=\"pdf\" href=\"\/pdf\/Rosario Sao Jose - Livro Colorir - PT.pdf\" target=\"_blank\" rel=\"noopener\">&#8220;Baixar Livro de Colorir&#8221;<\/a><\/p>\n<p>&nbsp;<\/p>\n","protected":false},"excerpt":{"rendered":"<p>Este Ros\u00e1rio ilustrado tem como objetivo aproximar as crian\u00e7as e jovens do Casto Cora\u00e7\u00e3o de S\u00e3o Jos\u00e9 atrav\u00e9s da ora\u00e7\u00e3o,<\/p>\n","protected":false},"featured_media":106826,"template":"","meta":{"_acf_changed":false},"product_brand":[],"product_cat":[33286,17972],"product_tag":[44149],"class_list":{"0":"post-106800","1":"product","2":"type-product","3":"status-publish","4":"has-post-thumbnail","6":"product_cat-livro","7":"product_cat-livros-livro","8":"product_tag-lancamento","9":"pa_autor-frei-elias-del-sagrado-corazon","10":"pa_autor-madre-maria-shimani","11":"pa_classe-do-produto-fisico","12":"pa_codigo-de-barras-44193","13":"pa_edicao-17979","14":"pa_idioma-de-destino-portugues","15":"pa_idioma-de-origem-espanhol","16":"pa_lancamento-yes","17":"pa_midia-papel","18":"pa_quantidade-de-paginas-44192","19":"pa_quantidade-de-saldo-32994","20":"pa_tipo-de-traducao-nao-classificado","22":"first","23":"instock","24":"purchasable","25":"product-type-simple"},"acf":[],"_links":{"self":[{"href":"https:\/\/www.irdin.org.br\/site\/wp-json\/wp\/v2\/product\/106800","targetHints":{"allow":["GET"]}}],"collection":[{"href":"https:\/\/www.irdin.org.br\/site\/wp-json\/wp\/v2\/product"}],"about":[{"href":"https:\/\/www.irdin.org.br\/site\/wp-json\/wp\/v2\/types\/product"}],"version-history":[{"count":4,"href":"https:\/\/www.irdin.org.br\/site\/wp-json\/wp\/v2\/product\/106800\/revisions"}],"predecessor-version":[{"id":109550,"href":"https:\/\/www.irdin.org.br\/site\/wp-json\/wp\/v2\/product\/106800\/revisions\/109550"}],"wp:featuredmedia":[{"embeddable":true,"href":"https:\/\/www.irdin.org.br\/site\/wp-json\/wp\/v2\/media\/106826"}],"wp:attachment":[{"href":"https:\/\/www.irdin.org.br\/site\/wp-json\/wp\/v2\/media?parent=106800"}],"wp:term":[{"taxonomy":"product_brand","embeddable":true,"href":"https:\/\/www.irdin.org.br\/site\/wp-json\/wp\/v2\/product_brand?post=106800"},{"taxonomy":"product_cat","embeddable":true,"href":"https:\/\/www.irdin.org.br\/site\/wp-json\/wp\/v2\/product_cat?post=106800"},{"taxonomy":"product_tag","embeddable":true,"href":"https:\/\/www.irdin.org.br\/site\/wp-json\/wp\/v2\/product_tag?post=106800"}],"curies":[{"name":"wp","href":"https:\/\/api.w.org\/{rel}","templated":true}]}}