{"id":108045,"date":"2025-03-11T16:18:03","date_gmt":"2025-03-11T16:18:03","guid":{"rendered":"https:\/\/www.irdin.org.br\/site\/?post_type=product&#038;p=108045"},"modified":"2026-03-16T12:38:04","modified_gmt":"2026-03-16T15:38:04","slug":"9786588468685","status":"publish","type":"product","link":"https:\/\/www.irdin.org.br\/site\/produtos\/9786588468685\/","title":{"rendered":"Se\u00f1ales de Contacto &#8211; El valiente relato de la experiencia de trascender la muerte"},"content":{"rendered":"<p>Ciertos temas a menudo son tratados como ciencia ficci\u00f3n o se describen como s\u00edmbolos susceptibles de diversas interpretaciones. En esta obra, sin embargo, marcada por la intrepidez y lo ins\u00f3lito, el autor habla de realidades consideradas fant\u00e1sticas, llev\u00e1ndolas al d\u00eda a d\u00eda como hechos comunes. Demuestra que el llamado misterio, leyenda y mito pueden vivirse de forma normal y consciente. Con naturalidad, describe su aproximaci\u00f3n a una de las civilizaciones supraf\u00edsicas m\u00e1s importantes, presentes en el planeta. Tambi\u00e9n explica que hoy se abre para el hombre de la superficie de la Tierra la comunicaci\u00f3n con mundos como este, que siempre han existido, pero que ahora pueden ser mejor conocidos. SE\u00d1ALES DE CONTACTO aporta nuevas claves para la comprensi\u00f3n de las experiencias internas actualmente accesibles a quienes se convocaron para el servicio de la reconstrucci\u00f3n de la Tierra.<\/p>\n<p><a class=\"pdf\" href=\"\/pdf\/Senales de Contacto_WEB.pdf\" target=\"_blank\" rel=\"noopener\">Baixar Gratuitamente<\/a><\/p>\n<p>&nbsp;<\/p>\n","protected":false},"excerpt":{"rendered":"<p>Ciertos temas a menudo son tratados como ciencia ficci\u00f3n o se describen como s\u00edmbolos susceptibles de diversas interpretaciones. En esta<\/p>\n","protected":false},"featured_media":108047,"template":"","meta":{"_acf_changed":false},"product_brand":[],"product_cat":[33286,17972],"product_tag":[44149],"class_list":{"0":"post-108045","1":"product","2":"type-product","3":"status-publish","4":"has-post-thumbnail","6":"product_cat-livro","7":"product_cat-livros-livro","8":"product_tag-lancamento","9":"pa_autor-trigueirinho","10":"pa_classe-do-produto-fisico","11":"pa_codigo-de-barras-44198","12":"pa_codigo-externo-tr009pep","13":"pa_data-de-lancamento-23114","14":"pa_edicao-17979","15":"pa_idioma-de-destino-espanhol","16":"pa_idioma-de-origem-portugues","17":"pa_lancamento-yes","18":"pa_midia-papel","19":"pa_moac-33488","20":"pa_quantidade-de-paginas-18034","22":"first","23":"instock","24":"purchasable","25":"product-type-simple"},"acf":[],"_links":{"self":[{"href":"https:\/\/www.irdin.org.br\/site\/wp-json\/wp\/v2\/product\/108045","targetHints":{"allow":["GET"]}}],"collection":[{"href":"https:\/\/www.irdin.org.br\/site\/wp-json\/wp\/v2\/product"}],"about":[{"href":"https:\/\/www.irdin.org.br\/site\/wp-json\/wp\/v2\/types\/product"}],"version-history":[{"count":1,"href":"https:\/\/www.irdin.org.br\/site\/wp-json\/wp\/v2\/product\/108045\/revisions"}],"predecessor-version":[{"id":108050,"href":"https:\/\/www.irdin.org.br\/site\/wp-json\/wp\/v2\/product\/108045\/revisions\/108050"}],"wp:featuredmedia":[{"embeddable":true,"href":"https:\/\/www.irdin.org.br\/site\/wp-json\/wp\/v2\/media\/108047"}],"wp:attachment":[{"href":"https:\/\/www.irdin.org.br\/site\/wp-json\/wp\/v2\/media?parent=108045"}],"wp:term":[{"taxonomy":"product_brand","embeddable":true,"href":"https:\/\/www.irdin.org.br\/site\/wp-json\/wp\/v2\/product_brand?post=108045"},{"taxonomy":"product_cat","embeddable":true,"href":"https:\/\/www.irdin.org.br\/site\/wp-json\/wp\/v2\/product_cat?post=108045"},{"taxonomy":"product_tag","embeddable":true,"href":"https:\/\/www.irdin.org.br\/site\/wp-json\/wp\/v2\/product_tag?post=108045"}],"curies":[{"name":"wp","href":"https:\/\/api.w.org\/{rel}","templated":true}]}}