{"id":108051,"date":"2025-03-11T16:32:15","date_gmt":"2025-03-11T16:32:15","guid":{"rendered":"https:\/\/www.irdin.org.br\/site\/?post_type=product&#038;p=108051"},"modified":"2026-04-14T08:44:37","modified_gmt":"2026-04-14T11:44:37","slug":"9786588468821","status":"publish","type":"product","link":"https:\/\/www.irdin.org.br\/site\/produtos\/9786588468821\/","title":{"rendered":"Conversas sobre Trigueirinho &#8211; Figueira Revela-se &#8211; Livro 4"},"content":{"rendered":"<p>Planeta afora, chegou a hora de consci\u00eancias humanas tornarem-se mais receptivas a impulsos luminosos. Para facilitar esse despertar, Jos\u00e9Trigueirinho doou-se integralmente durante meio s\u00e9culo.O 4\u00ba volume de Conversas sobre Trigueirinho \u2014 Figueira Revela-se, elucida novas passagens da evolu\u00e7\u00e3o do destino do s\u00e1bio palestrante eautor de 84 livros, que abriu caminhos entre o mundo concreto e o interno. O tesouro espiritual que deixou permite-nos entender a vida emescala planet\u00e1ria e c\u00f3smica.Em 1987, ele fundou a Comunidade-Luz Figueira, que prossegue como tema desta obra. Falas de amigos e colaboradores contam viv\u00eanciasadmir\u00e1veis junto \u00e0quele que consideram mestre e as do dia a dia grupal.A narra\u00e7\u00e3o iniciada nos livros anteriores continua a deslizar por um mar de hist\u00f3rias. Informam outras faces da g\u00eanese e da forma\u00e7\u00e3o din\u00e2micado ambiente sagrado, em harmonia com os Reinos da Natureza, a vida grupal evolutiva de Figueira, a cura interna e externa l\u00e1 exercida, o amorpela m\u00fasica, atividades com m\u00faltiplos significados, como a Rede de Servi\u00e7o e o Setor Emerg\u00eancias.Criada para orientar buscadores da verdade, cursos, palestras, hospedagem e alimenta\u00e7\u00e3o s\u00e3o ofertados sem custo. Espelhadas naassocia\u00e7\u00e3o civil sem v\u00ednculos com religi\u00e3o constitu\u00edda, outras Comunidades-Luz e uma extensa rede de associa\u00e7\u00f5es altru\u00edstasnasceram na Argentina, Brasil, Estados Unidos, Portugal, Uruguai.<\/p>\n<p><a class=\"pdf\" href=\"\/pdf\/Conversas sobre Trigueirinho Figueira Revelase_WEB.pdf\" target=\"_blank\" rel=\"noopener\">Baixar Gratuitamente<\/a><\/p>\n<p><iframe loading=\"lazy\" title=\"CONVERSAS SOBRE TRIGUEIRINHO - FIGUEIRA REVELA-SE\" width=\"500\" height=\"281\" src=\"https:\/\/www.youtube.com\/embed\/x6r0jOnzTS8?feature=oembed\" frameborder=\"0\" allow=\"accelerometer; autoplay; clipboard-write; encrypted-media; gyroscope; picture-in-picture; web-share\" referrerpolicy=\"strict-origin-when-cross-origin\" allowfullscreen><\/iframe><\/p>\n","protected":false},"excerpt":{"rendered":"<p>Planeta afora, chegou a hora de consci\u00eancias humanas tornarem-se mais receptivas a impulsos luminosos. Para facilitar esse despertar, Jos\u00e9Trigueirinho doou-se<\/p>\n","protected":false},"featured_media":108052,"template":"","meta":{"_acf_changed":false},"product_brand":[],"product_cat":[33286,17972],"product_tag":[44138],"class_list":{"0":"post-108051","1":"product","2":"type-product","3":"status-publish","4":"has-post-thumbnail","6":"product_cat-livro","7":"product_cat-livros-livro","8":"product_tag-destaque","9":"pa_autor-ana-regina-nogueira","10":"pa_codigo-de-barras-44200","11":"pa_edicao-17979","12":"pa_idioma-de-destino-portugues","13":"pa_idioma-de-origem-portugues","14":"pa_lancamento-yes","15":"pa_midia-papel","16":"pa_produto-fisico","17":"pa_quantidade-de-paginas-44199","19":"first","20":"instock","21":"featured","22":"purchasable","23":"product-type-simple"},"acf":[],"_links":{"self":[{"href":"https:\/\/www.irdin.org.br\/site\/wp-json\/wp\/v2\/product\/108051","targetHints":{"allow":["GET"]}}],"collection":[{"href":"https:\/\/www.irdin.org.br\/site\/wp-json\/wp\/v2\/product"}],"about":[{"href":"https:\/\/www.irdin.org.br\/site\/wp-json\/wp\/v2\/types\/product"}],"version-history":[{"count":3,"href":"https:\/\/www.irdin.org.br\/site\/wp-json\/wp\/v2\/product\/108051\/revisions"}],"predecessor-version":[{"id":109839,"href":"https:\/\/www.irdin.org.br\/site\/wp-json\/wp\/v2\/product\/108051\/revisions\/109839"}],"wp:featuredmedia":[{"embeddable":true,"href":"https:\/\/www.irdin.org.br\/site\/wp-json\/wp\/v2\/media\/108052"}],"wp:attachment":[{"href":"https:\/\/www.irdin.org.br\/site\/wp-json\/wp\/v2\/media?parent=108051"}],"wp:term":[{"taxonomy":"product_brand","embeddable":true,"href":"https:\/\/www.irdin.org.br\/site\/wp-json\/wp\/v2\/product_brand?post=108051"},{"taxonomy":"product_cat","embeddable":true,"href":"https:\/\/www.irdin.org.br\/site\/wp-json\/wp\/v2\/product_cat?post=108051"},{"taxonomy":"product_tag","embeddable":true,"href":"https:\/\/www.irdin.org.br\/site\/wp-json\/wp\/v2\/product_tag?post=108051"}],"curies":[{"name":"wp","href":"https:\/\/api.w.org\/{rel}","templated":true}]}}