{"id":108064,"date":"2025-03-11T17:09:45","date_gmt":"2025-03-11T17:09:45","guid":{"rendered":"https:\/\/www.irdin.org.br\/site\/?post_type=product&#038;p=108064"},"modified":"2026-04-15T07:53:22","modified_gmt":"2026-04-15T10:53:22","slug":"9786588468807","status":"publish","type":"product","link":"https:\/\/www.irdin.org.br\/site\/produtos\/9786588468807\/","title":{"rendered":"Jornadas pelo Mundo da Cura"},"content":{"rendered":"<p>O autor deste livro, no trabalho que desenvolveu na Comunidade-Luz Figueira, foi percebendo qu\u00e3o inumer\u00e1veis gra\u00e7as e b\u00ean\u00e7\u00e3os ia recebendo em meio \u00e0 grande car\u00eancia e mis\u00e9ria que se espalham pelo mundo. Por sua experi\u00eancia demonstra que todas as verdadeiras necessidades s\u00e3o supridas ao estabelecermos sintonia com a Fonte da Vida. \u00c9 um raro depoimento, repleto de boas sugest\u00f5es: como curar a si mesmo, como renovar a pr\u00f3pria coliga\u00e7\u00e3o com o mundo interior e como valer-se dos sonhos nesses processos. Apresenta tratamento, ao alcance de todos, de dist\u00farbios do p\u00e2ncreas, enxaqueca, asma e medo, entre outras enfermidades. A reconstru\u00e7\u00e3o dos padr\u00f5es energ\u00e9ticos, a transmuta\u00e7\u00e3o das for\u00e7as da in\u00e9rcia, a dissolu\u00e7\u00e3o da tend\u00eancia \u00e0 esclerose, a restaura\u00e7\u00e3o da rede vascular, o apoio \u00e0 din\u00e2mica card\u00edaca, a sublima\u00e7\u00e3o da energia sexual e o alongamento da musculatura ocular s\u00e3o alguns dos temas desenvolvidos, com suavidade e efici\u00eancia, ao lado de preciosos pensamentos imbu\u00eddos de puro amor espiritual. Aos que se dedica a pesquisas m\u00e9dicas e aos que empreendem o caminho do autoconhecimento, esta \u00e9 uma obra indispens\u00e1vel.<\/p>\n<p><a class=\"pdf\" href=\"\/pdf\/Jornadas pelo Mundo da Cura_WEB.pdf\" target=\"_blank\" rel=\"noopener\">Baixar Gratuitamente<\/a><\/p>\n<p><iframe loading=\"lazy\" title=\"JORNADAS PELO MUNDO DA CURA - LAN\u00c7AMENTO IRDIN EDITORA\" width=\"500\" height=\"281\" src=\"https:\/\/www.youtube.com\/embed\/_ahg22jkVKY?feature=oembed\" frameborder=\"0\" allow=\"accelerometer; autoplay; clipboard-write; encrypted-media; gyroscope; picture-in-picture; web-share\" referrerpolicy=\"strict-origin-when-cross-origin\" allowfullscreen><\/iframe><\/p>\n","protected":false},"excerpt":{"rendered":"<p>O autor deste livro, no trabalho que desenvolveu na Comunidade-Luz Figueira, foi percebendo qu\u00e3o inumer\u00e1veis gra\u00e7as e b\u00ean\u00e7\u00e3os ia recebendo<\/p>\n","protected":false},"featured_media":108065,"template":"","meta":{"_acf_changed":false},"product_brand":[],"product_cat":[33286,17972],"product_tag":[44138],"class_list":{"0":"post-108064","1":"product","2":"type-product","3":"status-publish","4":"has-post-thumbnail","6":"product_cat-livro","7":"product_cat-livros-livro","8":"product_tag-destaque","9":"pa_autor-frei-ameino-clemente","10":"pa_classe-do-produto-fisico","11":"pa_codigo-de-barras-44202","12":"pa_idioma-de-destino-portugues","13":"pa_lancamento-yes","14":"pa_midia-papel","15":"pa_moac-33446","16":"pa_quantidade-de-paginas-22091","17":"pa_quantidade-de-saldo-33279","18":"pa_tipo-de-traducao-nao-classificado","20":"first","21":"instock","22":"featured","23":"purchasable","24":"product-type-simple"},"acf":[],"_links":{"self":[{"href":"https:\/\/www.irdin.org.br\/site\/wp-json\/wp\/v2\/product\/108064","targetHints":{"allow":["GET"]}}],"collection":[{"href":"https:\/\/www.irdin.org.br\/site\/wp-json\/wp\/v2\/product"}],"about":[{"href":"https:\/\/www.irdin.org.br\/site\/wp-json\/wp\/v2\/types\/product"}],"version-history":[{"count":4,"href":"https:\/\/www.irdin.org.br\/site\/wp-json\/wp\/v2\/product\/108064\/revisions"}],"predecessor-version":[{"id":109757,"href":"https:\/\/www.irdin.org.br\/site\/wp-json\/wp\/v2\/product\/108064\/revisions\/109757"}],"wp:featuredmedia":[{"embeddable":true,"href":"https:\/\/www.irdin.org.br\/site\/wp-json\/wp\/v2\/media\/108065"}],"wp:attachment":[{"href":"https:\/\/www.irdin.org.br\/site\/wp-json\/wp\/v2\/media?parent=108064"}],"wp:term":[{"taxonomy":"product_brand","embeddable":true,"href":"https:\/\/www.irdin.org.br\/site\/wp-json\/wp\/v2\/product_brand?post=108064"},{"taxonomy":"product_cat","embeddable":true,"href":"https:\/\/www.irdin.org.br\/site\/wp-json\/wp\/v2\/product_cat?post=108064"},{"taxonomy":"product_tag","embeddable":true,"href":"https:\/\/www.irdin.org.br\/site\/wp-json\/wp\/v2\/product_tag?post=108064"}],"curies":[{"name":"wp","href":"https:\/\/api.w.org\/{rel}","templated":true}]}}