{"id":110028,"date":"2025-10-18T15:07:27","date_gmt":"2025-10-18T18:07:27","guid":{"rendered":"https:\/\/www.irdin.org.br\/site\/?post_type=product&#038;p=110028"},"modified":"2026-05-06T09:46:30","modified_gmt":"2026-05-06T12:46:30","slug":"a-regeneraca-do-solo","status":"publish","type":"product","link":"https:\/\/www.irdin.org.br\/site\/produtos\/a-regeneraca-do-solo\/","title":{"rendered":"A Regenera\u00e7\u00e3o do Solo &#8211; Aos que cuidam do solo e zelam pela sua evolu\u00e7\u00e3o"},"content":{"rendered":"<p>A partir de uma perspectiva ampla e com a ousadia que caracteriza os trabalhos do autor, voltados para aplica\u00e7\u00e3o da ci\u00eancia c\u00f3smica a diversos setores da vida cotidiana, este livro apresenta um programa inovador de regenera\u00e7\u00e3o do solo que busca reavivar na mem\u00f3ria celular de sementes e plantas o seu estado original. Descreve detalhada e didaticamente a concep\u00e7\u00e3o, elabora\u00e7\u00e3o e aplica\u00e7\u00e3o de dois preparados que reproduzem os impulsos dos elementos minerais, vegetais e animais presentes na origem remota da Terra: o Ur-Caldo e o Georregenerador, contribuindo assim para a abertura de novos campos de colabora\u00e7\u00e3o do Reino D\u00e9vico e do Reino Elemental com o ser humano.<\/p>\n<p><a class=\"pdf\" href=\"\/pdf\/A Regeneracao do Solo_WEB.pdf\" target=\"_blank\" rel=\"noopener\">Baixar Gratuitamente<\/a><\/p>\n<p><iframe loading=\"lazy\" title=\"LAN\u00c7AMENTO - A REGENERA\u00c7\u00c3O DO SOLO | FREI AMEINO\" width=\"500\" height=\"281\" src=\"https:\/\/www.youtube.com\/embed\/2i3LC2YRIGY?feature=oembed\" frameborder=\"0\" allow=\"accelerometer; autoplay; clipboard-write; encrypted-media; gyroscope; picture-in-picture; web-share\" referrerpolicy=\"strict-origin-when-cross-origin\" allowfullscreen><\/iframe><\/p>\n","protected":false},"excerpt":{"rendered":"<p>A partir de uma perspectiva ampla e com a ousadia que caracteriza os trabalhos do autor, voltados para aplica\u00e7\u00e3o da<\/p>\n","protected":false},"featured_media":110038,"template":"","meta":{"_acf_changed":false},"product_brand":[],"product_cat":[33286,17972],"product_tag":[44138],"class_list":{"0":"post-110028","1":"product","2":"type-product","3":"status-publish","4":"has-post-thumbnail","6":"product_cat-livro","7":"product_cat-livros-livro","8":"product_tag-destaque","9":"pa_autor-frei-ameino-clemente","10":"pa_classe-do-produto-fisico","11":"pa_codigo-de-barras-44243","12":"pa_idioma-de-destino-portugues","13":"pa_lancamento-yes","14":"pa_midia-papel","15":"pa_moac-33446","16":"pa_quantidade-de-paginas-17989","17":"pa_quantidade-de-saldo-33279","18":"pa_tipo-de-traducao-nao-classificado","20":"first","21":"instock","22":"featured","23":"purchasable","24":"product-type-simple"},"acf":[],"_links":{"self":[{"href":"https:\/\/www.irdin.org.br\/site\/wp-json\/wp\/v2\/product\/110028","targetHints":{"allow":["GET"]}}],"collection":[{"href":"https:\/\/www.irdin.org.br\/site\/wp-json\/wp\/v2\/product"}],"about":[{"href":"https:\/\/www.irdin.org.br\/site\/wp-json\/wp\/v2\/types\/product"}],"version-history":[{"count":5,"href":"https:\/\/www.irdin.org.br\/site\/wp-json\/wp\/v2\/product\/110028\/revisions"}],"predecessor-version":[{"id":110058,"href":"https:\/\/www.irdin.org.br\/site\/wp-json\/wp\/v2\/product\/110028\/revisions\/110058"}],"wp:featuredmedia":[{"embeddable":true,"href":"https:\/\/www.irdin.org.br\/site\/wp-json\/wp\/v2\/media\/110038"}],"wp:attachment":[{"href":"https:\/\/www.irdin.org.br\/site\/wp-json\/wp\/v2\/media?parent=110028"}],"wp:term":[{"taxonomy":"product_brand","embeddable":true,"href":"https:\/\/www.irdin.org.br\/site\/wp-json\/wp\/v2\/product_brand?post=110028"},{"taxonomy":"product_cat","embeddable":true,"href":"https:\/\/www.irdin.org.br\/site\/wp-json\/wp\/v2\/product_cat?post=110028"},{"taxonomy":"product_tag","embeddable":true,"href":"https:\/\/www.irdin.org.br\/site\/wp-json\/wp\/v2\/product_tag?post=110028"}],"curies":[{"name":"wp","href":"https:\/\/api.w.org\/{rel}","templated":true}]}}