{"id":110107,"date":"2025-12-21T21:34:14","date_gmt":"2025-12-22T00:34:14","guid":{"rendered":"https:\/\/www.irdin.org.br\/site\/?post_type=product&#038;p=110107"},"modified":"2026-05-06T09:47:22","modified_gmt":"2026-05-06T12:47:22","slug":"da-origem-a-origem","status":"publish","type":"product","link":"https:\/\/www.irdin.org.br\/site\/produtos\/da-origem-a-origem\/","title":{"rendered":"Da Origem \u00e0 Origem &#8211; Hist\u00f3ria e Vida de S\u00e3o Jos\u00e9: A Hist\u00f3ria do Cora\u00e7\u00e3o Humano"},"content":{"rendered":"<p>Esta \u00e9 uma obra em que o amado Instrutor Divino nos conta Sua hist\u00f3ria, atrav\u00e9s de mensagens di\u00e1rias transmitidas por interm\u00e9dio da monja vidente, Irm\u00e3 Luc\u00eda de Jes\u00fas, narrando experi\u00eancias que transcendem a vida terrestre. Com o intuito de nos ajudar a compreender os mist\u00e9rios do cosmos e de nossa vida interior, S\u00e3o Jos\u00e9, como Instrutor da humanidade, faz um relato de Suas viv\u00eancias no planeta Terra e al\u00e9m dele, no Tempo Real do Universo.<\/p>\n<p>Esclarecimentos sobre as diferentes eras do planeta Terra, as civiliza\u00e7\u00f5es que aqui se expressaram, a vida simples de Jos\u00e9 de Nazar\u00e9 e da Sagrada Fam\u00edlia, e Seus aprendizados em diferentes momentos de Sua evolu\u00e7\u00e3o \u2013 desde sua Origem no seio da Cria\u00e7\u00e3o at\u00e9 sua plena Comunh\u00e3o com o Criador \u2013 s\u00e3o apresentados de forma simples e acess\u00edvel a todos que aspiram a encontrar o caminho de Retorno ao Pai e buscam sua Uni\u00e3o com Ele.<\/p>\n<p>[Palavras de S\u00e3o Jos\u00e9 Cast\u00edssimo, pr\u00f3logo]<\/p>\n<p>&#8220;Filhos, esta n\u00e3o \u00e9 apenas Minha hist\u00f3ria, \u00e9 tamb\u00e9m a hist\u00f3ria de todo aquele que vive na Terra nestes tempos, porque suas vidas n\u00e3o come\u00e7aram quando foram gestados nos ventres de suas m\u00e3es e n\u00e3o terminar\u00e3o quando seus corpos f\u00edsicos sejam devolvidos para a terra.&#8221;<\/p>\n<p>Aqui os conduzo da Origem para a Origem, para o tempo do n\u00e3o tempo, onde poder\u00e3o sentir que tudo o que foi e o que ser\u00e1 j\u00e1 \u00e9. Descobrir\u00e3o que o passado e o futuro est\u00e3o unidos no resultado do que s\u00e3o hoje.<\/p>\n<p>A cada dia, t\u00eam, diante de si, a possibilidade de curar o passado e transformar o futuro; basta que mudem o que s\u00e3o agora.&#8221;<\/p>\n<p>&nbsp;<\/p>\n<p><a class=\"pdf\" href=\"\/pdf\/Origem_a_Origem_WEB.pdf\" target=\"_blank\" rel=\"noopener\">Baixar Gratuitamente<\/a><\/p>\n<p>&nbsp;<\/p>\n<p><iframe loading=\"lazy\" title=\"LAN\u00c7AMENTO! DA ORIGEM \u00c0 ORIGEM. HIST\u00d3RIA E VIDA DE S\u00c3O JOS\u00c9: A HIST\u00d3RIA DO CORA\u00c7\u00c3O HUMANO.\" width=\"500\" height=\"281\" src=\"https:\/\/www.youtube.com\/embed\/3L3bX6Heks0?feature=oembed\" frameborder=\"0\" allow=\"accelerometer; autoplay; clipboard-write; encrypted-media; gyroscope; picture-in-picture; web-share\" referrerpolicy=\"strict-origin-when-cross-origin\" allowfullscreen><\/iframe><\/p>\n","protected":false},"excerpt":{"rendered":"<p>Esta \u00e9 uma obra em que o amado Instrutor Divino nos conta Sua hist\u00f3ria, atrav\u00e9s de mensagens di\u00e1rias transmitidas por<\/p>\n","protected":false},"featured_media":110697,"template":"","meta":{"_acf_changed":false},"product_brand":[],"product_cat":[33286,17972],"product_tag":[44138],"class_list":{"0":"post-110107","1":"product","2":"type-product","3":"status-publish","4":"has-post-thumbnail","6":"product_cat-livro","7":"product_cat-livros-livro","8":"product_tag-destaque","9":"pa_autor-irma-lucia-de-jesus","10":"pa_autor-trigueirinho","11":"pa_data-de-edicao-44245","12":"pa_edicao-17979","13":"pa_produto-fisico","14":"pa_quantidade-de-paginas-44250","16":"first","17":"instock","18":"featured","19":"purchasable","20":"product-type-simple"},"acf":[],"_links":{"self":[{"href":"https:\/\/www.irdin.org.br\/site\/wp-json\/wp\/v2\/product\/110107","targetHints":{"allow":["GET"]}}],"collection":[{"href":"https:\/\/www.irdin.org.br\/site\/wp-json\/wp\/v2\/product"}],"about":[{"href":"https:\/\/www.irdin.org.br\/site\/wp-json\/wp\/v2\/types\/product"}],"version-history":[{"count":12,"href":"https:\/\/www.irdin.org.br\/site\/wp-json\/wp\/v2\/product\/110107\/revisions"}],"predecessor-version":[{"id":110698,"href":"https:\/\/www.irdin.org.br\/site\/wp-json\/wp\/v2\/product\/110107\/revisions\/110698"}],"wp:featuredmedia":[{"embeddable":true,"href":"https:\/\/www.irdin.org.br\/site\/wp-json\/wp\/v2\/media\/110697"}],"wp:attachment":[{"href":"https:\/\/www.irdin.org.br\/site\/wp-json\/wp\/v2\/media?parent=110107"}],"wp:term":[{"taxonomy":"product_brand","embeddable":true,"href":"https:\/\/www.irdin.org.br\/site\/wp-json\/wp\/v2\/product_brand?post=110107"},{"taxonomy":"product_cat","embeddable":true,"href":"https:\/\/www.irdin.org.br\/site\/wp-json\/wp\/v2\/product_cat?post=110107"},{"taxonomy":"product_tag","embeddable":true,"href":"https:\/\/www.irdin.org.br\/site\/wp-json\/wp\/v2\/product_tag?post=110107"}],"curies":[{"name":"wp","href":"https:\/\/api.w.org\/{rel}","templated":true}]}}