{"id":110119,"date":"2025-12-23T20:38:54","date_gmt":"2025-12-23T23:38:54","guid":{"rendered":"https:\/\/www.irdin.org.br\/site\/?post_type=product&#038;p=110119"},"modified":"2026-03-27T13:52:05","modified_gmt":"2026-03-27T16:52:05","slug":"del-origen-al-origen","status":"publish","type":"product","link":"https:\/\/www.irdin.org.br\/site\/produtos\/del-origen-al-origen\/","title":{"rendered":"Del Origen al Origen &#8211; Historia y Vida de San Jos\u00e9: La Historia del Coraz\u00f3n Humano"},"content":{"rendered":"<p>Esta es una obra en la que el amado Instructor Divino nos cuenta Su historia, a trav\u00e9s de mensajes diarios transmitidos por medio de la monja vidente, Hermana Luc\u00eda de Jes\u00fas, narrando experiencias que trascienden la vida terrenal. Con el fin de ayudarnos a comprender los misterios del Cosmos y de nuestra vida interior, San Jos\u00e9, como Instructor de la humanidad, relata Sus vivencias en el planeta Tierra y m\u00e1s all\u00e1 de \u00e9l, en el Tiempo Real del Universo.<\/p>\n<p>Aclaraciones sobre las diferentes eras del planeta Tierra, las civilizaciones que aqu\u00ed se expresaron, la vida sencilla de Jos\u00e9 de Nazaret y la Sagrada Familia, y Sus aprendizajes en diferentes momentos de Su evoluci\u00f3n \u2014desde Su Origen en el seno de la Creaci\u00f3n hasta Su plena Comuni\u00f3n con el Creador\u2014 se presentan de forma sencilla y accesible para todos aquellos que aspiran a encontrar el camino de Regreso al Padre y buscan su Uni\u00f3n con \u00c9l.<\/p>\n<p>[El texto que aparece a continuaci\u00f3n es del propio libro, Pr\u00f3logo]<\/p>\n<p>\u00abHijos, esta no es solo mi historia, es tambi\u00e9n la historia de todos los que viven en la Tierra en estos tiempos, porque sus vidas no comenzaron cuando fueron gestadas en los vientres de sus madres y no terminar\u00e1n cuando sus cuerpos f\u00edsicos sean devueltos a la tierra.<\/p>\n<p>Aqu\u00ed los conduzco desde el Origen hasta el Origen, al tiempo del no tiempo, donde podr\u00e1n sentir que todo lo que fue y lo que ser\u00e1 ya es. Descubrir\u00e1n que el pasado y el futuro est\u00e1n unidos en el resultado de lo que son hoy.<\/p>\n<p>Cada d\u00eda tienen ante s\u00ed la posibilidad de sanar el pasado y transformar el futuro; basta con que cambien lo que son ahora\u00bb.<\/p>\n<p>&nbsp;<\/p>\n<p><a class=\"pdf\" href=\"\/pdf\/Del Origen al Origen_WEB.pdf\" target=\"_blank\" rel=\"noopener\">Baixar Gratuitamente<\/a><\/p>\n<p>&nbsp;<\/p>\n<p><iframe loading=\"lazy\" title=\"LAN\u00c7AMENTO! DA ORIGEM \u00c0 ORIGEM. HIST\u00d3RIA E VIDA DE S\u00c3O JOS\u00c9: A HIST\u00d3RIA DO CORA\u00c7\u00c3O HUMANO.\" width=\"500\" height=\"281\" src=\"https:\/\/www.youtube.com\/embed\/3L3bX6Heks0?feature=oembed\" frameborder=\"0\" allow=\"accelerometer; autoplay; clipboard-write; encrypted-media; gyroscope; picture-in-picture; web-share\" referrerpolicy=\"strict-origin-when-cross-origin\" allowfullscreen><\/iframe><\/p>\n","protected":false},"excerpt":{"rendered":"<p>Esta es una obra en la que el amado Instructor Divino nos cuenta Su historia, a trav\u00e9s de mensajes diarios<\/p>\n","protected":false},"featured_media":110695,"template":"","meta":{"_acf_changed":false},"product_brand":[],"product_cat":[33286,17972],"product_tag":[44149],"class_list":{"0":"post-110119","1":"product","2":"type-product","3":"status-publish","4":"has-post-thumbnail","6":"product_cat-livro","7":"product_cat-livros-livro","8":"product_tag-lancamento","9":"pa_autor-irma-lucia-de-jesus","10":"pa_autor-trigueirinho","11":"pa_data-de-edicao-44245","12":"pa_edicao-17979","13":"pa_produto-fisico","14":"pa_quantidade-de-paginas-44251","16":"first","17":"outofstock","18":"purchasable","19":"product-type-simple"},"acf":[],"_links":{"self":[{"href":"https:\/\/www.irdin.org.br\/site\/wp-json\/wp\/v2\/product\/110119","targetHints":{"allow":["GET"]}}],"collection":[{"href":"https:\/\/www.irdin.org.br\/site\/wp-json\/wp\/v2\/product"}],"about":[{"href":"https:\/\/www.irdin.org.br\/site\/wp-json\/wp\/v2\/types\/product"}],"version-history":[{"count":6,"href":"https:\/\/www.irdin.org.br\/site\/wp-json\/wp\/v2\/product\/110119\/revisions"}],"predecessor-version":[{"id":110694,"href":"https:\/\/www.irdin.org.br\/site\/wp-json\/wp\/v2\/product\/110119\/revisions\/110694"}],"wp:featuredmedia":[{"embeddable":true,"href":"https:\/\/www.irdin.org.br\/site\/wp-json\/wp\/v2\/media\/110695"}],"wp:attachment":[{"href":"https:\/\/www.irdin.org.br\/site\/wp-json\/wp\/v2\/media?parent=110119"}],"wp:term":[{"taxonomy":"product_brand","embeddable":true,"href":"https:\/\/www.irdin.org.br\/site\/wp-json\/wp\/v2\/product_brand?post=110119"},{"taxonomy":"product_cat","embeddable":true,"href":"https:\/\/www.irdin.org.br\/site\/wp-json\/wp\/v2\/product_cat?post=110119"},{"taxonomy":"product_tag","embeddable":true,"href":"https:\/\/www.irdin.org.br\/site\/wp-json\/wp\/v2\/product_tag?post=110119"}],"curies":[{"name":"wp","href":"https:\/\/api.w.org\/{rel}","templated":true}]}}