{"id":82575,"date":"2018-04-26T18:07:49","date_gmt":"2018-04-26T18:07:49","guid":{"rendered":"http:\/\/www.irdin.org.br\/site\/produto\/conversas-com-trigueirinho-no-312\/"},"modified":"2025-03-16T01:16:49","modified_gmt":"2025-03-16T01:16:49","slug":"conversas-com-trigueirinho-no-312","status":"publish","type":"product","link":"https:\/\/www.irdin.org.br\/site\/produtos\/conversas-com-trigueirinho-no-312\/","title":{"rendered":"Conversas com Trigueirinho n\u00ba 312"},"content":{"rendered":"<p>Trabalho no tear \/ Forma\u00e7\u00e3o do corpo de luz \/ Ciclos da vida \/ Preparo para o novo c\u00f3digo gen\u00e9tico \/ N\u00e3o resistir a mudan\u00e7as \/ \u00c9 poss\u00edvel deixar de reencarnar? \/ Sonhos involutivos \/ Transi\u00e7\u00e3o para o vegetarianismo \/ Carma e efeitos da dieta com carnes \/ Leite e ovos na alimenta\u00e7\u00e3o \/ Aux\u00edlio a doentes \/ Ningu\u00e9m \u00e9 m\u00e9dico na pr\u00f3pria casa&#8221; \/ Servir pela ora\u00e7\u00e3o desinteressada \/ Ser luz                                                                                                                                                                                                                                                                                                                                                                                                                                                                                                                                                                                                                                                                                                                                                                                                                                                                                                                                                                                                                                                                                                                                                                                                                                                                                                                                                                                                                                                                                                                                                                                                                                                                                                                                                                                                                                                                                                                                                                                                                                                                                                                                                                                                                                                                                                                                                                                                                                                                                                                                                                                                                                                                                                                                                                                                                                                                                                                                                                                                                                                                                                                                                                                                                                                                                                                                                                                                                                                                                                                                                                                                                                                                                                                                                                                                                                                                                                                                                                                                                                                                                                                                                                                                                                                                                                                                                                                                                                                                                                                                                                                                                                                                                                                                                                                                                                                                                                                                                                                                                                                                                                                                                                                                                                                                                                                                                                                                                                                                                                                                                                                                                                                                                                                                                                                                                                                                                                                                                                                                                                                                                                                                                                                                                                                                                                                                                                                                                                                                                                                                                                                                                                                                                                                                                                                                                                                                                                                                                                                                                                                                                                                                                                                                                                                                                                                                                                                                                                                                                                                                                                                                                                                                                                                                                                                                                                                                                                                                                                                                                                                                                                                                &#8221;<\/p>\n<p>&nbsp;<\/p>\n<p>&nbsp;<br \/>\n<strong>Ou\u00e7a agora:<\/strong><\/p>\n<p><span data-href=\"https:\/\/www.irdin.org.br\/site\/envios\/audios\/0023_0312__por_por__conversas_com_trigueirinho_n312.mp3\" data-title=\"Conversas com Trigueirinho n\u00ba 312\" data-rel=\"\" data-target=\"\" data-meta=\"#fap-meta-69f39ff95fc9d\" class=\"fap-single-track fap-track-button fap-play-button\" data-enqueue=\"no\" data-autoenqueue=\"no\" title=\"Conversas com Trigueirinho n\u00ba 312\"><span class=\"fap-icon-play\"><\/span>Ouvir<\/span> <a href=\"https:\/\/www.irdin.org.br\/site\/envios\/audios\/0023_0312__por_por__conversas_com_trigueirinho_n312.mp3\" class=\"baixar\" download><span class=\"fa fa-arrow-down\"><\/span>Baixar<\/span><\/a> <span class=\"textobaixar\"> Conversas com Trigueirinho n\u00ba 312<\/span><\/p>\n","protected":false},"excerpt":{"rendered":"<p>Trabalho no tear \/ Forma\u00e7\u00e3o do corpo de luz \/ Ciclos da vida \/ Preparo para o novo c\u00f3digo gen\u00e9tico<\/p>\n","protected":false},"featured_media":37479,"template":"","meta":{"_acf_changed":false},"product_brand":[],"product_cat":[18076,33068],"product_tag":[],"class_list":{"0":"post-82575","1":"product","2":"type-product","3":"status-publish","4":"has-post-thumbnail","6":"product_cat-cddvd","7":"product_cat-palestras","8":"pa_autor-trigueirinho","9":"pa_codigo-da-serie-31985","10":"pa_codigo-de-barras-21607","11":"pa_codigo-externo-00230312porcd","12":"pa_data-de-edicao-25223","13":"pa_data-de-gravacao-21605","14":"pa_data-de-lancamento-25224","15":"pa_duracao-29min","16":"pa_idioma-de-destino-portugues","17":"pa_idioma-de-origem-portugues","18":"pa_lancamento-no","19":"pa_midia-cd","20":"pa_quantidade-de-saldo-33067","21":"pa_sequencial-da-serie-32646","22":"pa_tipo-de-traducao-nao-traduzido","24":"first","25":"outofstock","26":"product-type-simple"},"acf":[],"_links":{"self":[{"href":"https:\/\/www.irdin.org.br\/site\/wp-json\/wp\/v2\/product\/82575","targetHints":{"allow":["GET"]}}],"collection":[{"href":"https:\/\/www.irdin.org.br\/site\/wp-json\/wp\/v2\/product"}],"about":[{"href":"https:\/\/www.irdin.org.br\/site\/wp-json\/wp\/v2\/types\/product"}],"version-history":[{"count":1,"href":"https:\/\/www.irdin.org.br\/site\/wp-json\/wp\/v2\/product\/82575\/revisions"}],"predecessor-version":[{"id":109345,"href":"https:\/\/www.irdin.org.br\/site\/wp-json\/wp\/v2\/product\/82575\/revisions\/109345"}],"wp:featuredmedia":[{"embeddable":true,"href":"https:\/\/www.irdin.org.br\/site\/wp-json\/wp\/v2\/media\/37479"}],"wp:attachment":[{"href":"https:\/\/www.irdin.org.br\/site\/wp-json\/wp\/v2\/media?parent=82575"}],"wp:term":[{"taxonomy":"product_brand","embeddable":true,"href":"https:\/\/www.irdin.org.br\/site\/wp-json\/wp\/v2\/product_brand?post=82575"},{"taxonomy":"product_cat","embeddable":true,"href":"https:\/\/www.irdin.org.br\/site\/wp-json\/wp\/v2\/product_cat?post=82575"},{"taxonomy":"product_tag","embeddable":true,"href":"https:\/\/www.irdin.org.br\/site\/wp-json\/wp\/v2\/product_tag?post=82575"}],"curies":[{"name":"wp","href":"https:\/\/api.w.org\/{rel}","templated":true}]}}