{"id":82585,"date":"2018-04-26T18:08:08","date_gmt":"2018-04-26T18:08:08","guid":{"rendered":"http:\/\/www.irdin.org.br\/site\/produto\/conversas-com-trigueirinho-no-457\/"},"modified":"2025-03-16T01:13:36","modified_gmt":"2025-03-16T01:13:36","slug":"conversas-com-trigueirinho-no-457","status":"publish","type":"product","link":"https:\/\/www.irdin.org.br\/site\/produtos\/conversas-com-trigueirinho-no-457\/","title":{"rendered":"Conversas com Trigueirinho n\u00ba 457"},"content":{"rendered":"<p>Apiterapia \/ Cura por meios naturais \/ Eucaliptos \/ Conversa com animais \/ Rever\u00eancia \/ Crema\u00e7\u00e3o ou sepultamento? \/ Aborto provocado \/ Ningu\u00e9m \u00e9 m\u00e9dico na pr\u00f3pria casa&#8221; \/ Impulso inconsciente para o caminho espiritual \/ Profecias e livre-arb\u00edtrio \/ Posi\u00e7\u00f5es corporais para circula\u00e7\u00e3o da energia \/ A palavra \u0093pai\u0094 \/ Reconhecimento de lugares a que se vai pela primeira vez \/ Lei da obedi\u00eancia                                                                                                                                                                                                                                                                                                                                                                                                                                                                                                                                                                                                                                                                                                                                                                                                                                                                                                                                                                                                                                                                                                                                                                                                                                                                                                                                                                                                                                                                                                                                                                                                                                                                                                                                                                                                                                                                                                                                                                                                                                                                                                                                                                                                                                                                                                                                                                                                                                                                                                                                                                                                                                                                                                                                                                                                                                                                                                                                                                                                                                                                                                                                                                                                                                                                                                                                                                                                                                                                                                                                                                                                                                                                                                                                                                                                                                                                                                                                                                                                                                                                                                                                                                                                                                                                                                                                                                                                                                                                                                                                                                                                                                                                                                                                                                                                                                                                                                                                                                                                                                                                                                                                                                                                                                                                                                                                                                                                                                                                                                                                                                                                                                                                                                                                                                                                                                                                                                                                                                                                                                                                                                                                                                                                                                                                                                                                                                                                                                                                                                                                                                                                                                                                                                                                                                                                                                                                                                                                                                                                                                                                                                                                                                                                                                                                                                                                                                                                                                                                                                                                                                                                                                                                                                                                                                                                                                                                                                                                                                                                                                                                                                                         &#8221;<\/p>\n<p>&nbsp;<\/p>\n<p>&nbsp;<br \/>\n<strong>Ou\u00e7a agora:<\/strong><\/p>\n<p><span data-href=\"https:\/\/www.irdin.org.br\/site\/envios\/audios\/0023_0457__por_por__conversas_com_trigueirinho_n457.mp3\" data-title=\"Conversas com Trigueirinho n\u00ba 457\" data-rel=\"\" data-target=\"\" data-meta=\"#fap-meta-69e485349cf48\" class=\"fap-single-track fap-track-button fap-play-button\" data-enqueue=\"no\" data-autoenqueue=\"no\" title=\"Conversas com Trigueirinho n\u00ba 457\"><span class=\"fap-icon-play\"><\/span>Ouvir<\/span> <a href=\"https:\/\/www.irdin.org.br\/site\/envios\/audios\/0023_0457__por_por__conversas_com_trigueirinho_n457.mp3\" class=\"baixar\" download><span class=\"fa fa-arrow-down\"><\/span>Baixar<\/span><\/a> <span class=\"textobaixar\"> Conversas com Trigueirinho n\u00ba 457<\/span><\/p>\n","protected":false},"excerpt":{"rendered":"<p>Apiterapia \/ Cura por meios naturais \/ Eucaliptos \/ Conversa com animais \/ Rever\u00eancia \/ Crema\u00e7\u00e3o ou sepultamento? \/ Aborto<\/p>\n","protected":false},"featured_media":37479,"template":"","meta":{"_acf_changed":false},"product_brand":[],"product_cat":[18076,33068],"product_tag":[],"class_list":{"0":"post-82585","1":"product","2":"type-product","3":"status-publish","4":"has-post-thumbnail","6":"product_cat-cddvd","7":"product_cat-palestras","8":"pa_autor-trigueirinho","9":"pa_codigo-da-serie-31985","10":"pa_codigo-de-barras-28895","11":"pa_codigo-externo-00230457porcd","12":"pa_data-de-edicao-24656","13":"pa_data-de-gravacao-28892","14":"pa_data-de-lancamento-24657","15":"pa_duracao-34min","16":"pa_idioma-de-destino-portugues","17":"pa_idioma-de-origem-portugues","18":"pa_lancamento-no","19":"pa_midia-cd","20":"pa_quantidade-de-saldo-33067","21":"pa_sequencial-da-serie-32155","22":"pa_tipo-de-traducao-nao-traduzido","24":"first","25":"outofstock","26":"product-type-simple"},"acf":[],"_links":{"self":[{"href":"https:\/\/www.irdin.org.br\/site\/wp-json\/wp\/v2\/product\/82585","targetHints":{"allow":["GET"]}}],"collection":[{"href":"https:\/\/www.irdin.org.br\/site\/wp-json\/wp\/v2\/product"}],"about":[{"href":"https:\/\/www.irdin.org.br\/site\/wp-json\/wp\/v2\/types\/product"}],"version-history":[{"count":1,"href":"https:\/\/www.irdin.org.br\/site\/wp-json\/wp\/v2\/product\/82585\/revisions"}],"predecessor-version":[{"id":109330,"href":"https:\/\/www.irdin.org.br\/site\/wp-json\/wp\/v2\/product\/82585\/revisions\/109330"}],"wp:featuredmedia":[{"embeddable":true,"href":"https:\/\/www.irdin.org.br\/site\/wp-json\/wp\/v2\/media\/37479"}],"wp:attachment":[{"href":"https:\/\/www.irdin.org.br\/site\/wp-json\/wp\/v2\/media?parent=82585"}],"wp:term":[{"taxonomy":"product_brand","embeddable":true,"href":"https:\/\/www.irdin.org.br\/site\/wp-json\/wp\/v2\/product_brand?post=82585"},{"taxonomy":"product_cat","embeddable":true,"href":"https:\/\/www.irdin.org.br\/site\/wp-json\/wp\/v2\/product_cat?post=82585"},{"taxonomy":"product_tag","embeddable":true,"href":"https:\/\/www.irdin.org.br\/site\/wp-json\/wp\/v2\/product_tag?post=82585"}],"curies":[{"name":"wp","href":"https:\/\/api.w.org\/{rel}","templated":true}]}}