{"id":82606,"date":"2018-04-26T18:08:24","date_gmt":"2018-04-26T18:08:24","guid":{"rendered":"http:\/\/www.irdin.org.br\/site\/produto\/conversas-com-trigueirinho-no-478\/"},"modified":"2025-03-16T01:10:57","modified_gmt":"2025-03-16T01:10:57","slug":"conversas-com-trigueirinho-no-478","status":"publish","type":"product","link":"https:\/\/www.irdin.org.br\/site\/produtos\/conversas-com-trigueirinho-no-478\/","title":{"rendered":"Conversas com Trigueirinho n\u00ba 478"},"content":{"rendered":"<p>Vacila\u00e7\u00e3o diante de tarefas evolutivas \/ Medo e inseguran\u00e7a \/ Caos planet\u00e1rio \/ Celibato \/ Ativa\u00e7\u00e3o da energia Ono-Zone em n\u00f3s \/ Jesus, Cristo e Samana \/ A troca do c\u00f3digo gen\u00e9tico da humanidade \/ Que \u00e9 arte sacra \u0096 devo\u00e7\u00e3o pelo mist\u00e9rio \/ Pol\u00edtica e trabalho espiritual \/ Condi\u00e7\u00f5es atuais do planeta \/ Inclina\u00e7\u00e3o do eixo magn\u00e9tico da Terra \/ Humildade e harmonia                                                                                                                                                                                                                                                                                                                                                                                                                                                                                                                                                                                                                                                                                                                                                                                                                                                                                                                                                                                                                                                                                                                                                                                                                                                                                                                                                                                                                                                                                                                                                                                                                                                                                                                                                                                                                                                                                                                                                                                                                                                                                                                                                                                                                                                                                                                                                                                                                                                                                                                                                                                                                                                                                                                                                                                                                                                                                                                                                                                                                                                                                                                                                                                                                                                                                                                                                                                                                                                                                                                                                                                                                                                                                                                                                                                                                                                                                                                                                                                                                                                                                                                                                                                                                                                                                                                                                                                                                                                                                                                                                                                                                                                                                                                                                                                                                                                                                                                                                                                                                                                                                                                                                                                                                                                                                                                                                                                                                                                                                                                                                                                                                                                                                                                                                                                                                                                                                                                                                                                                                                                                                                                                                                                                                                                                                                                                                                                                                                                                                                                                                                                                                                                                                                                                                                                                                                                                                                                                                                                                                                                                                                                                                                                                                                                                                                                                                                                                                                                                                                                                                                                                                                                                                                                                                                                                                                                                                                                                                                                                                                                                                                                                                      <\/p>\n<p>&nbsp;<\/p>\n<p>&nbsp;<br \/>\n<strong>Ou\u00e7a agora:<\/strong><\/p>\n<p><span data-href=\"https:\/\/www.irdin.org.br\/site\/envios\/audios\/0023_0478__por_por__conversas_com_trigueirinho_n478.mp3\" data-title=\"Conversas com Trigueirinho n\u00ba 478\" data-rel=\"\" data-target=\"\" data-meta=\"#fap-meta-69ff365170e0e\" class=\"fap-single-track fap-track-button fap-play-button\" data-enqueue=\"no\" data-autoenqueue=\"no\" title=\"Conversas com Trigueirinho n\u00ba 478\"><span class=\"fap-icon-play\"><\/span>Ouvir<\/span> <a href=\"https:\/\/www.irdin.org.br\/site\/envios\/audios\/0023_0478__por_por__conversas_com_trigueirinho_n478.mp3\" class=\"baixar\" download><span class=\"fa fa-arrow-down\"><\/span>Baixar<\/span><\/a> <span class=\"textobaixar\"> Conversas com Trigueirinho n\u00ba 478<\/span><\/p>\n","protected":false},"excerpt":{"rendered":"<p>Vacila\u00e7\u00e3o diante de tarefas evolutivas \/ Medo e inseguran\u00e7a \/ Caos planet\u00e1rio \/ Celibato \/ Ativa\u00e7\u00e3o da energia Ono-Zone em<\/p>\n","protected":false},"featured_media":37479,"template":"","meta":{"_acf_changed":false},"product_brand":[],"product_cat":[18076,33068],"product_tag":[],"class_list":{"0":"post-82606","1":"product","2":"type-product","3":"status-publish","4":"has-post-thumbnail","6":"product_cat-cddvd","7":"product_cat-palestras","8":"pa_autor-trigueirinho","9":"pa_codigo-da-serie-31985","10":"pa_codigo-de-barras-28975","11":"pa_codigo-externo-00230478porcd","12":"pa_data-de-edicao-24777","13":"pa_data-de-gravacao-28972","14":"pa_data-de-lancamento-24778","15":"pa_duracao-35min","16":"pa_idioma-de-destino-portugues","17":"pa_idioma-de-origem-portugues","18":"pa_lancamento-no","19":"pa_midia-cd","20":"pa_quantidade-de-saldo-33067","21":"pa_sequencial-da-serie-32189","22":"pa_tipo-de-traducao-nao-traduzido","24":"first","25":"outofstock","26":"product-type-simple"},"acf":[],"_links":{"self":[{"href":"https:\/\/www.irdin.org.br\/site\/wp-json\/wp\/v2\/product\/82606","targetHints":{"allow":["GET"]}}],"collection":[{"href":"https:\/\/www.irdin.org.br\/site\/wp-json\/wp\/v2\/product"}],"about":[{"href":"https:\/\/www.irdin.org.br\/site\/wp-json\/wp\/v2\/types\/product"}],"version-history":[{"count":1,"href":"https:\/\/www.irdin.org.br\/site\/wp-json\/wp\/v2\/product\/82606\/revisions"}],"predecessor-version":[{"id":109318,"href":"https:\/\/www.irdin.org.br\/site\/wp-json\/wp\/v2\/product\/82606\/revisions\/109318"}],"wp:featuredmedia":[{"embeddable":true,"href":"https:\/\/www.irdin.org.br\/site\/wp-json\/wp\/v2\/media\/37479"}],"wp:attachment":[{"href":"https:\/\/www.irdin.org.br\/site\/wp-json\/wp\/v2\/media?parent=82606"}],"wp:term":[{"taxonomy":"product_brand","embeddable":true,"href":"https:\/\/www.irdin.org.br\/site\/wp-json\/wp\/v2\/product_brand?post=82606"},{"taxonomy":"product_cat","embeddable":true,"href":"https:\/\/www.irdin.org.br\/site\/wp-json\/wp\/v2\/product_cat?post=82606"},{"taxonomy":"product_tag","embeddable":true,"href":"https:\/\/www.irdin.org.br\/site\/wp-json\/wp\/v2\/product_tag?post=82606"}],"curies":[{"name":"wp","href":"https:\/\/api.w.org\/{rel}","templated":true}]}}