{"id":82610,"date":"2018-04-26T18:08:24","date_gmt":"2018-04-26T18:08:24","guid":{"rendered":"http:\/\/www.irdin.org.br\/site\/produto\/conversas-com-trigueirinho-no-482\/"},"modified":"2025-03-16T01:11:47","modified_gmt":"2025-03-16T01:11:47","slug":"conversas-com-trigueirinho-no-482","status":"publish","type":"product","link":"https:\/\/www.irdin.org.br\/site\/produtos\/conversas-com-trigueirinho-no-482\/","title":{"rendered":"Conversas com Trigueirinho n\u00ba 482"},"content":{"rendered":"<p>Dar de gra\u00e7a o que de gra\u00e7a se recebe&#8221; \/ Adapta\u00e7\u00f5es do corpo a energias n\u00e3o habituais \/ Urinoterapia \/ Mudan\u00e7a no processo de procria\u00e7\u00e3o da esp\u00e9cie humana \/ Sexo como medita\u00e7\u00e3o, um engano \/ Freq\u00fc\u00eancia de reencarna\u00e7\u00f5es \/ Solid\u00e3o \/ Aborto e lei do carma \/ Cura do medo \/ Mudan\u00e7as destes tempos \/ Vegetarianismo na Casa Luz da Colina \/ Os Templ\u00e1rios \/ Reconhecimento da presen\u00e7a da Hierarquia                                                                                                                                                                                                                                                                                                                                                                                                                                                                                                                                                                                                                                                                                                                                                                                                                                                                                                                                                                                                                                                                                                                                                                                                                                                                                                                                                                                                                                                                                                                                                                                                                                                                                                                                                                                                                                                                                                                                                                                                                                                                                                                                                                                                                                                                                                                                                                                                                                                                                                                                                                                                                                                                                                                                                                                                                                                                                                                                                                                                                                                                                                                                                                                                                                                                                                                                                                                                                                                                                                                                                                                                                                                                                                                                                                                                                                                                                                                                                                                                                                                                                                                                                                                                                                                                                                                                                                                                                                                                                                                                                                                                                                                                                                                                                                                                                                                                                                                                                                                                                                                                                                                                                                                                                                                                                                                                                                                                                                                                                                                                                                                                                                                                                                                                                                                                                                                                                                                                                                                                                                                                                                                                                                                                                                                                                                                                                                                                                                                                                                                                                                                                                                                                                                                                                                                                                                                                                                                                                                                                                                                                                                                                                                                                                                                                                                                                                                                                                                                                                                                                                                                                                                                                                                                                                                                                                                                                                                                                                                                                                                                                                                                           &#8221;<\/p>\n<p>&nbsp;<\/p>\n<p>&nbsp;<br \/>\n<strong>Ou\u00e7a agora:<\/strong><\/p>\n<p><span data-href=\"https:\/\/www.irdin.org.br\/site\/envios\/audios\/0023_0482__por_por__conversas_com_trigueirinho_n482.mp3\" data-title=\"Conversas com Trigueirinho n\u00ba 482\" data-rel=\"\" data-target=\"\" data-meta=\"#fap-meta-69e2aa8b9c6e0\" class=\"fap-single-track fap-track-button fap-play-button\" data-enqueue=\"no\" data-autoenqueue=\"no\" title=\"Conversas com Trigueirinho n\u00ba 482\"><span class=\"fap-icon-play\"><\/span>Ouvir<\/span> <a href=\"https:\/\/www.irdin.org.br\/site\/envios\/audios\/0023_0482__por_por__conversas_com_trigueirinho_n482.mp3\" class=\"baixar\" download><span class=\"fa fa-arrow-down\"><\/span>Baixar<\/span><\/a> <span class=\"textobaixar\"> Conversas com Trigueirinho n\u00ba 482<\/span><\/p>\n","protected":false},"excerpt":{"rendered":"<p>Dar de gra\u00e7a o que de gra\u00e7a se recebe&#8221; \/ Adapta\u00e7\u00f5es do corpo a energias n\u00e3o habituais \/ Urinoterapia \/<\/p>\n","protected":false},"featured_media":37479,"template":"","meta":{"_acf_changed":false},"product_brand":[],"product_cat":[18076,33068],"product_tag":[],"class_list":{"0":"post-82610","1":"product","2":"type-product","3":"status-publish","4":"has-post-thumbnail","6":"product_cat-cddvd","7":"product_cat-palestras","8":"pa_autor-trigueirinho","9":"pa_codigo-da-serie-31985","10":"pa_codigo-de-barras-28990","11":"pa_codigo-externo-00230482porcd","12":"pa_data-de-edicao-24777","13":"pa_data-de-gravacao-28987","14":"pa_data-de-lancamento-24778","15":"pa_duracao-35min","16":"pa_idioma-de-destino-portugues","17":"pa_idioma-de-origem-portugues","18":"pa_lancamento-no","19":"pa_midia-cd","20":"pa_quantidade-de-saldo-33067","21":"pa_sequencial-da-serie-32195","22":"pa_tipo-de-traducao-nao-traduzido","24":"first","25":"outofstock","26":"product-type-simple"},"acf":[],"_links":{"self":[{"href":"https:\/\/www.irdin.org.br\/site\/wp-json\/wp\/v2\/product\/82610","targetHints":{"allow":["GET"]}}],"collection":[{"href":"https:\/\/www.irdin.org.br\/site\/wp-json\/wp\/v2\/product"}],"about":[{"href":"https:\/\/www.irdin.org.br\/site\/wp-json\/wp\/v2\/types\/product"}],"version-history":[{"count":1,"href":"https:\/\/www.irdin.org.br\/site\/wp-json\/wp\/v2\/product\/82610\/revisions"}],"predecessor-version":[{"id":109322,"href":"https:\/\/www.irdin.org.br\/site\/wp-json\/wp\/v2\/product\/82610\/revisions\/109322"}],"wp:featuredmedia":[{"embeddable":true,"href":"https:\/\/www.irdin.org.br\/site\/wp-json\/wp\/v2\/media\/37479"}],"wp:attachment":[{"href":"https:\/\/www.irdin.org.br\/site\/wp-json\/wp\/v2\/media?parent=82610"}],"wp:term":[{"taxonomy":"product_brand","embeddable":true,"href":"https:\/\/www.irdin.org.br\/site\/wp-json\/wp\/v2\/product_brand?post=82610"},{"taxonomy":"product_cat","embeddable":true,"href":"https:\/\/www.irdin.org.br\/site\/wp-json\/wp\/v2\/product_cat?post=82610"},{"taxonomy":"product_tag","embeddable":true,"href":"https:\/\/www.irdin.org.br\/site\/wp-json\/wp\/v2\/product_tag?post=82610"}],"curies":[{"name":"wp","href":"https:\/\/api.w.org\/{rel}","templated":true}]}}