{"id":82621,"date":"2007-03-07T00:00:00","date_gmt":"2007-03-07T00:00:00","guid":{"rendered":"http:\/\/www.irdin.org.br\/site\/produto\/conversas-com-trigueirinho-no-493\/"},"modified":"2025-03-16T02:18:13","modified_gmt":"2025-03-16T02:18:13","slug":"conversas-com-trigueirinho-no-493","status":"publish","type":"product","link":"https:\/\/www.irdin.org.br\/site\/produtos\/conversas-com-trigueirinho-no-493\/","title":{"rendered":"Conversas com Trigueirinho n\u00ba 493"},"content":{"rendered":"<p>Despertar espiritual \/ Videogames \/ Vis\u00e3o de Figueira \/ Caminho para o esp\u00edrito \/ Entrega cont\u00ednua \/ Harmonia \/ Degenera\u00e7\u00e3o vegetal \/ Santu\u00e1rio interno \/ Lei da Manifesta\u00e7\u00e3o e sil\u00eancio \/ Express\u00e3o do ser \/ Vontade \/ Luzes no c\u00e9u \/ Ora\u00e7\u00e3o, medita\u00e7\u00e3o, vig\u00edlia \/ Cabelos tingidos \/ Desvio vertebral \/ Evolu\u00e7\u00e3o dos reinos \/ Dinheiro e sexo \/ Ve\u00edculos e p\u00e9s machucados em sonhos \/ Viol\u00eancia \/ Imposi\u00e7\u00e3o de m\u00e3os                                                                                                                                                                                                                                                                                                                                                                                                                                                                                                                                                                                                                                                                                                                                                                                                                                                                                                                                                                                                                                                                                                                                                                                                                                                                                                                                                                                                                                                                                                                                                                                                                                                                                                                                                                                                                                                                                                                                                                                                                                                                                                                                                                                                                                                                                                                                                                                                                                                                                                                                                                                                                                                                                                                                                                                                                                                                                                                                                                                                                                                                                                                                                                                                                                                                                                                                                                                                                                                                                                                                                                                                                                                                                                                                                                                                                                                                                                                                                                                                                                                                                                                                                                                                                                                                                                                                                                                                                                                                                                                                                                                                                                                                                                                                                                                                                                                                                                                                                                                                                                                                                                                                                                                                                                                                                                                                                                                                                                                                                                                                                                                                                                                                                                                                                                                                                                                                                                                                                                                                                                                                                                                                                                                                                                                                                                                                                                                                                                                                                                                                                                                                                                                                                                                                                                                                                                                                                                                                                                                                                                                                                                                                                                                                                                                                                                                                                                                                                                                                                                                                                                                                                                                                                                                                                                                                                                                                                                                                                                                                                                                                                                            <\/p>\n<p>&nbsp;<\/p>\n<p>&nbsp;<br \/>\n<strong>Ou\u00e7a agora:<\/strong><\/p>\n<p><span data-href=\"https:\/\/www.irdin.org.br\/site\/envios\/audios\/0023_0493__por_por__conversas_com_trigueirinho_n493.mp3\" data-title=\"Conversas com Trigueirinho n\u00ba 493\" data-rel=\"\" data-target=\"\" data-meta=\"#fap-meta-69e24d43e54da\" class=\"fap-single-track fap-track-button fap-play-button\" data-enqueue=\"no\" data-autoenqueue=\"no\" title=\"Conversas com Trigueirinho n\u00ba 493\"><span class=\"fap-icon-play\"><\/span>Ouvir<\/span> <a href=\"https:\/\/www.irdin.org.br\/site\/envios\/audios\/0023_0493__por_por__conversas_com_trigueirinho_n493.mp3\" class=\"baixar\" download><span class=\"fa fa-arrow-down\"><\/span>Baixar<\/span><\/a> <span class=\"textobaixar\"> Conversas com Trigueirinho n\u00ba 493<\/span><\/p>\n","protected":false},"excerpt":{"rendered":"<p>Despertar espiritual \/ Videogames \/ Vis\u00e3o de Figueira \/ Caminho para o esp\u00edrito \/ Entrega cont\u00ednua \/ Harmonia \/ Degenera\u00e7\u00e3o<\/p>\n","protected":false},"featured_media":37479,"template":"","meta":{"_acf_changed":false},"product_brand":[],"product_cat":[18076,33068],"product_tag":[],"class_list":{"0":"post-82621","1":"product","2":"type-product","3":"status-publish","4":"has-post-thumbnail","6":"product_cat-cddvd","7":"product_cat-palestras","8":"pa_autor-trigueirinho","9":"pa_codigo-da-serie-31985","10":"pa_codigo-de-barras-29033","11":"pa_codigo-externo-00230493porcd","12":"pa_data-de-edicao-24685","13":"pa_data-de-gravacao-27023","14":"pa_data-de-lancamento-24686","15":"pa_duracao-42min","16":"pa_idioma-de-destino-portugues","17":"pa_idioma-de-origem-portugues","18":"pa_lancamento-no","19":"pa_midia-cd","20":"pa_quantidade-de-saldo-33067","21":"pa_sequencial-da-serie-32211","22":"pa_tipo-de-traducao-nao-traduzido","24":"first","25":"outofstock","26":"product-type-simple"},"acf":[],"_links":{"self":[{"href":"https:\/\/www.irdin.org.br\/site\/wp-json\/wp\/v2\/product\/82621","targetHints":{"allow":["GET"]}}],"collection":[{"href":"https:\/\/www.irdin.org.br\/site\/wp-json\/wp\/v2\/product"}],"about":[{"href":"https:\/\/www.irdin.org.br\/site\/wp-json\/wp\/v2\/types\/product"}],"version-history":[{"count":1,"href":"https:\/\/www.irdin.org.br\/site\/wp-json\/wp\/v2\/product\/82621\/revisions"}],"predecessor-version":[{"id":107228,"href":"https:\/\/www.irdin.org.br\/site\/wp-json\/wp\/v2\/product\/82621\/revisions\/107228"}],"wp:featuredmedia":[{"embeddable":true,"href":"https:\/\/www.irdin.org.br\/site\/wp-json\/wp\/v2\/media\/37479"}],"wp:attachment":[{"href":"https:\/\/www.irdin.org.br\/site\/wp-json\/wp\/v2\/media?parent=82621"}],"wp:term":[{"taxonomy":"product_brand","embeddable":true,"href":"https:\/\/www.irdin.org.br\/site\/wp-json\/wp\/v2\/product_brand?post=82621"},{"taxonomy":"product_cat","embeddable":true,"href":"https:\/\/www.irdin.org.br\/site\/wp-json\/wp\/v2\/product_cat?post=82621"},{"taxonomy":"product_tag","embeddable":true,"href":"https:\/\/www.irdin.org.br\/site\/wp-json\/wp\/v2\/product_tag?post=82621"}],"curies":[{"name":"wp","href":"https:\/\/api.w.org\/{rel}","templated":true}]}}