{"id":82637,"date":"2018-04-26T18:08:40","date_gmt":"2018-04-26T18:08:40","guid":{"rendered":"http:\/\/www.irdin.org.br\/site\/produto\/conversas-com-trigueirinho-no-509\/"},"modified":"2025-03-16T01:10:25","modified_gmt":"2025-03-16T01:10:25","slug":"conversas-com-trigueirinho-no-509","status":"publish","type":"product","link":"https:\/\/www.irdin.org.br\/site\/produtos\/conversas-com-trigueirinho-no-509\/","title":{"rendered":"Conversas com Trigueirinho n\u00ba 509"},"content":{"rendered":"<p>Aspira\u00e7\u00e3o ao servi\u00e7o \/ Vegetarianismo e supera\u00e7\u00e3o da in\u00e9rcia \/ Raz\u00f5es de almas encarnarem juntas \/ Caminho espiritual e fam\u00edlia \/ Chamado da alma \/ Est\u00edmulo \u00e0 busca de Deus \/ Solu\u00e7\u00e3o de carma \/ Ler no livro da vida e em tudo ver o positivo \/ Afastar sem separar \/ Alma e f\u00e9 \/ Almas g\u00eameas, ilus\u00e3o \/ Morte s\u00fabita ou sob sedativo \/ Prorroga\u00e7\u00e3o da vida \/ Crema\u00e7\u00e3o \/ Eutan\u00e1sia \/ Suic\u00eddio \/ Padre Pio                                                                                                                                                                                                                                                                                                                                                                                                                                                                                                                                                                                                                                                                                                                                                                                                                                                                                                                                                                                                                                                                                                                                                                                                                                                                                                                                                                                                                                                                                                                                                                                                                                                                                                                                                                                                                                                                                                                                                                                                                                                                                                                                                                                                                                                                                                                                                                                                                                                                                                                                                                                                                                                                                                                                                                                                                                                                                                                                                                                                                                                                                                                                                                                                                                                                                                                                                                                                                                                                                                                                                                                                                                                                                                                                                                                                                                                                                                                                                                                                                                                                                                                                                                                                                                                                                                                                                                                                                                                                                                                                                                                                                                                                                                                                                                                                                                                                                                                                                                                                                                                                                                                                                                                                                                                                                                                                                                                                                                                                                                                                                                                                                                                                                                                                                                                                                                                                                                                                                                                                                                                                                                                                                                                                                                                                                                                                                                                                                                                                                                                                                                                                                                                                                                                                                                                                                                                                                                                                                                                                                                                                                                                                                                                                                                                                                                                                                                                                                                                                                                                                                                                                                                                                                                                                                                                                                                                                                                                                                                                                                                                                                                                      <\/p>\n<p>&nbsp;<\/p>\n<p>&nbsp;<br \/>\n<strong>Ou\u00e7a agora:<\/strong><\/p>\n<p><span data-href=\"https:\/\/www.irdin.org.br\/site\/envios\/audios\/0023_0509__por_por__conversas_com_trigueirinho_n509.mp3\" data-title=\"Conversas com Trigueirinho n\u00ba 509\" data-rel=\"\" data-target=\"\" data-meta=\"#fap-meta-69ff43d4d5b1a\" class=\"fap-single-track fap-track-button fap-play-button\" data-enqueue=\"no\" data-autoenqueue=\"no\" title=\"Conversas com Trigueirinho n\u00ba 509\"><span class=\"fap-icon-play\"><\/span>Ouvir<\/span> <a href=\"https:\/\/www.irdin.org.br\/site\/envios\/audios\/0023_0509__por_por__conversas_com_trigueirinho_n509.mp3\" class=\"baixar\"><span class=\"fa fa-arrow-down\"><\/span>Baixar<\/span><\/a> <span class=\"textobaixar\"> Conversas com Trigueirinho n\u00ba 509<\/span><\/p>\n","protected":false},"excerpt":{"rendered":"<p>Aspira\u00e7\u00e3o ao servi\u00e7o \/ Vegetarianismo e supera\u00e7\u00e3o da in\u00e9rcia \/ Raz\u00f5es de almas encarnarem juntas \/ Caminho espiritual e fam\u00edlia<\/p>\n","protected":false},"featured_media":37479,"template":"","meta":{"_acf_changed":false},"product_brand":[],"product_cat":[18076,33068],"product_tag":[],"class_list":{"0":"post-82637","1":"product","2":"type-product","3":"status-publish","4":"has-post-thumbnail","6":"product_cat-cddvd","7":"product_cat-palestras","8":"pa_autor-trigueirinho","9":"pa_codigo-da-serie-31985","10":"pa_codigo-de-barras-29091","11":"pa_codigo-externo-00230509porcd","12":"pa_data-de-edicao-24904","13":"pa_data-de-gravacao-19433","14":"pa_data-de-lancamento-24905","15":"pa_duracao-58min","16":"pa_idioma-de-destino-portugues","17":"pa_idioma-de-origem-portugues","18":"pa_lancamento-no","19":"pa_midia-cd","20":"pa_quantidade-de-saldo-33067","21":"pa_sequencial-da-serie-32236","22":"pa_tipo-de-traducao-nao-traduzido","24":"first","25":"outofstock","26":"product-type-simple"},"acf":[],"_links":{"self":[{"href":"https:\/\/www.irdin.org.br\/site\/wp-json\/wp\/v2\/product\/82637","targetHints":{"allow":["GET"]}}],"collection":[{"href":"https:\/\/www.irdin.org.br\/site\/wp-json\/wp\/v2\/product"}],"about":[{"href":"https:\/\/www.irdin.org.br\/site\/wp-json\/wp\/v2\/types\/product"}],"version-history":[{"count":1,"href":"https:\/\/www.irdin.org.br\/site\/wp-json\/wp\/v2\/product\/82637\/revisions"}],"predecessor-version":[{"id":109314,"href":"https:\/\/www.irdin.org.br\/site\/wp-json\/wp\/v2\/product\/82637\/revisions\/109314"}],"wp:featuredmedia":[{"embeddable":true,"href":"https:\/\/www.irdin.org.br\/site\/wp-json\/wp\/v2\/media\/37479"}],"wp:attachment":[{"href":"https:\/\/www.irdin.org.br\/site\/wp-json\/wp\/v2\/media?parent=82637"}],"wp:term":[{"taxonomy":"product_brand","embeddable":true,"href":"https:\/\/www.irdin.org.br\/site\/wp-json\/wp\/v2\/product_brand?post=82637"},{"taxonomy":"product_cat","embeddable":true,"href":"https:\/\/www.irdin.org.br\/site\/wp-json\/wp\/v2\/product_cat?post=82637"},{"taxonomy":"product_tag","embeddable":true,"href":"https:\/\/www.irdin.org.br\/site\/wp-json\/wp\/v2\/product_tag?post=82637"}],"curies":[{"name":"wp","href":"https:\/\/api.w.org\/{rel}","templated":true}]}}