{"id":82645,"date":"2018-04-26T18:08:57","date_gmt":"2018-04-26T18:08:57","guid":{"rendered":"http:\/\/www.irdin.org.br\/site\/produto\/conversas-com-trigueirinho-no-517\/"},"modified":"2025-03-16T01:05:11","modified_gmt":"2025-03-16T01:05:11","slug":"conversas-com-trigueirinho-no-517","status":"publish","type":"product","link":"https:\/\/www.irdin.org.br\/site\/produtos\/conversas-com-trigueirinho-no-517\/","title":{"rendered":"Conversas com Trigueirinho n\u00ba 517"},"content":{"rendered":"<p>Cura do medo da noite \/ Impulso do Eu Superior \/ Expans\u00e3o da consci\u00eancia e evolu\u00e7\u00e3o do corpo \/ Correto relacionamento com a \u00e1gua \/ Alimenta\u00e7\u00e3o e caminho interior \/ Fun\u00e7\u00e3o educativa da Casa Luz da Colina quanto ao papel intuitivo da mulher \/ O livro Hora de Crescer Interiormente&#8221; \/ Sono e sa\u00fade \/ Como tratar do cora\u00e7\u00e3o \/ Tarefas da Casa Luz da Colina e de Figueira \/ O valor da calma \/ Cora\u00e7\u00e3o, mente e intui\u00e7\u00e3o                                                                                                                                                                                                                                                                                                                                                                                                                                                                                                                                                                                                                                                                                                                                                                                                                                                                                                                                                                                                                                                                                                                                                                                                                                                                                                                                                                                                                                                                                                                                                                                                                                                                                                                                                                                                                                                                                                                                                                                                                                                                                                                                                                                                                                                                                                                                                                                                                                                                                                                                                                                                                                                                                                                                                                                                                                                                                                                                                                                                                                                                                                                                                                                                                                                                                                                                                                                                                                                                                                                                                                                                                                                                                                                                                                                                                                                                                                                                                                                                                                                                                                                                                                                                                                                                                                                                                                                                                                                                                                                                                                                                                                                                                                                                                                                                                                                                                                                                                                                                                                                                                                                                                                                                                                                                                                                                                                                                                                                                                                                                                                                                                                                                                                                                                                                                                                                                                                                                                                                                                                                                                                                                                                                                                                                                                                                                                                                                                                                                                                                                                                                                                                                                                                                                                                                                                                                                                                                                                                                                                                                                                                                                                                                                                                                                                                                                                                                                                                                                                                                                                                                                                                                                                                                                                                                                                                                                                                                                                                                                                                                                                                    &#8221;<\/p>\n<p>&nbsp;<\/p>\n<p>&nbsp;<br \/>\n<strong>Ou\u00e7a agora:<\/strong><\/p>\n<p><span data-href=\"https:\/\/www.irdin.org.br\/site\/envios\/audios\/0023_0517__por_por__conversas_com_trigueirinho_n517.mp3\" data-title=\"Conversas com Trigueirinho n\u00ba 517\" data-rel=\"\" data-target=\"\" data-meta=\"#fap-meta-69f439d9a1845\" class=\"fap-single-track fap-track-button fap-play-button\" data-enqueue=\"no\" data-autoenqueue=\"no\" title=\"Conversas com Trigueirinho n\u00ba 517\"><span class=\"fap-icon-play\"><\/span>Ouvir<\/span> <a href=\"https:\/\/www.irdin.org.br\/site\/envios\/audios\/0023_0517__por_por__conversas_com_trigueirinho_n517.mp3\" class=\"baixar\"><span class=\"fa fa-arrow-down\"><\/span>Baixar<\/span><\/a> <span class=\"textobaixar\"> Conversas com Trigueirinho n\u00ba 517<\/span><\/p>\n","protected":false},"excerpt":{"rendered":"<p>Cura do medo da noite \/ Impulso do Eu Superior \/ Expans\u00e3o da consci\u00eancia e evolu\u00e7\u00e3o do corpo \/ Correto<\/p>\n","protected":false},"featured_media":37479,"template":"","meta":{"_acf_changed":false},"product_brand":[],"product_cat":[18076,33068],"product_tag":[],"class_list":{"0":"post-82645","1":"product","2":"type-product","3":"status-publish","4":"has-post-thumbnail","6":"product_cat-cddvd","7":"product_cat-palestras","8":"pa_autor-trigueirinho","9":"pa_codigo-da-serie-31985","10":"pa_codigo-de-barras-29121","11":"pa_codigo-externo-00230517porcd","12":"pa_data-de-edicao-22915","13":"pa_data-de-gravacao-29118","14":"pa_data-de-lancamento-22918","15":"pa_duracao-42min","16":"pa_idioma-de-destino-portugues","17":"pa_idioma-de-origem-portugues","18":"pa_lancamento-no","19":"pa_midia-cd","20":"pa_quantidade-de-saldo-33067","21":"pa_sequencial-da-serie-32250","22":"pa_tipo-de-traducao-nao-traduzido","24":"first","25":"outofstock","26":"product-type-simple"},"acf":[],"_links":{"self":[{"href":"https:\/\/www.irdin.org.br\/site\/wp-json\/wp\/v2\/product\/82645","targetHints":{"allow":["GET"]}}],"collection":[{"href":"https:\/\/www.irdin.org.br\/site\/wp-json\/wp\/v2\/product"}],"about":[{"href":"https:\/\/www.irdin.org.br\/site\/wp-json\/wp\/v2\/types\/product"}],"version-history":[{"count":1,"href":"https:\/\/www.irdin.org.br\/site\/wp-json\/wp\/v2\/product\/82645\/revisions"}],"predecessor-version":[{"id":109292,"href":"https:\/\/www.irdin.org.br\/site\/wp-json\/wp\/v2\/product\/82645\/revisions\/109292"}],"wp:featuredmedia":[{"embeddable":true,"href":"https:\/\/www.irdin.org.br\/site\/wp-json\/wp\/v2\/media\/37479"}],"wp:attachment":[{"href":"https:\/\/www.irdin.org.br\/site\/wp-json\/wp\/v2\/media?parent=82645"}],"wp:term":[{"taxonomy":"product_brand","embeddable":true,"href":"https:\/\/www.irdin.org.br\/site\/wp-json\/wp\/v2\/product_brand?post=82645"},{"taxonomy":"product_cat","embeddable":true,"href":"https:\/\/www.irdin.org.br\/site\/wp-json\/wp\/v2\/product_cat?post=82645"},{"taxonomy":"product_tag","embeddable":true,"href":"https:\/\/www.irdin.org.br\/site\/wp-json\/wp\/v2\/product_tag?post=82645"}],"curies":[{"name":"wp","href":"https:\/\/api.w.org\/{rel}","templated":true}]}}