{"id":82654,"date":"2018-04-26T18:08:57","date_gmt":"2018-04-26T18:08:57","guid":{"rendered":"http:\/\/www.irdin.org.br\/site\/produto\/conversas-com-trigueirinho-no-526\/"},"modified":"2025-03-16T01:06:20","modified_gmt":"2025-03-16T01:06:20","slug":"conversas-com-trigueirinho-no-526","status":"publish","type":"product","link":"https:\/\/www.irdin.org.br\/site\/produtos\/conversas-com-trigueirinho-no-526\/","title":{"rendered":"Conversas com Trigueirinho n\u00ba 526"},"content":{"rendered":"<p>Sonhar com ret\u00e2ngulos \/ Sonho com aves brancas \/ Despojamento \/ Consci\u00eancia em sonhos \/ Subst\u00e2ncia e purifica\u00e7\u00e3o de corpos sutis \/ Afasta de mim este c\u00e1lice&#8221; \/ Humanidade una \/ Passos para contatar o eu interno \/ Disc\u00edpulos hoje \/ Reino animal a servi\u00e7o \/ Cora\u00e7\u00e3o aberto ao Bem \/ A\u00e7\u00e3o da m\u00fasica em n\u00f3s \/ Posi\u00e7\u00e3o de comando \/ Obst\u00e1culos \/ Inclina\u00e7\u00e3o do eixo terrestre \/ Retiro \/ Aprender com crian\u00e7as                                                                                                                                                                                                                                                                                                                                                                                                                                                                                                                                                                                                                                                                                                                                                                                                                                                                                                                                                                                                                                                                                                                                                                                                                                                                                                                                                                                                                                                                                                                                                                                                                                                                                                                                                                                                                                                                                                                                                                                                                                                                                                                                                                                                                                                                                                                                                                                                                                                                                                                                                                                                                                                                                                                                                                                                                                                                                                                                                                                                                                                                                                                                                                                                                                                                                                                                                                                                                                                                                                                                                                                                                                                                                                                                                                                                                                                                                                                                                                                                                                                                                                                                                                                                                                                                                                                                                                                                                                                                                                                                                                                                                                                                                                                                                                                                                                                                                                                                                                                                                                                                                                                                                                                                                                                                                                                                                                                                                                                                                                                                                                                                                                                                                                                                                                                                                                                                                                                                                                                                                                                                                                                                                                                                                                                                                                                                                                                                                                                                                                                                                                                                                                                                                                                                                                                                                                                                                                                                                                                                                                                                                                                                                                                                                                                                                                                                                                                                                                                                                                                                                                                                                                                                                                                                                                                                                                                                                                                                                                                                                                                                                                                 &#8221;<\/p>\n<p>&nbsp;<\/p>\n<p>&nbsp;<br \/>\n<strong>Ou\u00e7a agora:<\/strong><\/p>\n<p><span data-href=\"https:\/\/www.irdin.org.br\/site\/envios\/audios\/0023_0526__por_por__conversas_com_trigueirinho_n526.mp3\" data-title=\"Conversas com Trigueirinho n\u00ba 526\" data-rel=\"\" data-target=\"\" data-meta=\"#fap-meta-69ff42c2a9e46\" class=\"fap-single-track fap-track-button fap-play-button\" data-enqueue=\"no\" data-autoenqueue=\"no\" title=\"Conversas com Trigueirinho n\u00ba 526\"><span class=\"fap-icon-play\"><\/span>Ouvir<\/span> <a href=\"https:\/\/www.irdin.org.br\/site\/envios\/audios\/0023_0526__por_por__conversas_com_trigueirinho_n526.mp3\" class=\"baixar\"><span class=\"fa fa-arrow-down\"><\/span>Baixar<\/span><\/a> <span class=\"textobaixar\"> Conversas com Trigueirinho n\u00ba 526<\/span><\/p>\n","protected":false},"excerpt":{"rendered":"<p>Sonhar com ret\u00e2ngulos \/ Sonho com aves brancas \/ Despojamento \/ Consci\u00eancia em sonhos \/ Subst\u00e2ncia e purifica\u00e7\u00e3o de corpos<\/p>\n","protected":false},"featured_media":37479,"template":"","meta":{"_acf_changed":false},"product_brand":[],"product_cat":[18076,33068],"product_tag":[],"class_list":{"0":"post-82654","1":"product","2":"type-product","3":"status-publish","4":"has-post-thumbnail","6":"product_cat-cddvd","7":"product_cat-palestras","8":"pa_autor-trigueirinho","9":"pa_codigo-da-serie-31985","10":"pa_codigo-de-barras-29153","11":"pa_codigo-externo-00230526porcd","12":"pa_data-de-edicao-24914","13":"pa_data-de-gravacao-29150","14":"pa_data-de-lancamento-24915","15":"pa_duracao-52min","16":"pa_idioma-de-destino-portugues","17":"pa_idioma-de-origem-portugues","18":"pa_lancamento-no","19":"pa_midia-cd","20":"pa_quantidade-de-saldo-33067","21":"pa_sequencial-da-serie-32262","22":"pa_tipo-de-traducao-nao-traduzido","24":"first","25":"outofstock","26":"product-type-simple"},"acf":[],"_links":{"self":[{"href":"https:\/\/www.irdin.org.br\/site\/wp-json\/wp\/v2\/product\/82654","targetHints":{"allow":["GET"]}}],"collection":[{"href":"https:\/\/www.irdin.org.br\/site\/wp-json\/wp\/v2\/product"}],"about":[{"href":"https:\/\/www.irdin.org.br\/site\/wp-json\/wp\/v2\/types\/product"}],"version-history":[{"count":1,"href":"https:\/\/www.irdin.org.br\/site\/wp-json\/wp\/v2\/product\/82654\/revisions"}],"predecessor-version":[{"id":109299,"href":"https:\/\/www.irdin.org.br\/site\/wp-json\/wp\/v2\/product\/82654\/revisions\/109299"}],"wp:featuredmedia":[{"embeddable":true,"href":"https:\/\/www.irdin.org.br\/site\/wp-json\/wp\/v2\/media\/37479"}],"wp:attachment":[{"href":"https:\/\/www.irdin.org.br\/site\/wp-json\/wp\/v2\/media?parent=82654"}],"wp:term":[{"taxonomy":"product_brand","embeddable":true,"href":"https:\/\/www.irdin.org.br\/site\/wp-json\/wp\/v2\/product_brand?post=82654"},{"taxonomy":"product_cat","embeddable":true,"href":"https:\/\/www.irdin.org.br\/site\/wp-json\/wp\/v2\/product_cat?post=82654"},{"taxonomy":"product_tag","embeddable":true,"href":"https:\/\/www.irdin.org.br\/site\/wp-json\/wp\/v2\/product_tag?post=82654"}],"curies":[{"name":"wp","href":"https:\/\/api.w.org\/{rel}","templated":true}]}}