{"id":82658,"date":"2018-04-26T18:09:13","date_gmt":"2018-04-26T18:09:13","guid":{"rendered":"http:\/\/www.irdin.org.br\/site\/produto\/conversas-com-trigueirinho-no-530\/"},"modified":"2025-03-16T01:01:39","modified_gmt":"2025-03-16T01:01:39","slug":"conversas-com-trigueirinho-no-530","status":"publish","type":"product","link":"https:\/\/www.irdin.org.br\/site\/produtos\/conversas-com-trigueirinho-no-530\/","title":{"rendered":"Conversas com Trigueirinho n\u00ba 530"},"content":{"rendered":"<p>Autopiedade \/ O livro Aos que Despertam&#8221; \/ O universo \u00e9 uno \/ Vis\u00f5es \/ Exerc\u00edcios espirituais \/ Integra\u00e7\u00e3o no grupo interno \/ Aprendizagem com o livre-arb\u00edtrio \/ Nossos passos \/ &#8220;Ningu\u00e9m \u00e9 m\u00e9dico na pr\u00f3pria casa&#8221; \/ Fun\u00e7\u00f5es dos eucaliptos em Figueira \/ Causa da diabete \/ Problema a ser resolvido pelo eu interno \/ A paz como prop\u00f3sito das a\u00e7\u00f5es \/ Energia de Capric\u00f3rnio                                                                                                                                                                                                                                                                                                                                                                                                                                                                                                                                                                                                                                                                                                                                                                                                                                                                                                                                                                                                                                                                                                                                                                                                                                                                                                                                                                                                                                                                                                                                                                                                                                                                                                                                                                                                                                                                                                                                                                                                                                                                                                                                                                                                                                                                                                                                                                                                                                                                                                                                                                                                                                                                                                                                                                                                                                                                                                                                                                                                                                                                                                                                                                                                                                                                                                                                                                                                                                                                                                                                                                                                                                                                                                                                                                                                                                                                                                                                                                                                                                                                                                                                                                                                                                                                                                                                                                                                                                                                                                                                                                                                                                                                                                                                                                                                                                                                                                                                                                                                                                                                                                                                                                                                                                                                                                                                                                                                                                                                                                                                                                                                                                                                                                                                                                                                                                                                                                                                                                                                                                                                                                                                                                                                                                                                                                                                                                                                                                                                                                                                                                                                                                                                                                                                                                                                                                                                                                                                                                                                                                                                                                                                                                                                                                                                                                                                                                                                                                                                                                                                                                                                                                                                                                                                                                                                                                                                                                                                                                                                                                                                                                                                               &#8221;<\/p>\n<p>&nbsp;<\/p>\n<p>&nbsp;<br \/>\n<strong>Ou\u00e7a agora:<\/strong><\/p>\n<p><span data-href=\"https:\/\/www.irdin.org.br\/site\/envios\/audios\/0023_0530__por_por__conversas_com_trigueirinho_n530.mp3\" data-title=\"Conversas com Trigueirinho n\u00ba 530\" data-rel=\"\" data-target=\"\" data-meta=\"#fap-meta-69f7140e15ccc\" class=\"fap-single-track fap-track-button fap-play-button\" data-enqueue=\"no\" data-autoenqueue=\"no\" title=\"Conversas com Trigueirinho n\u00ba 530\"><span class=\"fap-icon-play\"><\/span>Ouvir<\/span> <a href=\"https:\/\/www.irdin.org.br\/site\/envios\/audios\/0023_0530__por_por__conversas_com_trigueirinho_n530.mp3\" class=\"baixar\"><span class=\"fa fa-arrow-down\"><\/span>Baixar<\/span><\/a> <span class=\"textobaixar\"> Conversas com Trigueirinho n\u00ba 530<\/span><\/p>\n","protected":false},"excerpt":{"rendered":"<p>Autopiedade \/ O livro Aos que Despertam&#8221; \/ O universo \u00e9 uno \/ Vis\u00f5es \/ Exerc\u00edcios espirituais \/ Integra\u00e7\u00e3o no<\/p>\n","protected":false},"featured_media":37479,"template":"","meta":{"_acf_changed":false},"product_brand":[],"product_cat":[18076,33068],"product_tag":[],"class_list":{"0":"post-82658","1":"product","2":"type-product","3":"status-publish","4":"has-post-thumbnail","6":"product_cat-cddvd","7":"product_cat-palestras","8":"pa_autor-trigueirinho","9":"pa_codigo-da-serie-31985","10":"pa_codigo-de-barras-29168","11":"pa_codigo-externo-00230530porcd","12":"pa_data-de-edicao-25172","13":"pa_data-de-gravacao-29165","14":"pa_data-de-lancamento-25173","15":"pa_duracao-48min","16":"pa_idioma-de-destino-portugues","17":"pa_idioma-de-origem-portugues","18":"pa_lancamento-no","19":"pa_midia-cd","20":"pa_quantidade-de-saldo-33067","21":"pa_sequencial-da-serie-32267","22":"pa_tipo-de-traducao-nao-traduzido","24":"first","25":"outofstock","26":"product-type-simple"},"acf":[],"_links":{"self":[{"href":"https:\/\/www.irdin.org.br\/site\/wp-json\/wp\/v2\/product\/82658","targetHints":{"allow":["GET"]}}],"collection":[{"href":"https:\/\/www.irdin.org.br\/site\/wp-json\/wp\/v2\/product"}],"about":[{"href":"https:\/\/www.irdin.org.br\/site\/wp-json\/wp\/v2\/types\/product"}],"version-history":[{"count":1,"href":"https:\/\/www.irdin.org.br\/site\/wp-json\/wp\/v2\/product\/82658\/revisions"}],"predecessor-version":[{"id":109274,"href":"https:\/\/www.irdin.org.br\/site\/wp-json\/wp\/v2\/product\/82658\/revisions\/109274"}],"wp:featuredmedia":[{"embeddable":true,"href":"https:\/\/www.irdin.org.br\/site\/wp-json\/wp\/v2\/media\/37479"}],"wp:attachment":[{"href":"https:\/\/www.irdin.org.br\/site\/wp-json\/wp\/v2\/media?parent=82658"}],"wp:term":[{"taxonomy":"product_brand","embeddable":true,"href":"https:\/\/www.irdin.org.br\/site\/wp-json\/wp\/v2\/product_brand?post=82658"},{"taxonomy":"product_cat","embeddable":true,"href":"https:\/\/www.irdin.org.br\/site\/wp-json\/wp\/v2\/product_cat?post=82658"},{"taxonomy":"product_tag","embeddable":true,"href":"https:\/\/www.irdin.org.br\/site\/wp-json\/wp\/v2\/product_tag?post=82658"}],"curies":[{"name":"wp","href":"https:\/\/api.w.org\/{rel}","templated":true}]}}