{"id":82667,"date":"2018-04-26T18:09:13","date_gmt":"2018-04-26T18:09:13","guid":{"rendered":"http:\/\/www.irdin.org.br\/site\/produto\/conversas-com-trigueirinho-no-539\/"},"modified":"2025-03-16T01:03:02","modified_gmt":"2025-03-16T01:03:02","slug":"conversas-com-trigueirinho-no-539","status":"publish","type":"product","link":"https:\/\/www.irdin.org.br\/site\/produtos\/conversas-com-trigueirinho-no-539\/","title":{"rendered":"Conversas com Trigueirinho n\u00ba 539"},"content":{"rendered":"<p>Dedica\u00e7\u00e3o incondicional ao Plano Evolutivo \/ Civiliza\u00e7\u00e3o do Cisne \/ Humildade \/ Nossa rela\u00e7\u00e3o com m\u00e1quinas \/ Carmelitas rumo \u00e0 experi\u00eancia de Deus \/ Tarefa de Teresa de \u00c1vila \/ Auto-esquecimento e persist\u00eancia na meta superior \/ Servi\u00e7o e serenidade na Casa Luz da Colina \/ Mishuk e seu trabalho no sistema de Espelhos, na Opera\u00e7\u00e3o Resgate e na irradia\u00e7\u00e3o do Amor-Sabedoria \/ Mensagem \u00e0s crian\u00e7as                                                                                                                                                                                                                                                                                                                                                                                                                                                                                                                                                                                                                                                                                                                                                                                                                                                                                                                                                                                                                                                                                                                                                                                                                                                                                                                                                                                                                                                                                                                                                                                                                                                                                                                                                                                                                                                                                                                                                                                                                                                                                                                                                                                                                                                                                                                                                                                                                                                                                                                                                                                                                                                                                                                                                                                                                                                                                                                                                                                                                                                                                                                                                                                                                                                                                                                                                                                                                                                                                                                                                                                                                                                                                                                                                                                                                                                                                                                                                                                                                                                                                                                                                                                                                                                                                                                                                                                                                                                                                                                                                                                                                                                                                                                                                                                                                                                                                                                                                                                                                                                                                                                                                                                                                                                                                                                                                                                                                                                                                                                                                                                                                                                                                                                                                                                                                                                                                                                                                                                                                                                                                                                                                                                                                                                                                                                                                                                                                                                                                                                                                                                                                                                                                                                                                                                                                                                                                                                                                                                                                                                                                                                                                                                                                                                                                                                                                                                                                                                                                                                                                                                                                                                                                                                                                                                                                                                                                                                                                                                                                                                                                                                     <\/p>\n<p>&nbsp;<\/p>\n<p>&nbsp;<br \/>\n<strong>Ou\u00e7a agora:<\/strong><\/p>\n<p><span data-href=\"https:\/\/www.irdin.org.br\/site\/envios\/audios\/0023_0539__por_por__conversas_com_trigueirinho_n539.mp3\" data-title=\"Conversas com Trigueirinho n\u00ba 539\" data-rel=\"\" data-target=\"\" data-meta=\"#fap-meta-69e39ebd3a0a4\" class=\"fap-single-track fap-track-button fap-play-button\" data-enqueue=\"no\" data-autoenqueue=\"no\" title=\"Conversas com Trigueirinho n\u00ba 539\"><span class=\"fap-icon-play\"><\/span>Ouvir<\/span> <a href=\"https:\/\/www.irdin.org.br\/site\/envios\/audios\/0023_0539__por_por__conversas_com_trigueirinho_n539.mp3\" class=\"baixar\"><span class=\"fa fa-arrow-down\"><\/span>Baixar<\/span><\/a> <span class=\"textobaixar\"> Conversas com Trigueirinho n\u00ba 539<\/span><\/p>\n","protected":false},"excerpt":{"rendered":"<p>Dedica\u00e7\u00e3o incondicional ao Plano Evolutivo \/ Civiliza\u00e7\u00e3o do Cisne \/ Humildade \/ Nossa rela\u00e7\u00e3o com m\u00e1quinas \/ Carmelitas rumo \u00e0<\/p>\n","protected":false},"featured_media":37479,"template":"","meta":{"_acf_changed":false},"product_brand":[],"product_cat":[18076,33068],"product_tag":[],"class_list":{"0":"post-82667","1":"product","2":"type-product","3":"status-publish","4":"has-post-thumbnail","6":"product_cat-cddvd","7":"product_cat-palestras","8":"pa_autor-trigueirinho","9":"pa_codigo-da-serie-31985","10":"pa_codigo-de-barras-29201","11":"pa_codigo-externo-00230539porcd","12":"pa_data-de-edicao-38651","13":"pa_data-de-gravacao-27060","14":"pa_data-de-lancamento-38652","15":"pa_duracao-49min","16":"pa_idioma-de-destino-portugues","17":"pa_idioma-de-origem-portugues","18":"pa_lancamento-no","19":"pa_midia-cd","20":"pa_quantidade-de-saldo-33067","21":"pa_sequencial-da-serie-32281","22":"pa_tipo-de-traducao-nao-traduzido","24":"first","25":"outofstock","26":"product-type-simple"},"acf":[],"_links":{"self":[{"href":"https:\/\/www.irdin.org.br\/site\/wp-json\/wp\/v2\/product\/82667","targetHints":{"allow":["GET"]}}],"collection":[{"href":"https:\/\/www.irdin.org.br\/site\/wp-json\/wp\/v2\/product"}],"about":[{"href":"https:\/\/www.irdin.org.br\/site\/wp-json\/wp\/v2\/types\/product"}],"version-history":[{"count":1,"href":"https:\/\/www.irdin.org.br\/site\/wp-json\/wp\/v2\/product\/82667\/revisions"}],"predecessor-version":[{"id":109282,"href":"https:\/\/www.irdin.org.br\/site\/wp-json\/wp\/v2\/product\/82667\/revisions\/109282"}],"wp:featuredmedia":[{"embeddable":true,"href":"https:\/\/www.irdin.org.br\/site\/wp-json\/wp\/v2\/media\/37479"}],"wp:attachment":[{"href":"https:\/\/www.irdin.org.br\/site\/wp-json\/wp\/v2\/media?parent=82667"}],"wp:term":[{"taxonomy":"product_brand","embeddable":true,"href":"https:\/\/www.irdin.org.br\/site\/wp-json\/wp\/v2\/product_brand?post=82667"},{"taxonomy":"product_cat","embeddable":true,"href":"https:\/\/www.irdin.org.br\/site\/wp-json\/wp\/v2\/product_cat?post=82667"},{"taxonomy":"product_tag","embeddable":true,"href":"https:\/\/www.irdin.org.br\/site\/wp-json\/wp\/v2\/product_tag?post=82667"}],"curies":[{"name":"wp","href":"https:\/\/api.w.org\/{rel}","templated":true}]}}