{"id":82676,"date":"2008-08-04T00:00:00","date_gmt":"2008-08-04T00:00:00","guid":{"rendered":"http:\/\/www.irdin.org.br\/site\/produto\/conversas-com-trigueirinho-no-548\/"},"modified":"2025-03-16T02:11:18","modified_gmt":"2025-03-16T02:11:18","slug":"conversas-com-trigueirinho-no-548","status":"publish","type":"product","link":"https:\/\/www.irdin.org.br\/site\/produtos\/conversas-com-trigueirinho-no-548\/","title":{"rendered":"Conversas com Trigueirinho n\u00ba 548"},"content":{"rendered":"<p>Guardi\u00e3es invis\u00edveis de lugares especiais \/ Sonho com gatos \/ Almas que aliviam o sofrimento do mundo \/ Transforma\u00e7\u00e3o e revela\u00e7\u00e3o na Ant\u00e1rtida \/ Hermetismo de Nostradamus \/ A\u00e7\u00e3o conjunta dos centros planet\u00e1rios Mirna Jad e Aurora \/ Eleva\u00e7\u00e3o da vida \/ Evolu\u00e7\u00e3o da pr\u00e1tica de mantras \/ Valor do sono \/ Ensino na Casa Luz da Colina \/ Correta atitude nos estudos \/ Consci\u00eancia mon\u00e1stica e simbolismo em Figueira                                                                                                                                                                                                                                                                                                                                                                                                                                                                                                                                                                                                                                                                                                                                                                                                                                                                                                                                                                                                                                                                                                                                                                                                                                                                                                                                                                                                                                                                                                                                                                                                                                                                                                                                                                                                                                                                                                                                                                                                                                                                                                                                                                                                                                                                                                                                                                                                                                                                                                                                                                                                                                                                                                                                                                                                                                                                                                                                                                                                                                                                                                                                                                                                                                                                                                                                                                                                                                                                                                                                                                                                                                                                                                                                                                                                                                                                                                                                                                                                                                                                                                                                                                                                                                                                                                                                                                                                                                                                                                                                                                                                                                                                                                                                                                                                                                                                                                                                                                                                                                                                                                                                                                                                                                                                                                                                                                                                                                                                                                                                                                                                                                                                                                                                                                                                                                                                                                                                                                                                                                                                                                                                                                                                                                                                                                                                                                                                                                                                                                                                                                                                                                                                                                                                                                                                                                                                                                                                                                                                                                                                                                                                                                                                                                                                                                                                                                                                                                                                                                                                                                                                                                                                                                                                                                                                                                                                                                                                                                                                                                                                                                          <\/p>\n<p>&nbsp;<\/p>\n<p>&nbsp;<br \/>\n<strong>Ou\u00e7a agora:<\/strong><\/p>\n<p><span data-href=\"https:\/\/www.irdin.org.br\/site\/envios\/audios\/0023_0548__por_por__conversas_com_trigueirinho_n548.mp3\" data-title=\"Conversas com Trigueirinho n\u00ba 548\" data-rel=\"\" data-target=\"\" data-meta=\"#fap-meta-69ff52cc4407d\" class=\"fap-single-track fap-track-button fap-play-button\" data-enqueue=\"no\" data-autoenqueue=\"no\" title=\"Conversas com Trigueirinho n\u00ba 548\"><span class=\"fap-icon-play\"><\/span>Ouvir<\/span> <a href=\"https:\/\/www.irdin.org.br\/site\/envios\/audios\/0023_0548__por_por__conversas_com_trigueirinho_n548.mp3\" class=\"baixar\"><span class=\"fa fa-arrow-down\"><\/span>Baixar<\/span><\/a> <span class=\"textobaixar\"> Conversas com Trigueirinho n\u00ba 548<\/span><\/p>\n","protected":false},"excerpt":{"rendered":"<p>Guardi\u00e3es invis\u00edveis de lugares especiais \/ Sonho com gatos \/ Almas que aliviam o sofrimento do mundo \/ Transforma\u00e7\u00e3o e<\/p>\n","protected":false},"featured_media":37479,"template":"","meta":{"_acf_changed":false},"product_brand":[],"product_cat":[18076,33068],"product_tag":[],"class_list":{"0":"post-82676","1":"product","2":"type-product","3":"status-publish","4":"has-post-thumbnail","6":"product_cat-cddvd","7":"product_cat-palestras","8":"pa_autor-trigueirinho","9":"pa_codigo-da-serie-31985","10":"pa_codigo-de-barras-29233","11":"pa_codigo-externo-00230548porcd","12":"pa_data-de-edicao-25026","13":"pa_data-de-gravacao-29230","14":"pa_data-de-lancamento-25027","15":"pa_duracao-55min","16":"pa_idioma-de-destino-portugues","17":"pa_idioma-de-origem-portugues","18":"pa_lancamento-no","19":"pa_midia-cd","20":"pa_quantidade-de-saldo-33067","21":"pa_sequencial-da-serie-32295","22":"pa_tipo-de-traducao-nao-traduzido","24":"first","25":"outofstock","26":"product-type-simple"},"acf":[],"_links":{"self":[{"href":"https:\/\/www.irdin.org.br\/site\/wp-json\/wp\/v2\/product\/82676","targetHints":{"allow":["GET"]}}],"collection":[{"href":"https:\/\/www.irdin.org.br\/site\/wp-json\/wp\/v2\/product"}],"about":[{"href":"https:\/\/www.irdin.org.br\/site\/wp-json\/wp\/v2\/types\/product"}],"version-history":[{"count":1,"href":"https:\/\/www.irdin.org.br\/site\/wp-json\/wp\/v2\/product\/82676\/revisions"}],"predecessor-version":[{"id":109422,"href":"https:\/\/www.irdin.org.br\/site\/wp-json\/wp\/v2\/product\/82676\/revisions\/109422"}],"wp:featuredmedia":[{"embeddable":true,"href":"https:\/\/www.irdin.org.br\/site\/wp-json\/wp\/v2\/media\/37479"}],"wp:attachment":[{"href":"https:\/\/www.irdin.org.br\/site\/wp-json\/wp\/v2\/media?parent=82676"}],"wp:term":[{"taxonomy":"product_brand","embeddable":true,"href":"https:\/\/www.irdin.org.br\/site\/wp-json\/wp\/v2\/product_brand?post=82676"},{"taxonomy":"product_cat","embeddable":true,"href":"https:\/\/www.irdin.org.br\/site\/wp-json\/wp\/v2\/product_cat?post=82676"},{"taxonomy":"product_tag","embeddable":true,"href":"https:\/\/www.irdin.org.br\/site\/wp-json\/wp\/v2\/product_tag?post=82676"}],"curies":[{"name":"wp","href":"https:\/\/api.w.org\/{rel}","templated":true}]}}