{"id":82682,"date":"2018-04-26T18:09:29","date_gmt":"2018-04-26T18:09:29","guid":{"rendered":"http:\/\/www.irdin.org.br\/site\/produto\/conversas-com-trigueirinho-no-554\/"},"modified":"2025-03-16T00:58:11","modified_gmt":"2025-03-16T00:58:11","slug":"conversas-com-trigueirinho-no-554","status":"publish","type":"product","link":"https:\/\/www.irdin.org.br\/site\/produtos\/conversas-com-trigueirinho-no-554\/","title":{"rendered":"Conversas com Trigueirinho n\u00ba 554"},"content":{"rendered":"<p>Preparo para retiros \/ Transcend\u00eancia do egocentrismo \/ Trazer a mente para o cora\u00e7\u00e3o, sede da alma \/ Contato com Hierarquias espirituais \/ Passos na vida de ora\u00e7\u00e3o \/ Pr\u00e1tica de repeti\u00e7\u00e3o de mantras \/ Origem do ros\u00e1rio \/ O s\u00edmbolo da cruz e sua fun\u00e7\u00e3o \/ O livro O Mist\u00e9rio da Cruz na Atual Transi\u00e7\u00e3o Planet\u00e1ria&#8221; \/ Aprender a seguir indica\u00e7\u00f5es do n\u00edvel interno do ser                                                                                                                                                                                                                                                                                                                                                                                                                                                                                                                                                                                                                                                                                                                                                                                                                                                                                                                                                                                                                                                                                                                                                                                                                                                                                                                                                                                                                                                                                                                                                                                                                                                                                                                                                                                                                                                                                                                                                                                                                                                                                                                                                                                                                                                                                                                                                                                                                                                                                                                                                                                                                                                                                                                                                                                                                                                                                                                                                                                                                                                                                                                                                                                                                                                                                                                                                                                                                                                                                                                                                                                                                                                                                                                                                                                                                                                                                                                                                                                                                                                                                                                                                                                                                                                                                                                                                                                                                                                                                                                                                                                                                                                                                                                                                                                                                                                                                                                                                                                                                                                                                                                                                                                                                                                                                                                                                                                                                                                                                                                                                                                                                                                                                                                                                                                                                                                                                                                                                                                                                                                                                                                                                                                                                                                                                                                                                                                                                                                                                                                                                                                                                                                                                                                                                                                                                                                                                                                                                                                                                                                                                                                                                                                                                                                                                                                                                                                                                                                                                                                                                                                                                                                                                                                                                                                                                                                                                                                                                                                                                                                                                                                                                  &#8221;<\/p>\n<p>&nbsp;<\/p>\n<p>&nbsp;<br \/>\n<strong>Ou\u00e7a agora:<\/strong><\/p>\n<p><span data-href=\"https:\/\/www.irdin.org.br\/site\/envios\/audios\/0023_0554__por_por__conversas_com_trigueirinho_n554.mp3\" data-title=\"Conversas com Trigueirinho n\u00ba 554\" data-rel=\"\" data-target=\"\" data-meta=\"#fap-meta-69e6311f38427\" class=\"fap-single-track fap-track-button fap-play-button\" data-enqueue=\"no\" data-autoenqueue=\"no\" title=\"Conversas com Trigueirinho n\u00ba 554\"><span class=\"fap-icon-play\"><\/span>Ouvir<\/span> <a href=\"https:\/\/www.irdin.org.br\/site\/envios\/audios\/0023_0554__por_por__conversas_com_trigueirinho_n554.mp3\" class=\"baixar\"><span class=\"fa fa-arrow-down\"><\/span>Baixar<\/span><\/a> <span class=\"textobaixar\"> Conversas com Trigueirinho n\u00ba 554<\/span><\/p>\n","protected":false},"excerpt":{"rendered":"<p>Preparo para retiros \/ Transcend\u00eancia do egocentrismo \/ Trazer a mente para o cora\u00e7\u00e3o, sede da alma \/ Contato com<\/p>\n","protected":false},"featured_media":37479,"template":"","meta":{"_acf_changed":false},"product_brand":[],"product_cat":[18076,33068],"product_tag":[],"class_list":{"0":"post-82682","1":"product","2":"type-product","3":"status-publish","4":"has-post-thumbnail","6":"product_cat-cddvd","7":"product_cat-palestras","8":"pa_autor-trigueirinho","9":"pa_codigo-da-serie-31985","10":"pa_codigo-de-barras-29254","11":"pa_codigo-externo-00230554porcd","12":"pa_data-de-edicao-38695","13":"pa_data-de-gravacao-27107","14":"pa_data-de-lancamento-38696","15":"pa_duracao-45min","16":"pa_idioma-de-destino-portugues","17":"pa_idioma-de-origem-portugues","18":"pa_lancamento-no","19":"pa_midia-cd","20":"pa_quantidade-de-saldo-33067","21":"pa_sequencial-da-serie-32307","22":"pa_tipo-de-traducao-nao-traduzido","24":"first","25":"outofstock","26":"product-type-simple"},"acf":[],"_links":{"self":[{"href":"https:\/\/www.irdin.org.br\/site\/wp-json\/wp\/v2\/product\/82682","targetHints":{"allow":["GET"]}}],"collection":[{"href":"https:\/\/www.irdin.org.br\/site\/wp-json\/wp\/v2\/product"}],"about":[{"href":"https:\/\/www.irdin.org.br\/site\/wp-json\/wp\/v2\/types\/product"}],"version-history":[{"count":1,"href":"https:\/\/www.irdin.org.br\/site\/wp-json\/wp\/v2\/product\/82682\/revisions"}],"predecessor-version":[{"id":109260,"href":"https:\/\/www.irdin.org.br\/site\/wp-json\/wp\/v2\/product\/82682\/revisions\/109260"}],"wp:featuredmedia":[{"embeddable":true,"href":"https:\/\/www.irdin.org.br\/site\/wp-json\/wp\/v2\/media\/37479"}],"wp:attachment":[{"href":"https:\/\/www.irdin.org.br\/site\/wp-json\/wp\/v2\/media?parent=82682"}],"wp:term":[{"taxonomy":"product_brand","embeddable":true,"href":"https:\/\/www.irdin.org.br\/site\/wp-json\/wp\/v2\/product_brand?post=82682"},{"taxonomy":"product_cat","embeddable":true,"href":"https:\/\/www.irdin.org.br\/site\/wp-json\/wp\/v2\/product_cat?post=82682"},{"taxonomy":"product_tag","embeddable":true,"href":"https:\/\/www.irdin.org.br\/site\/wp-json\/wp\/v2\/product_tag?post=82682"}],"curies":[{"name":"wp","href":"https:\/\/api.w.org\/{rel}","templated":true}]}}