{"id":82686,"date":"2018-04-26T18:09:29","date_gmt":"2018-04-26T18:09:29","guid":{"rendered":"http:\/\/www.irdin.org.br\/site\/produto\/conversas-com-trigueirinho-no-558\/"},"modified":"2025-03-16T00:58:29","modified_gmt":"2025-03-16T00:58:29","slug":"conversas-com-trigueirinho-no-558","status":"publish","type":"product","link":"https:\/\/www.irdin.org.br\/site\/produtos\/conversas-com-trigueirinho-no-558\/","title":{"rendered":"Conversas com Trigueirinho n\u00ba 558"},"content":{"rendered":"<p>Que \u00e9 dharma? \/ Verdadeira filia\u00e7\u00e3o \/ Libera\u00e7\u00e3o de v\u00ednculos familiares na vida mon\u00e1stica \/ Monast\u00e9rio nestes tempos \/ Imperfei\u00e7\u00e3o humana \/ Aspectos da individualiza\u00e7\u00e3o de animais \/ Bases supraf\u00edsicas no trabalho dos centros planet\u00e1rios \/ Valor de praticar o que se aprende \/ S\u00e3o Francisco hoje \/ Teresa de \u00c1vila, Jo\u00e3o da Cruz e obscurantismo \/ Papel do amor e do sofrimento na individualiza\u00e7\u00e3o                                                                                                                                                                                                                                                                                                                                                                                                                                                                                                                                                                                                                                                                                                                                                                                                                                                                                                                                                                                                                                                                                                                                                                                                                                                                                                                                                                                                                                                                                                                                                                                                                                                                                                                                                                                                                                                                                                                                                                                                                                                                                                                                                                                                                                                                                                                                                                                                                                                                                                                                                                                                                                                                                                                                                                                                                                                                                                                                                                                                                                                                                                                                                                                                                                                                                                                                                                                                                                                                                                                                                                                                                                                                                                                                                                                                                                                                                                                                                                                                                                                                                                                                                                                                                                                                                                                                                                                                                                                                                                                                                                                                                                                                                                                                                                                                                                                                                                                                                                                                                                                                                                                                                                                                                                                                                                                                                                                                                                                                                                                                                                                                                                                                                                                                                                                                                                                                                                                                                                                                                                                                                                                                                                                                                                                                                                                                                                                                                                                                                                                                                                                                                                                                                                                                                                                                                                                                                                                                                                                                                                                                                                                                                                                                                                                                                                                                                                                                                                                                                                                                                                                                                                                                                                                                                                                                                                                                                                                                                                                                                                                                                                                        <\/p>\n<p>&nbsp;<\/p>\n<p>&nbsp;<br \/>\n<strong>Ou\u00e7a agora:<\/strong><\/p>\n<p><span data-href=\"https:\/\/www.irdin.org.br\/site\/envios\/audios\/0023_0558__por_por__conversas_com_trigueirinho_n558.mp3\" data-title=\"Conversas com Trigueirinho n\u00ba 558\" data-rel=\"\" data-target=\"\" data-meta=\"#fap-meta-69f7141412ee2\" class=\"fap-single-track fap-track-button fap-play-button\" data-enqueue=\"no\" data-autoenqueue=\"no\" title=\"Conversas com Trigueirinho n\u00ba 558\"><span class=\"fap-icon-play\"><\/span>Ouvir<\/span> <a href=\"https:\/\/www.irdin.org.br\/site\/envios\/audios\/0023_0558__por_por__conversas_com_trigueirinho_n558.mp3\" class=\"baixar\"><span class=\"fa fa-arrow-down\"><\/span>Baixar<\/span><\/a> <span class=\"textobaixar\"> Conversas com Trigueirinho n\u00ba 558<\/span><\/p>\n","protected":false},"excerpt":{"rendered":"<p>Que \u00e9 dharma? \/ Verdadeira filia\u00e7\u00e3o \/ Libera\u00e7\u00e3o de v\u00ednculos familiares na vida mon\u00e1stica \/ Monast\u00e9rio nestes tempos \/ Imperfei\u00e7\u00e3o<\/p>\n","protected":false},"featured_media":37479,"template":"","meta":{"_acf_changed":false},"product_brand":[],"product_cat":[18076,33068],"product_tag":[],"class_list":{"0":"post-82686","1":"product","2":"type-product","3":"status-publish","4":"has-post-thumbnail","6":"product_cat-cddvd","7":"product_cat-palestras","8":"pa_autor-trigueirinho","9":"pa_codigo-da-serie-31985","10":"pa_codigo-de-barras-29269","11":"pa_codigo-externo-00230558porcd","12":"pa_data-de-edicao-38707","13":"pa_data-de-gravacao-29266","14":"pa_data-de-lancamento-38708","15":"pa_duracao-42min","16":"pa_idioma-de-destino-portugues","17":"pa_idioma-de-origem-portugues","18":"pa_lancamento-no","19":"pa_midia-cd","20":"pa_quantidade-de-saldo-33067","21":"pa_sequencial-da-serie-32314","22":"pa_tipo-de-traducao-nao-traduzido","24":"first","25":"outofstock","26":"product-type-simple"},"acf":[],"_links":{"self":[{"href":"https:\/\/www.irdin.org.br\/site\/wp-json\/wp\/v2\/product\/82686","targetHints":{"allow":["GET"]}}],"collection":[{"href":"https:\/\/www.irdin.org.br\/site\/wp-json\/wp\/v2\/product"}],"about":[{"href":"https:\/\/www.irdin.org.br\/site\/wp-json\/wp\/v2\/types\/product"}],"version-history":[{"count":1,"href":"https:\/\/www.irdin.org.br\/site\/wp-json\/wp\/v2\/product\/82686\/revisions"}],"predecessor-version":[{"id":109262,"href":"https:\/\/www.irdin.org.br\/site\/wp-json\/wp\/v2\/product\/82686\/revisions\/109262"}],"wp:featuredmedia":[{"embeddable":true,"href":"https:\/\/www.irdin.org.br\/site\/wp-json\/wp\/v2\/media\/37479"}],"wp:attachment":[{"href":"https:\/\/www.irdin.org.br\/site\/wp-json\/wp\/v2\/media?parent=82686"}],"wp:term":[{"taxonomy":"product_brand","embeddable":true,"href":"https:\/\/www.irdin.org.br\/site\/wp-json\/wp\/v2\/product_brand?post=82686"},{"taxonomy":"product_cat","embeddable":true,"href":"https:\/\/www.irdin.org.br\/site\/wp-json\/wp\/v2\/product_cat?post=82686"},{"taxonomy":"product_tag","embeddable":true,"href":"https:\/\/www.irdin.org.br\/site\/wp-json\/wp\/v2\/product_tag?post=82686"}],"curies":[{"name":"wp","href":"https:\/\/api.w.org\/{rel}","templated":true}]}}