{"id":82730,"date":"2009-05-01T00:00:00","date_gmt":"2009-05-01T00:00:00","guid":{"rendered":"http:\/\/www.irdin.org.br\/site\/produto\/conversas-com-trigueirinho-no-602\/"},"modified":"2025-03-16T02:07:40","modified_gmt":"2025-03-16T02:07:40","slug":"conversas-com-trigueirinho-no-602","status":"publish","type":"product","link":"https:\/\/www.irdin.org.br\/site\/produtos\/conversas-com-trigueirinho-no-602\/","title":{"rendered":"Conversas com Trigueirinho n\u00ba 602"},"content":{"rendered":"<p>Graus de alegria \/ Caminho para comunh\u00e3o com o eu interno \/ Ora\u00e7\u00e3o e contempla\u00e7\u00e3o \/ Civiliza\u00e7\u00e3o do Cisne \/ Ativa\u00e7\u00e3o de discos solares \/ Trabalho do retiro de Licanc\u00e1bur \/ Impessoalidade dos contatos com a Hierarquia \/ Hierarquia Ahkiuk, que foi Santa Rosa de Lima \/ Consciente direito e reden\u00e7\u00e3o planet\u00e1ria \/ Linhagens mon\u00e1dicas \/ Sacerdotes e monges \/ Energia da Vontade-Poder em n\u00f3s                                                                                                                                                                                                                                                                                                                                                                                                                                                                                                                                                                                                                                                                                                                                                                                                                                                                                                                                                                                                                                                                                                                                                                                                                                                                                                                                                                                                                                                                                                                                                                                                                                                                                                                                                                                                                                                                                                                                                                                                                                                                                                                                                                                                                                                                                                                                                                                                                                                                                                                                                                                                                                                                                                                                                                                                                                                                                                                                                                                                                                                                                                                                                                                                                                                                                                                                                                                                                                                                                                                                                                                                                                                                                                                                                                                                                                                                                                                                                                                                                                                                                                                                                                                                                                                                                                                                                                                                                                                                                                                                                                                                                                                                                                                                                                                                                                                                                                                                                                                                                                                                                                                                                                                                                                                                                                                                                                                                                                                                                                                                                                                                                                                                                                                                                                                                                                                                                                                                                                                                                                                                                                                                                                                                                                                                                                                                                                                                                                                                                                                                                                                                                                                                                                                                                                                                                                                                                                                                                                                                                                                                                                                                                                                                                                                                                                                                                                                                                                                                                                                                                                                                                                                                                                                                                                                                                                                                                                                                                                                                                                                                                                                                 <\/p>\n<p>&nbsp;<\/p>\n<p>&nbsp;<br \/>\n<strong>Ou\u00e7a agora:<\/strong><\/p>\n<p><span data-href=\"https:\/\/www.irdin.org.br\/site\/envios\/audios\/0023_0602__por_por__conversas_com_trigueirinho_n602.mp3\" data-title=\"Conversas com Trigueirinho n\u00ba 602\" data-rel=\"\" data-target=\"\" data-meta=\"#fap-meta-69e5fa038e11f\" class=\"fap-single-track fap-track-button fap-play-button\" data-enqueue=\"no\" data-autoenqueue=\"no\" title=\"Conversas com Trigueirinho n\u00ba 602\"><span class=\"fap-icon-play\"><\/span>Ouvir<\/span> <a href=\"https:\/\/www.irdin.org.br\/site\/envios\/audios\/0023_0602__por_por__conversas_com_trigueirinho_n602.mp3\" class=\"baixar\" download><span class=\"fa fa-arrow-down\"><\/span>Baixar<\/span><\/a> <span class=\"textobaixar\"> Conversas com Trigueirinho n\u00ba 602<\/span><\/p>\n","protected":false},"excerpt":{"rendered":"<p>Graus de alegria \/ Caminho para comunh\u00e3o com o eu interno \/ Ora\u00e7\u00e3o e contempla\u00e7\u00e3o \/ Civiliza\u00e7\u00e3o do Cisne \/<\/p>\n","protected":false},"featured_media":37479,"template":"","meta":{"_acf_changed":false},"product_brand":[],"product_cat":[18076,33068],"product_tag":[],"class_list":{"0":"post-82730","1":"product","2":"type-product","3":"status-publish","4":"has-post-thumbnail","6":"product_cat-cddvd","7":"product_cat-palestras","8":"pa_autor-trigueirinho","9":"pa_codigo-da-serie-31985","10":"pa_codigo-de-barras-29434","11":"pa_codigo-externo-00230602porcd","12":"pa_data-de-edicao-24805","13":"pa_data-de-gravacao-29431","14":"pa_data-de-lancamento-24806","15":"pa_duracao-50min","16":"pa_idioma-de-destino-portugues","17":"pa_idioma-de-origem-portugues","18":"pa_lancamento-no","19":"pa_midia-cd","20":"pa_quantidade-de-saldo-33067","21":"pa_sequencial-da-serie-32393","22":"pa_tipo-de-traducao-nao-traduzido","24":"first","25":"outofstock","26":"product-type-simple"},"acf":[],"_links":{"self":[{"href":"https:\/\/www.irdin.org.br\/site\/wp-json\/wp\/v2\/product\/82730","targetHints":{"allow":["GET"]}}],"collection":[{"href":"https:\/\/www.irdin.org.br\/site\/wp-json\/wp\/v2\/product"}],"about":[{"href":"https:\/\/www.irdin.org.br\/site\/wp-json\/wp\/v2\/types\/product"}],"version-history":[{"count":1,"href":"https:\/\/www.irdin.org.br\/site\/wp-json\/wp\/v2\/product\/82730\/revisions"}],"predecessor-version":[{"id":109403,"href":"https:\/\/www.irdin.org.br\/site\/wp-json\/wp\/v2\/product\/82730\/revisions\/109403"}],"wp:featuredmedia":[{"embeddable":true,"href":"https:\/\/www.irdin.org.br\/site\/wp-json\/wp\/v2\/media\/37479"}],"wp:attachment":[{"href":"https:\/\/www.irdin.org.br\/site\/wp-json\/wp\/v2\/media?parent=82730"}],"wp:term":[{"taxonomy":"product_brand","embeddable":true,"href":"https:\/\/www.irdin.org.br\/site\/wp-json\/wp\/v2\/product_brand?post=82730"},{"taxonomy":"product_cat","embeddable":true,"href":"https:\/\/www.irdin.org.br\/site\/wp-json\/wp\/v2\/product_cat?post=82730"},{"taxonomy":"product_tag","embeddable":true,"href":"https:\/\/www.irdin.org.br\/site\/wp-json\/wp\/v2\/product_tag?post=82730"}],"curies":[{"name":"wp","href":"https:\/\/api.w.org\/{rel}","templated":true}]}}