{"id":82731,"date":"2009-05-01T00:00:00","date_gmt":"2009-05-01T00:00:00","guid":{"rendered":"http:\/\/www.irdin.org.br\/site\/produto\/conversas-com-trigueirinho-no-603\/"},"modified":"2025-03-16T02:07:47","modified_gmt":"2025-03-16T02:07:47","slug":"conversas-com-trigueirinho-no-603","status":"publish","type":"product","link":"https:\/\/www.irdin.org.br\/site\/produtos\/conversas-com-trigueirinho-no-603\/","title":{"rendered":"Conversas com Trigueirinho n\u00ba 603"},"content":{"rendered":"<p>Eleva\u00e7\u00e3o das energias sexuais \/ Sonhar que se est\u00e1 morto \/ Repeti\u00e7\u00e3o de mantras \/ Concentra\u00e7\u00e3o na alma \/ Almas jovens \/ Aceita\u00e7\u00e3o do que a vida apresenta \/ Exterioriza\u00e7\u00e3o de centros planet\u00e1rios \/ Manifesta\u00e7\u00f5es da Hierarquia Espiritual \/ Que fun\u00e7\u00e3o temos no mundo? \/ Significado da respira\u00e7\u00e3o \/ Mudan\u00e7a de identidade \/ Buscar a alma antes de mais nada \/ Cada um \u00e9 respons\u00e1vel por si                                                                                                                                                                                                                                                                                                                                                                                                                                                                                                                                                                                                                                                                                                                                                                                                                                                                                                                                                                                                                                                                                                                                                                                                                                                                                                                                                                                                                                                                                                                                                                                                                                                                                                                                                                                                                                                                                                                                                                                                                                                                                                                                                                                                                                                                                                                                                                                                                                                                                                                                                                                                                                                                                                                                                                                                                                                                                                                                                                                                                                                                                                                                                                                                                                                                                                                                                                                                                                                                                                                                                                                                                                                                                                                                                                                                                                                                                                                                                                                                                                                                                                                                                                                                                                                                                                                                                                                                                                                                                                                                                                                                                                                                                                                                                                                                                                                                                                                                                                                                                                                                                                                                                                                                                                                                                                                                                                                                                                                                                                                                                                                                                                                                                                                                                                                                                                                                                                                                                                                                                                                                                                                                                                                                                                                                                                                                                                                                                                                                                                                                                                                                                                                                                                                                                                                                                                                                                                                                                                                                                                                                                                                                                                                                                                                                                                                                                                                                                                                                                                                                                                                                                                                                                                                                                                                                                                                                                                                                                                                                                                                                                                                                    <\/p>\n<p>&nbsp;<\/p>\n<p>&nbsp;<br \/>\n<strong>Ou\u00e7a agora:<\/strong><\/p>\n<p><span data-href=\"https:\/\/www.irdin.org.br\/site\/envios\/audios\/0023_0603__por_por__conversas_com_trigueirinho_n603.mp3\" data-title=\"Conversas com Trigueirinho n\u00ba 603\" data-rel=\"\" data-target=\"\" data-meta=\"#fap-meta-69ede3b99ed9d\" class=\"fap-single-track fap-track-button fap-play-button\" data-enqueue=\"no\" data-autoenqueue=\"no\" title=\"Conversas com Trigueirinho n\u00ba 603\"><span class=\"fap-icon-play\"><\/span>Ouvir<\/span> <a href=\"https:\/\/www.irdin.org.br\/site\/envios\/audios\/0023_0603__por_por__conversas_com_trigueirinho_n603.mp3\" class=\"baixar\"><span class=\"fa fa-arrow-down\"><\/span>Baixar<\/span><\/a> <span class=\"textobaixar\"> Conversas com Trigueirinho n\u00ba 603<\/span><\/p>\n","protected":false},"excerpt":{"rendered":"<p>Eleva\u00e7\u00e3o das energias sexuais \/ Sonhar que se est\u00e1 morto \/ Repeti\u00e7\u00e3o de mantras \/ Concentra\u00e7\u00e3o na alma \/ Almas<\/p>\n","protected":false},"featured_media":37479,"template":"","meta":{"_acf_changed":false},"product_brand":[],"product_cat":[18076,33068],"product_tag":[],"class_list":{"0":"post-82731","1":"product","2":"type-product","3":"status-publish","4":"has-post-thumbnail","6":"product_cat-cddvd","7":"product_cat-palestras","8":"pa_autor-trigueirinho","9":"pa_codigo-da-serie-31985","10":"pa_codigo-de-barras-29437","11":"pa_codigo-externo-00230603porcd","12":"pa_data-de-edicao-24805","13":"pa_data-de-gravacao-19537","14":"pa_data-de-lancamento-24806","15":"pa_duracao-42min","16":"pa_idioma-de-destino-portugues","17":"pa_idioma-de-origem-portugues","18":"pa_lancamento-no","19":"pa_midia-cd","20":"pa_quantidade-de-saldo-33067","21":"pa_sequencial-da-serie-32394","22":"pa_tipo-de-traducao-nao-traduzido","24":"first","25":"outofstock","26":"product-type-simple"},"acf":[],"_links":{"self":[{"href":"https:\/\/www.irdin.org.br\/site\/wp-json\/wp\/v2\/product\/82731","targetHints":{"allow":["GET"]}}],"collection":[{"href":"https:\/\/www.irdin.org.br\/site\/wp-json\/wp\/v2\/product"}],"about":[{"href":"https:\/\/www.irdin.org.br\/site\/wp-json\/wp\/v2\/types\/product"}],"version-history":[{"count":1,"href":"https:\/\/www.irdin.org.br\/site\/wp-json\/wp\/v2\/product\/82731\/revisions"}],"predecessor-version":[{"id":109404,"href":"https:\/\/www.irdin.org.br\/site\/wp-json\/wp\/v2\/product\/82731\/revisions\/109404"}],"wp:featuredmedia":[{"embeddable":true,"href":"https:\/\/www.irdin.org.br\/site\/wp-json\/wp\/v2\/media\/37479"}],"wp:attachment":[{"href":"https:\/\/www.irdin.org.br\/site\/wp-json\/wp\/v2\/media?parent=82731"}],"wp:term":[{"taxonomy":"product_brand","embeddable":true,"href":"https:\/\/www.irdin.org.br\/site\/wp-json\/wp\/v2\/product_brand?post=82731"},{"taxonomy":"product_cat","embeddable":true,"href":"https:\/\/www.irdin.org.br\/site\/wp-json\/wp\/v2\/product_cat?post=82731"},{"taxonomy":"product_tag","embeddable":true,"href":"https:\/\/www.irdin.org.br\/site\/wp-json\/wp\/v2\/product_tag?post=82731"}],"curies":[{"name":"wp","href":"https:\/\/api.w.org\/{rel}","templated":true}]}}