{"id":82739,"date":"2018-04-26T18:10:19","date_gmt":"2018-04-26T18:10:19","guid":{"rendered":"http:\/\/www.irdin.org.br\/site\/produto\/conversas-com-trigueirinho-no-611\/"},"modified":"2024-09-27T13:08:27","modified_gmt":"2024-09-27T13:08:27","slug":"conversas-com-trigueirinho-no-611","status":"publish","type":"product","link":"https:\/\/www.irdin.org.br\/site\/produtos\/conversas-com-trigueirinho-no-611\/","title":{"rendered":"Conversas com Trigueirinho n\u00ba 611"},"content":{"rendered":"<p>Praticar o bem e esquecer o resto \/ Transmuta\u00e7\u00e3o feita por animais \/ Valor de estudar os centros planet\u00e1rios \/ Materializa\u00e7\u00e3o de seres intraterrenos \/ Doutrina esp\u00edrita, Kardec e Chico Xavier \/ Ajuda a moribundos e desencarnados \/ O livro A Voz de Amhaj&#8221; \/ N\u00facleo de Figueira em Belo Horizonte \/ Aplica\u00e7\u00f5es de c\u00e9sio pela Irmandade Branca \/ Mantras de Figueira e sintonia com mundos internos                                                                                                                                                                                                                                                                                                                                                                                                                                                                                                                                                                                                                                                                                                                                                                                                                                                                                                                                                                                                                                                                                                                                                                                                                                                                                                                                                                                                                                                                                                                                                                                                                                                                                                                                                                                                                                                                                                                                                                                                                                                                                                                                                                                                                                                                                                                                                                                                                                                                                                                                                                                                                                                                                                                                                                                                                                                                                                                                                                                                                                                                                                                                                                                                                                                                                                                                                                                                                                                                                                                                                                                                                                                                                                                                                                                                                                                                                                                                                                                                                                                                                                                                                                                                                                                                                                                                                                                                                                                                                                                                                                                                                                                                                                                                                                                                                                                                                                                                                                                                                                                                                                                                                                                                                                                                                                                                                                                                                                                                                                                                                                                                                                                                                                                                                                                                                                                                                                                                                                                                                                                                                                                                                                                                                                                                                                                                                                                                                                                                                                                                                                                                                                                                                                                                                                                                                                                                                                                                                                                                                                                                                                                                                                                                                                                                                                                                                                                                                                                                                                                                                                                                                                                                                                                                                                                                                                                                                                                                                                                                                                                                                                                          &#8221;<\/p>\n<p>&nbsp;<\/p>\n<p>&nbsp;<br \/>\n<strong>Ou\u00e7a agora:<\/strong><\/p>\n<p><span data-href=\"https:\/\/www.irdin.org.br\/site\/envios\/audios\/0023_0611__por_por__conversas_com_trigueirinho_n611.mp3\" data-title=\"Conversas com Trigueirinho n\u00ba 611\" data-rel=\"\" data-target=\"\" data-meta=\"#fap-meta-69e27399d7727\" class=\"fap-single-track fap-track-button fap-play-button\" data-enqueue=\"no\" data-autoenqueue=\"no\" title=\"Conversas com Trigueirinho n\u00ba 611\"><span class=\"fap-icon-play\"><\/span>Ouvir<\/span> <a href=\"https:\/\/www.irdin.org.br\/site\/envios\/audios\/0023_0611__por_por__conversas_com_trigueirinho_n611.mp3\" class=\"baixar\"><span class=\"fa fa-arrow-down\"><\/span>Baixar<\/span><\/a> <span class=\"textobaixar\"> Conversas com Trigueirinho n\u00ba 611<\/span><\/p>\n","protected":false},"excerpt":{"rendered":"<p>Praticar o bem e esquecer o resto \/ Transmuta\u00e7\u00e3o feita por animais \/ Valor de estudar os centros planet\u00e1rios \/<\/p>\n","protected":false},"featured_media":37479,"template":"","meta":{"_acf_changed":false},"product_brand":[],"product_cat":[18076,33068],"product_tag":[],"class_list":{"0":"post-82739","1":"product","2":"type-product","3":"status-publish","4":"has-post-thumbnail","6":"product_cat-cddvd","7":"product_cat-palestras","8":"pa_autor-trigueirinho","9":"pa_codigo-da-serie-31985","10":"pa_codigo-de-barras-29467","11":"pa_codigo-externo-00230611porcd","12":"pa_data-de-edicao-24950","13":"pa_data-de-gravacao-19545","14":"pa_data-de-lancamento-24951","15":"pa_duracao-32min","16":"pa_idioma-de-destino-portugues","17":"pa_idioma-de-origem-portugues","18":"pa_lancamento-no","19":"pa_midia-cd","20":"pa_quantidade-de-saldo-33067","21":"pa_sequencial-da-serie-32407","22":"pa_tipo-de-traducao-nao-traduzido","24":"first","25":"outofstock","26":"product-type-simple"},"acf":[],"_links":{"self":[{"href":"https:\/\/www.irdin.org.br\/site\/wp-json\/wp\/v2\/product\/82739","targetHints":{"allow":["GET"]}}],"collection":[{"href":"https:\/\/www.irdin.org.br\/site\/wp-json\/wp\/v2\/product"}],"about":[{"href":"https:\/\/www.irdin.org.br\/site\/wp-json\/wp\/v2\/types\/product"}],"version-history":[{"count":1,"href":"https:\/\/www.irdin.org.br\/site\/wp-json\/wp\/v2\/product\/82739\/revisions"}],"predecessor-version":[{"id":107699,"href":"https:\/\/www.irdin.org.br\/site\/wp-json\/wp\/v2\/product\/82739\/revisions\/107699"}],"wp:featuredmedia":[{"embeddable":true,"href":"https:\/\/www.irdin.org.br\/site\/wp-json\/wp\/v2\/media\/37479"}],"wp:attachment":[{"href":"https:\/\/www.irdin.org.br\/site\/wp-json\/wp\/v2\/media?parent=82739"}],"wp:term":[{"taxonomy":"product_brand","embeddable":true,"href":"https:\/\/www.irdin.org.br\/site\/wp-json\/wp\/v2\/product_brand?post=82739"},{"taxonomy":"product_cat","embeddable":true,"href":"https:\/\/www.irdin.org.br\/site\/wp-json\/wp\/v2\/product_cat?post=82739"},{"taxonomy":"product_tag","embeddable":true,"href":"https:\/\/www.irdin.org.br\/site\/wp-json\/wp\/v2\/product_tag?post=82739"}],"curies":[{"name":"wp","href":"https:\/\/api.w.org\/{rel}","templated":true}]}}