{"id":82741,"date":"2018-04-26T18:10:19","date_gmt":"2018-04-26T18:10:19","guid":{"rendered":"http:\/\/www.irdin.org.br\/site\/produto\/conversas-com-trigueirinho-no-613\/"},"modified":"2024-09-27T13:09:43","modified_gmt":"2024-09-27T13:09:43","slug":"conversas-com-trigueirinho-no-613","status":"publish","type":"product","link":"https:\/\/www.irdin.org.br\/site\/produtos\/conversas-com-trigueirinho-no-613\/","title":{"rendered":"Conversas com Trigueirinho n\u00ba 613"},"content":{"rendered":"<p>Orar pela paz \/ Alerta quanto \u00e0 in\u00e9rcia \/ Gratid\u00e3o pela vida na Terra \/ Purifica\u00e7\u00e3o \/ Ajuda ao equil\u00edbrio dos demais \/ Efeitos da ora\u00e7\u00e3o sobre os corpos \/ S\u00edmbolos individuais, planet\u00e1rios e c\u00f3smicos \/ Medicina oriental e cura interior \/ Orienta\u00e7\u00f5es \u00e0 Casa Luz da Colina: vig\u00edlia permanente, trabalho com a Natureza e contato com devas nesta \u00e9poca especial \/ Materializa\u00e7\u00e3o de centros planet\u00e1rios                                                                                                                                                                                                                                                                                                                                                                                                                                                                                                                                                                                                                                                                                                                                                                                                                                                                                                                                                                                                                                                                                                                                                                                                                                                                                                                                                                                                                                                                                                                                                                                                                                                                                                                                                                                                                                                                                                                                                                                                                                                                                                                                                                                                                                                                                                                                                                                                                                                                                                                                                                                                                                                                                                                                                                                                                                                                                                                                                                                                                                                                                                                                                                                                                                                                                                                                                                                                                                                                                                                                                                                                                                                                                                                                                                                                                                                                                                                                                                                                                                                                                                                                                                                                                                                                                                                                                                                                                                                                                                                                                                                                                                                                                                                                                                                                                                                                                                                                                                                                                                                                                                                                                                                                                                                                                                                                                                                                                                                                                                                                                                                                                                                                                                                                                                                                                                                                                                                                                                                                                                                                                                                                                                                                                                                                                                                                                                                                                                                                                                                                                                                                                                                                                                                                                                                                                                                                                                                                                                                                                                                                                                                                                                                                                                                                                                                                                                                                                                                                                                                                                                                                                                                                                                                                                                                                                                                                                                                                                                                                                                                                                                                     <\/p>\n<p>&nbsp;<\/p>\n<p>&nbsp;<br \/>\n<strong>Ou\u00e7a agora:<\/strong><\/p>\n<p><span data-href=\"https:\/\/www.irdin.org.br\/site\/envios\/audios\/0023_0613__por_por__conversas_com_trigueirinho_n613.mp3\" data-title=\"Conversas com Trigueirinho n\u00ba 613\" data-rel=\"\" data-target=\"\" data-meta=\"#fap-meta-6a0207596c0ae\" class=\"fap-single-track fap-track-button fap-play-button\" data-enqueue=\"no\" data-autoenqueue=\"no\" title=\"Conversas com Trigueirinho n\u00ba 613\"><span class=\"fap-icon-play\"><\/span>Ouvir<\/span> <a href=\"https:\/\/www.irdin.org.br\/site\/envios\/audios\/0023_0613__por_por__conversas_com_trigueirinho_n613.mp3\" class=\"baixar\"><span class=\"fa fa-arrow-down\"><\/span>Baixar<\/span><\/a> <span class=\"textobaixar\"> Conversas com Trigueirinho n\u00ba 613<\/span><\/p>\n","protected":false},"excerpt":{"rendered":"<p>Orar pela paz \/ Alerta quanto \u00e0 in\u00e9rcia \/ Gratid\u00e3o pela vida na Terra \/ Purifica\u00e7\u00e3o \/ Ajuda ao equil\u00edbrio<\/p>\n","protected":false},"featured_media":37479,"template":"","meta":{"_acf_changed":false},"product_brand":[],"product_cat":[18076,33068],"product_tag":[],"class_list":{"0":"post-82741","1":"product","2":"type-product","3":"status-publish","4":"has-post-thumbnail","6":"product_cat-cddvd","7":"product_cat-palestras","8":"pa_autor-trigueirinho","9":"pa_codigo-da-serie-31985","10":"pa_codigo-de-barras-29474","11":"pa_codigo-externo-00230613porcd","12":"pa_data-de-edicao-24950","13":"pa_data-de-gravacao-19549","14":"pa_data-de-lancamento-24951","15":"pa_duracao-59min","16":"pa_idioma-de-destino-portugues","17":"pa_idioma-de-origem-portugues","18":"pa_lancamento-no","19":"pa_midia-cd","20":"pa_quantidade-de-saldo-33067","21":"pa_sequencial-da-serie-32410","22":"pa_tipo-de-traducao-nao-traduzido","24":"first","25":"outofstock","26":"product-type-simple"},"acf":[],"_links":{"self":[{"href":"https:\/\/www.irdin.org.br\/site\/wp-json\/wp\/v2\/product\/82741","targetHints":{"allow":["GET"]}}],"collection":[{"href":"https:\/\/www.irdin.org.br\/site\/wp-json\/wp\/v2\/product"}],"about":[{"href":"https:\/\/www.irdin.org.br\/site\/wp-json\/wp\/v2\/types\/product"}],"version-history":[{"count":1,"href":"https:\/\/www.irdin.org.br\/site\/wp-json\/wp\/v2\/product\/82741\/revisions"}],"predecessor-version":[{"id":107706,"href":"https:\/\/www.irdin.org.br\/site\/wp-json\/wp\/v2\/product\/82741\/revisions\/107706"}],"wp:featuredmedia":[{"embeddable":true,"href":"https:\/\/www.irdin.org.br\/site\/wp-json\/wp\/v2\/media\/37479"}],"wp:attachment":[{"href":"https:\/\/www.irdin.org.br\/site\/wp-json\/wp\/v2\/media?parent=82741"}],"wp:term":[{"taxonomy":"product_brand","embeddable":true,"href":"https:\/\/www.irdin.org.br\/site\/wp-json\/wp\/v2\/product_brand?post=82741"},{"taxonomy":"product_cat","embeddable":true,"href":"https:\/\/www.irdin.org.br\/site\/wp-json\/wp\/v2\/product_cat?post=82741"},{"taxonomy":"product_tag","embeddable":true,"href":"https:\/\/www.irdin.org.br\/site\/wp-json\/wp\/v2\/product_tag?post=82741"}],"curies":[{"name":"wp","href":"https:\/\/api.w.org\/{rel}","templated":true}]}}