{"id":82749,"date":"2009-02-06T00:00:00","date_gmt":"2009-02-06T00:00:00","guid":{"rendered":"http:\/\/www.irdin.org.br\/site\/produto\/conversas-com-trigueirinho-no-621\/"},"modified":"2025-03-16T02:09:11","modified_gmt":"2025-03-16T02:09:11","slug":"conversas-com-trigueirinho-no-621","status":"publish","type":"product","link":"https:\/\/www.irdin.org.br\/site\/produtos\/conversas-com-trigueirinho-no-621\/","title":{"rendered":"Conversas com Trigueirinho n\u00ba 621"},"content":{"rendered":"<p>Grupo operativo em regi\u00f5es de discos solares \/ Centros planet\u00e1rios no plano f\u00edsico \/ Procria\u00e7\u00e3o como servi\u00e7o \/ Ofertar encontros ao Eu Superior \/ Transmutar a dor do mundo \/ Lei do Carma \/ Superar a raiva \/ Instru\u00e7\u00e3o de discos solares \/ Vis\u00e3o elevada \/ Clausura mon\u00e1stica \/ Monges, alimento e Natureza \/ Desapego e desencarna\u00e7\u00e3o \/ Abertura ao novo \/ Cora\u00e7\u00e3o e mente \/ Malef\u00edcios de telefones celulares                                                                                                                                                                                                                                                                                                                                                                                                                                                                                                                                                                                                                                                                                                                                                                                                                                                                                                                                                                                                                                                                                                                                                                                                                                                                                                                                                                                                                                                                                                                                                                                                                                                                                                                                                                                                                                                                                                                                                                                                                                                                                                                                                                                                                                                                                                                                                                                                                                                                                                                                                                                                                                                                                                                                                                                                                                                                                                                                                                                                                                                                                                                                                                                                                                                                                                                                                                                                                                                                                                                                                                                                                                                                                                                                                                                                                                                                                                                                                                                                                                                                                                                                                                                                                                                                                                                                                                                                                                                                                                                                                                                                                                                                                                                                                                                                                                                                                                                                                                                                                                                                                                                                                                                                                                                                                                                                                                                                                                                                                                                                                                                                                                                                                                                                                                                                                                                                                                                                                                                                                                                                                                                                                                                                                                                                                                                                                                                                                                                                                                                                                                                                                                                                                                                                                                                                                                                                                                                                                                                                                                                                                                                                                                                                                                                                                                                                                                                                                                                                                                                                                                                                                                                                                                                                                                                                                                                                                                                                                                                                                                                                                                                <\/p>\n<p>&nbsp;<\/p>\n<p>&nbsp;<br \/>\n<strong>Ou\u00e7a agora:<\/strong><\/p>\n<p><span data-href=\"https:\/\/www.irdin.org.br\/site\/envios\/audios\/0023_0621__por_por__conversas_com_trigueirinho_n621.mp3\" data-title=\"Conversas com Trigueirinho n\u00ba 621\" data-rel=\"\" data-target=\"\" data-meta=\"#fap-meta-69e6968564185\" class=\"fap-single-track fap-track-button fap-play-button\" data-enqueue=\"no\" data-autoenqueue=\"no\" title=\"Conversas com Trigueirinho n\u00ba 621\"><span class=\"fap-icon-play\"><\/span>Ouvir<\/span> <a href=\"https:\/\/www.irdin.org.br\/site\/envios\/audios\/0023_0621__por_por__conversas_com_trigueirinho_n621.mp3\" class=\"baixar\"><span class=\"fa fa-arrow-down\"><\/span>Baixar<\/span><\/a> <span class=\"textobaixar\"> Conversas com Trigueirinho n\u00ba 621<\/span><\/p>\n","protected":false},"excerpt":{"rendered":"<p>Grupo operativo em regi\u00f5es de discos solares \/ Centros planet\u00e1rios no plano f\u00edsico \/ Procria\u00e7\u00e3o como servi\u00e7o \/ Ofertar encontros<\/p>\n","protected":false},"featured_media":37479,"template":"","meta":{"_acf_changed":false},"product_brand":[],"product_cat":[18076,33068],"product_tag":[],"class_list":{"0":"post-82749","1":"product","2":"type-product","3":"status-publish","4":"has-post-thumbnail","6":"product_cat-cddvd","7":"product_cat-palestras","8":"pa_autor-trigueirinho","9":"pa_codigo-da-serie-31985","10":"pa_codigo-de-barras-29505","11":"pa_codigo-externo-00230621porcd","12":"pa_data-de-edicao-38855","13":"pa_data-de-gravacao-29502","14":"pa_data-de-lancamento-38856","15":"pa_duracao-47min","16":"pa_idioma-de-destino-portugues","17":"pa_idioma-de-origem-portugues","18":"pa_lancamento-no","19":"pa_midia-cd","20":"pa_quantidade-de-saldo-33067","21":"pa_sequencial-da-serie-32425","22":"pa_tipo-de-traducao-nao-traduzido","24":"first","25":"outofstock","26":"product-type-simple"},"acf":[],"_links":{"self":[{"href":"https:\/\/www.irdin.org.br\/site\/wp-json\/wp\/v2\/product\/82749","targetHints":{"allow":["GET"]}}],"collection":[{"href":"https:\/\/www.irdin.org.br\/site\/wp-json\/wp\/v2\/product"}],"about":[{"href":"https:\/\/www.irdin.org.br\/site\/wp-json\/wp\/v2\/types\/product"}],"version-history":[{"count":1,"href":"https:\/\/www.irdin.org.br\/site\/wp-json\/wp\/v2\/product\/82749\/revisions"}],"predecessor-version":[{"id":109412,"href":"https:\/\/www.irdin.org.br\/site\/wp-json\/wp\/v2\/product\/82749\/revisions\/109412"}],"wp:featuredmedia":[{"embeddable":true,"href":"https:\/\/www.irdin.org.br\/site\/wp-json\/wp\/v2\/media\/37479"}],"wp:attachment":[{"href":"https:\/\/www.irdin.org.br\/site\/wp-json\/wp\/v2\/media?parent=82749"}],"wp:term":[{"taxonomy":"product_brand","embeddable":true,"href":"https:\/\/www.irdin.org.br\/site\/wp-json\/wp\/v2\/product_brand?post=82749"},{"taxonomy":"product_cat","embeddable":true,"href":"https:\/\/www.irdin.org.br\/site\/wp-json\/wp\/v2\/product_cat?post=82749"},{"taxonomy":"product_tag","embeddable":true,"href":"https:\/\/www.irdin.org.br\/site\/wp-json\/wp\/v2\/product_tag?post=82749"}],"curies":[{"name":"wp","href":"https:\/\/api.w.org\/{rel}","templated":true}]}}