{"id":82762,"date":"2018-04-26T18:10:36","date_gmt":"2018-04-26T18:10:36","guid":{"rendered":"http:\/\/www.irdin.org.br\/site\/produto\/conversas-com-trigueirinho-no-634\/"},"modified":"2025-03-15T23:53:34","modified_gmt":"2025-03-15T23:53:34","slug":"conversas-com-trigueirinho-no-634","status":"publish","type":"product","link":"https:\/\/www.irdin.org.br\/site\/produtos\/conversas-com-trigueirinho-no-634\/","title":{"rendered":"Conversas com Trigueirinho n\u00ba 634"},"content":{"rendered":"<p>Contato extraterrestre \/ Ensinar pelo exemplo \/ A hora da morte f\u00edsica \/ Crema\u00e7\u00e3o \/ Ora\u00e7\u00e3o, contempla\u00e7\u00e3o e servi\u00e7o \/ Solu\u00e7\u00f5es est\u00e3o no mundo interno \/ Regenera\u00e7\u00e3o pelo estado contemplativo \/ A\u00e7\u00e3o da alma que contempla \/ Estar bem encarnado para o trabalho espiritual \/ Grupos de almas \/ Energia mon\u00e1stica e nova ra\u00e7a \/ Tarefas n\u00e3o expl\u00edcitas de Figueira \/ Aspecto feminino da cria\u00e7\u00e3o \/ Erks e evolu\u00e7\u00e3o superior                                                                                                                                                                                                                                                                                                                                                                                                                                                                                                                                                                                                                                                                                                                                                                                                                                                                                                                                                                                                                                                                                                                                                                                                                                                                                                                                                                                                                                                                                                                                                                                                                                                                                                                                                                                                                                                                                                                                                                                                                                                                                                                                                                                                                                                                                                                                                                                                                                                                                                                                                                                                                                                                                                                                                                                                                                                                                                                                                                                                                                                                                                                                                                                                                                                                                                                                                                                                                                                                                                                                                                                                                                                                                                                                                                                                                                                                                                                                                                                                                                                                                                                                                                                                                                                                                                                                                                                                                                                                                                                                                                                                                                                                                                                                                                                                                                                                                                                                                                                                                                                                                                                                                                                                                                                                                                                                                                                                                                                                                                                                                                                                                                                                                                                                                                                                                                                                                                                                                                                                                                                                                                                                                                                                                                                                                                                                                                                                                                                                                                                                                                                                                                                                                                                                                                                                                                                                                                                                                                                                                                                                                                                                                                                                                                                                                                                                                                                                                                                                                                                                                                                                                                                                                                                                                                                                                                                                                                                                                                                                                                                                                                       <\/p>\n<p>&nbsp;<\/p>\n<p>&nbsp;<br \/>\n<strong>Ou\u00e7a agora:<\/strong><\/p>\n<p><span data-href=\"https:\/\/www.irdin.org.br\/site\/envios\/audios\/0023_0634__por_por__conversas_com_trigueirinho_n634.mp3\" data-title=\"Conversas com Trigueirinho n\u00ba 634\" data-rel=\"\" data-target=\"\" data-meta=\"#fap-meta-6a059ae9603b0\" class=\"fap-single-track fap-track-button fap-play-button\" data-enqueue=\"no\" data-autoenqueue=\"no\" title=\"Conversas com Trigueirinho n\u00ba 634\"><span class=\"fap-icon-play\"><\/span>Ouvir<\/span> <a href=\"https:\/\/www.irdin.org.br\/site\/envios\/audios\/0023_0634__por_por__conversas_com_trigueirinho_n634.mp3\" class=\"baixar\"><span class=\"fa fa-arrow-down\"><\/span>Baixar<\/span><\/a> <span class=\"textobaixar\"> Conversas com Trigueirinho n\u00ba 634<\/span><\/p>\n","protected":false},"excerpt":{"rendered":"<p>Contato extraterrestre \/ Ensinar pelo exemplo \/ A hora da morte f\u00edsica \/ Crema\u00e7\u00e3o \/ Ora\u00e7\u00e3o, contempla\u00e7\u00e3o e servi\u00e7o \/<\/p>\n","protected":false},"featured_media":37479,"template":"","meta":{"_acf_changed":false},"product_brand":[],"product_cat":[18076,33068],"product_tag":[],"class_list":{"0":"post-82762","1":"product","2":"type-product","3":"status-publish","4":"has-post-thumbnail","6":"product_cat-cddvd","7":"product_cat-palestras","8":"pa_autor-trigueirinho","9":"pa_codigo-da-serie-31985","10":"pa_codigo-de-barras-29554","11":"pa_codigo-externo-00230634porcd","12":"pa_data-de-edicao-38885","13":"pa_data-de-gravacao-29551","14":"pa_data-de-lancamento-38886","15":"pa_duracao-52min","16":"pa_idioma-de-destino-portugues","17":"pa_idioma-de-origem-portugues","18":"pa_lancamento-no","19":"pa_midia-cd","20":"pa_quantidade-de-saldo-33067","21":"pa_sequencial-da-serie-32452","22":"pa_tipo-de-traducao-nao-traduzido","24":"first","25":"outofstock","26":"product-type-simple"},"acf":[],"_links":{"self":[{"href":"https:\/\/www.irdin.org.br\/site\/wp-json\/wp\/v2\/product\/82762","targetHints":{"allow":["GET"]}}],"collection":[{"href":"https:\/\/www.irdin.org.br\/site\/wp-json\/wp\/v2\/product"}],"about":[{"href":"https:\/\/www.irdin.org.br\/site\/wp-json\/wp\/v2\/types\/product"}],"version-history":[{"count":1,"href":"https:\/\/www.irdin.org.br\/site\/wp-json\/wp\/v2\/product\/82762\/revisions"}],"predecessor-version":[{"id":109218,"href":"https:\/\/www.irdin.org.br\/site\/wp-json\/wp\/v2\/product\/82762\/revisions\/109218"}],"wp:featuredmedia":[{"embeddable":true,"href":"https:\/\/www.irdin.org.br\/site\/wp-json\/wp\/v2\/media\/37479"}],"wp:attachment":[{"href":"https:\/\/www.irdin.org.br\/site\/wp-json\/wp\/v2\/media?parent=82762"}],"wp:term":[{"taxonomy":"product_brand","embeddable":true,"href":"https:\/\/www.irdin.org.br\/site\/wp-json\/wp\/v2\/product_brand?post=82762"},{"taxonomy":"product_cat","embeddable":true,"href":"https:\/\/www.irdin.org.br\/site\/wp-json\/wp\/v2\/product_cat?post=82762"},{"taxonomy":"product_tag","embeddable":true,"href":"https:\/\/www.irdin.org.br\/site\/wp-json\/wp\/v2\/product_tag?post=82762"}],"curies":[{"name":"wp","href":"https:\/\/api.w.org\/{rel}","templated":true}]}}