{"id":82763,"date":"2018-04-26T18:10:36","date_gmt":"2018-04-26T18:10:36","guid":{"rendered":"http:\/\/www.irdin.org.br\/site\/produto\/conversas-com-trigueirinho-no-635\/"},"modified":"2025-03-15T23:53:44","modified_gmt":"2025-03-15T23:53:44","slug":"conversas-com-trigueirinho-no-635","status":"publish","type":"product","link":"https:\/\/www.irdin.org.br\/site\/produtos\/conversas-com-trigueirinho-no-635\/","title":{"rendered":"Conversas com Trigueirinho n\u00ba 635"},"content":{"rendered":"<p>Como ouvir palestras \/ A Cria\u00e7\u00e3o n\u00e3o se repete \/ Os ensinamentos tibetanos \/ Os que encarnam despreparados \/ Rumo \u00e0 vida superior \/ Dispor-se \u00e0 transforma\u00e7\u00e3o \/ Disco solar do centro planet\u00e1rio Aurora \/ Calar e observar \/ Contato com eu interno \/ Mist\u00e9rio das gl\u00e2ndulas \/ Expans\u00e3o da pineal e pituit\u00e1ria \/ A fam\u00edlia em que se nasce \/ Filhos adotivos \/ Dan\u00e7a, m\u00fasica e teatro \/ Universo material, mental e espiritual                                                                                                                                                                                                                                                                                                                                                                                                                                                                                                                                                                                                                                                                                                                                                                                                                                                                                                                                                                                                                                                                                                                                                                                                                                                                                                                                                                                                                                                                                                                                                                                                                                                                                                                                                                                                                                                                                                                                                                                                                                                                                                                                                                                                                                                                                                                                                                                                                                                                                                                                                                                                                                                                                                                                                                                                                                                                                                                                                                                                                                                                                                                                                                                                                                                                                                                                                                                                                                                                                                                                                                                                                                                                                                                                                                                                                                                                                                                                                                                                                                                                                                                                                                                                                                                                                                                                                                                                                                                                                                                                                                                                                                                                                                                                                                                                                                                                                                                                                                                                                                                                                                                                                                                                                                                                                                                                                                                                                                                                                                                                                                                                                                                                                                                                                                                                                                                                                                                                                                                                                                                                                                                                                                                                                                                                                                                                                                                                                                                                                                                                                                                                                                                                                                                                                                                                                                                                                                                                                                                                                                                                                                                                                                                                                                                                                                                                                                                                                                                                                                                                                                                                                                                                                                                                                                                                                                                                                                                                                                                                                                                                                                   <\/p>\n<p>&nbsp;<\/p>\n<p>&nbsp;<br \/>\n<strong>Ou\u00e7a agora:<\/strong><\/p>\n<p><span data-href=\"https:\/\/www.irdin.org.br\/site\/envios\/audios\/0023_0635__por_por__conversas_com_trigueirinho_n635.mp3\" data-title=\"Conversas com Trigueirinho n\u00ba 635\" data-rel=\"\" data-target=\"\" data-meta=\"#fap-meta-69e5f47b82c0f\" class=\"fap-single-track fap-track-button fap-play-button\" data-enqueue=\"no\" data-autoenqueue=\"no\" title=\"Conversas com Trigueirinho n\u00ba 635\"><span class=\"fap-icon-play\"><\/span>Ouvir<\/span> <a href=\"https:\/\/www.irdin.org.br\/site\/envios\/audios\/0023_0635__por_por__conversas_com_trigueirinho_n635.mp3\" class=\"baixar\"><span class=\"fa fa-arrow-down\"><\/span>Baixar<\/span><\/a> <span class=\"textobaixar\"> Conversas com Trigueirinho n\u00ba 635<\/span><\/p>\n","protected":false},"excerpt":{"rendered":"<p>Como ouvir palestras \/ A Cria\u00e7\u00e3o n\u00e3o se repete \/ Os ensinamentos tibetanos \/ Os que encarnam despreparados \/ Rumo<\/p>\n","protected":false},"featured_media":37479,"template":"","meta":{"_acf_changed":false},"product_brand":[],"product_cat":[18076,33068],"product_tag":[],"class_list":{"0":"post-82763","1":"product","2":"type-product","3":"status-publish","4":"has-post-thumbnail","6":"product_cat-cddvd","7":"product_cat-palestras","8":"pa_autor-trigueirinho","9":"pa_codigo-da-serie-31985","10":"pa_codigo-de-barras-29557","11":"pa_codigo-externo-00230635porcd","12":"pa_data-de-edicao-38885","13":"pa_data-de-gravacao-25415","14":"pa_data-de-lancamento-38886","15":"pa_duracao-42min","16":"pa_idioma-de-destino-portugues","17":"pa_idioma-de-origem-portugues","18":"pa_lancamento-no","19":"pa_midia-cd","20":"pa_quantidade-de-saldo-33067","21":"pa_sequencial-da-serie-32454","22":"pa_tipo-de-traducao-nao-traduzido","24":"first","25":"outofstock","26":"product-type-simple"},"acf":[],"_links":{"self":[{"href":"https:\/\/www.irdin.org.br\/site\/wp-json\/wp\/v2\/product\/82763","targetHints":{"allow":["GET"]}}],"collection":[{"href":"https:\/\/www.irdin.org.br\/site\/wp-json\/wp\/v2\/product"}],"about":[{"href":"https:\/\/www.irdin.org.br\/site\/wp-json\/wp\/v2\/types\/product"}],"version-history":[{"count":1,"href":"https:\/\/www.irdin.org.br\/site\/wp-json\/wp\/v2\/product\/82763\/revisions"}],"predecessor-version":[{"id":109219,"href":"https:\/\/www.irdin.org.br\/site\/wp-json\/wp\/v2\/product\/82763\/revisions\/109219"}],"wp:featuredmedia":[{"embeddable":true,"href":"https:\/\/www.irdin.org.br\/site\/wp-json\/wp\/v2\/media\/37479"}],"wp:attachment":[{"href":"https:\/\/www.irdin.org.br\/site\/wp-json\/wp\/v2\/media?parent=82763"}],"wp:term":[{"taxonomy":"product_brand","embeddable":true,"href":"https:\/\/www.irdin.org.br\/site\/wp-json\/wp\/v2\/product_brand?post=82763"},{"taxonomy":"product_cat","embeddable":true,"href":"https:\/\/www.irdin.org.br\/site\/wp-json\/wp\/v2\/product_cat?post=82763"},{"taxonomy":"product_tag","embeddable":true,"href":"https:\/\/www.irdin.org.br\/site\/wp-json\/wp\/v2\/product_tag?post=82763"}],"curies":[{"name":"wp","href":"https:\/\/api.w.org\/{rel}","templated":true}]}}