{"id":82766,"date":"2018-04-26T18:10:36","date_gmt":"2018-04-26T18:10:36","guid":{"rendered":"http:\/\/www.irdin.org.br\/site\/produto\/conversas-com-trigueirinho-no-638\/"},"modified":"2025-03-15T23:54:15","modified_gmt":"2025-03-15T23:54:15","slug":"conversas-com-trigueirinho-no-638","status":"publish","type":"product","link":"https:\/\/www.irdin.org.br\/site\/produtos\/conversas-com-trigueirinho-no-638\/","title":{"rendered":"Conversas com Trigueirinho n\u00ba 638"},"content":{"rendered":"<p>Preparo para instru\u00e7\u00e3o e coliga\u00e7\u00e3o internas \/ Doa\u00e7\u00e3o de si \/ Sensa\u00e7\u00e3o de vazio interior \/ Libera\u00e7\u00e3o c\u00e1rmica \/ Como facilitar a castidade? \/ O ego nos sonhos \/ F\u00e9 verdadeira \/ Livre-arb\u00edtrio \/ Signo de G\u00eameos \/ Ess\u00eanios \/ Vida espiritual e intui\u00e7\u00e3o genu\u00edna \/ Figueira, centro de cura \/ Novas orienta\u00e7\u00f5es para o N\u00facleo Sohin \/ Shambhala e Miz Tli Tlan \/ Manifesta\u00e7\u00f5es de centros planet\u00e1rios \/ Monast\u00e9rios                                                                                                                                                                                                                                                                                                                                                                                                                                                                                                                                                                                                                                                                                                                                                                                                                                                                                                                                                                                                                                                                                                                                                                                                                                                                                                                                                                                                                                                                                                                                                                                                                                                                                                                                                                                                                                                                                                                                                                                                                                                                                                                                                                                                                                                                                                                                                                                                                                                                                                                                                                                                                                                                                                                                                                                                                                                                                                                                                                                                                                                                                                                                                                                                                                                                                                                                                                                                                                                                                                                                                                                                                                                                                                                                                                                                                                                                                                                                                                                                                                                                                                                                                                                                                                                                                                                                                                                                                                                                                                                                                                                                                                                                                                                                                                                                                                                                                                                                                                                                                                                                                                                                                                                                                                                                                                                                                                                                                                                                                                                                                                                                                                                                                                                                                                                                                                                                                                                                                                                                                                                                                                                                                                                                                                                                                                                                                                                                                                                                                                                                                                                                                                                                                                                                                                                                                                                                                                                                                                                                                                                                                                                                                                                                                                                                                                                                                                                                                                                                                                                                                                                                                                                                                                                                                                                                                                                                                                                                                                                                                                                                                                               <\/p>\n<p>&nbsp;<\/p>\n<p>&nbsp;<br \/>\n<strong>Ou\u00e7a agora:<\/strong><\/p>\n<p><span data-href=\"https:\/\/www.irdin.org.br\/site\/envios\/audios\/0023_0638__por_por__conversas_com_trigueirinho_n638.mp3\" data-title=\"Conversas com Trigueirinho n\u00ba 638\" data-rel=\"\" data-target=\"\" data-meta=\"#fap-meta-69e41b4264c73\" class=\"fap-single-track fap-track-button fap-play-button\" data-enqueue=\"no\" data-autoenqueue=\"no\" title=\"Conversas com Trigueirinho n\u00ba 638\"><span class=\"fap-icon-play\"><\/span>Ouvir<\/span> <a href=\"https:\/\/www.irdin.org.br\/site\/envios\/audios\/0023_0638__por_por__conversas_com_trigueirinho_n638.mp3\" class=\"baixar\"><span class=\"fa fa-arrow-down\"><\/span>Baixar<\/span><\/a> <span class=\"textobaixar\"> Conversas com Trigueirinho n\u00ba 638<\/span><\/p>\n","protected":false},"excerpt":{"rendered":"<p>Preparo para instru\u00e7\u00e3o e coliga\u00e7\u00e3o internas \/ Doa\u00e7\u00e3o de si \/ Sensa\u00e7\u00e3o de vazio interior \/ Libera\u00e7\u00e3o c\u00e1rmica \/ Como<\/p>\n","protected":false},"featured_media":37479,"template":"","meta":{"_acf_changed":false},"product_brand":[],"product_cat":[18076,33068],"product_tag":[],"class_list":{"0":"post-82766","1":"product","2":"type-product","3":"status-publish","4":"has-post-thumbnail","6":"product_cat-cddvd","7":"product_cat-palestras","8":"pa_autor-trigueirinho","9":"pa_codigo-da-serie-31985","10":"pa_codigo-de-barras-29567","11":"pa_codigo-externo-00230638porcd","13":"first","14":"outofstock","15":"product-type-simple"},"acf":[],"_links":{"self":[{"href":"https:\/\/www.irdin.org.br\/site\/wp-json\/wp\/v2\/product\/82766","targetHints":{"allow":["GET"]}}],"collection":[{"href":"https:\/\/www.irdin.org.br\/site\/wp-json\/wp\/v2\/product"}],"about":[{"href":"https:\/\/www.irdin.org.br\/site\/wp-json\/wp\/v2\/types\/product"}],"version-history":[{"count":1,"href":"https:\/\/www.irdin.org.br\/site\/wp-json\/wp\/v2\/product\/82766\/revisions"}],"predecessor-version":[{"id":109222,"href":"https:\/\/www.irdin.org.br\/site\/wp-json\/wp\/v2\/product\/82766\/revisions\/109222"}],"wp:featuredmedia":[{"embeddable":true,"href":"https:\/\/www.irdin.org.br\/site\/wp-json\/wp\/v2\/media\/37479"}],"wp:attachment":[{"href":"https:\/\/www.irdin.org.br\/site\/wp-json\/wp\/v2\/media?parent=82766"}],"wp:term":[{"taxonomy":"product_brand","embeddable":true,"href":"https:\/\/www.irdin.org.br\/site\/wp-json\/wp\/v2\/product_brand?post=82766"},{"taxonomy":"product_cat","embeddable":true,"href":"https:\/\/www.irdin.org.br\/site\/wp-json\/wp\/v2\/product_cat?post=82766"},{"taxonomy":"product_tag","embeddable":true,"href":"https:\/\/www.irdin.org.br\/site\/wp-json\/wp\/v2\/product_tag?post=82766"}],"curies":[{"name":"wp","href":"https:\/\/api.w.org\/{rel}","templated":true}]}}