{"id":82770,"date":"2018-04-26T18:10:36","date_gmt":"2018-04-26T18:10:36","guid":{"rendered":"http:\/\/www.irdin.org.br\/site\/produto\/conversas-com-trigueirinho-no-642\/"},"modified":"2025-03-15T23:54:46","modified_gmt":"2025-03-15T23:54:46","slug":"conversas-com-trigueirinho-no-642","status":"publish","type":"product","link":"https:\/\/www.irdin.org.br\/site\/produtos\/conversas-com-trigueirinho-no-642\/","title":{"rendered":"Conversas com Trigueirinho n\u00ba 642"},"content":{"rendered":"<p>Fazer pequenas coisas com grande amor \/ Colaborar no Plano Evolutivo \/ As informa\u00e7\u00f5es sobre Figueira \/ Reencontro da meta \/ Ramana Maharshi \/ Desapego e concentra\u00e7\u00e3o no presente \/ A neutralidade, a indiferen\u00e7a e a aceita\u00e7\u00e3o \/ Retorno ao Cosmos \/ Estar no mundo sem ser do mundo&#8221; \/ Consagra\u00e7\u00e3o da vida \/ Humildade e caridade fraterna \/ Ora\u00e7\u00e3o, b\u00ean\u00e7\u00e3os, uni\u00e3o                                                                                                                                                                                                                                                                                                                                                                                                                                                                                                                                                                                                                                                                                                                                                                                                                                                                                                                                                                                                                                                                                                                                                                                                                                                                                                                                                                                                                                                                                                                                                                                                                                                                                                                                                                                                                                                                                                                                                                                                                                                                                                                                                                                                                                                                                                                                                                                                                                                                                                                                                                                                                                                                                                                                                                                                                                                                                                                                                                                                                                                                                                                                                                                                                                                                                                                                                                                                                                                                                                                                                                                                                                                                                                                                                                                                                                                                                                                                                                                                                                                                                                                                                                                                                                                                                                                                                                                                                                                                                                                                                                                                                                                                                                                                                                                                                                                                                                                                                                                                                                                                                                                                                                                                                                                                                                                                                                                                                                                                                                                                                                                                                                                                                                                                                                                                                                                                                                                                                                                                                                                                                                                                                                                                                                                                                                                                                                                                                                                                                                                                                                                                                                                                                                                                                                                                                                                                                                                                                                                                                                                                                                                                                                                                                                                                                                                                                                                                                                                                                                                                                                                                                                                                                                                                                                                                                                                                                                                                                                                                                                                                                                                                                           &#8221;<\/p>\n<p>&nbsp;<\/p>\n<p>&nbsp;<br \/>\n<strong>Ou\u00e7a agora:<\/strong><\/p>\n<p><span data-href=\"https:\/\/www.irdin.org.br\/site\/envios\/audios\/0023_0642__por_por__conversas_com_trigueirinho_n642.mp3\" data-title=\"Conversas com Trigueirinho n\u00ba 642\" data-rel=\"\" data-target=\"\" data-meta=\"#fap-meta-69e4199020a41\" class=\"fap-single-track fap-track-button fap-play-button\" data-enqueue=\"no\" data-autoenqueue=\"no\" title=\"Conversas com Trigueirinho n\u00ba 642\"><span class=\"fap-icon-play\"><\/span>Ouvir<\/span> <a href=\"https:\/\/www.irdin.org.br\/site\/envios\/audios\/0023_0642__por_por__conversas_com_trigueirinho_n642.mp3\" class=\"baixar\"><span class=\"fa fa-arrow-down\"><\/span>Baixar<\/span><\/a> <span class=\"textobaixar\"> Conversas com Trigueirinho n\u00ba 642<\/span><\/p>\n","protected":false},"excerpt":{"rendered":"<p>Fazer pequenas coisas com grande amor \/ Colaborar no Plano Evolutivo \/ As informa\u00e7\u00f5es sobre Figueira \/ Reencontro da meta<\/p>\n","protected":false},"featured_media":37479,"template":"","meta":{"_acf_changed":false},"product_brand":[],"product_cat":[18076,33068],"product_tag":[],"class_list":{"0":"post-82770","1":"product","2":"type-product","3":"status-publish","4":"has-post-thumbnail","6":"product_cat-cddvd","7":"product_cat-palestras","8":"pa_autor-trigueirinho","9":"pa_codigo-da-serie-31985","10":"pa_codigo-de-barras-29584","11":"pa_codigo-externo-00230642porcd","12":"pa_data-de-edicao-38909","13":"pa_data-de-gravacao-26656","14":"pa_data-de-lancamento-38910","15":"pa_duracao-37min32s","16":"pa_idioma-de-destino-portugues","17":"pa_idioma-de-origem-portugues","18":"pa_lancamento-no","19":"pa_midia-cd","20":"pa_quantidade-de-saldo-33067","21":"pa_sequencial-da-serie-32469","22":"pa_tipo-de-traducao-nao-traduzido","24":"first","25":"outofstock","26":"product-type-simple"},"acf":[],"_links":{"self":[{"href":"https:\/\/www.irdin.org.br\/site\/wp-json\/wp\/v2\/product\/82770","targetHints":{"allow":["GET"]}}],"collection":[{"href":"https:\/\/www.irdin.org.br\/site\/wp-json\/wp\/v2\/product"}],"about":[{"href":"https:\/\/www.irdin.org.br\/site\/wp-json\/wp\/v2\/types\/product"}],"version-history":[{"count":1,"href":"https:\/\/www.irdin.org.br\/site\/wp-json\/wp\/v2\/product\/82770\/revisions"}],"predecessor-version":[{"id":109225,"href":"https:\/\/www.irdin.org.br\/site\/wp-json\/wp\/v2\/product\/82770\/revisions\/109225"}],"wp:featuredmedia":[{"embeddable":true,"href":"https:\/\/www.irdin.org.br\/site\/wp-json\/wp\/v2\/media\/37479"}],"wp:attachment":[{"href":"https:\/\/www.irdin.org.br\/site\/wp-json\/wp\/v2\/media?parent=82770"}],"wp:term":[{"taxonomy":"product_brand","embeddable":true,"href":"https:\/\/www.irdin.org.br\/site\/wp-json\/wp\/v2\/product_brand?post=82770"},{"taxonomy":"product_cat","embeddable":true,"href":"https:\/\/www.irdin.org.br\/site\/wp-json\/wp\/v2\/product_cat?post=82770"},{"taxonomy":"product_tag","embeddable":true,"href":"https:\/\/www.irdin.org.br\/site\/wp-json\/wp\/v2\/product_tag?post=82770"}],"curies":[{"name":"wp","href":"https:\/\/api.w.org\/{rel}","templated":true}]}}