{"id":82773,"date":"2018-04-26T18:10:36","date_gmt":"2018-04-26T18:10:36","guid":{"rendered":"http:\/\/www.irdin.org.br\/site\/produto\/conversas-com-trigueirinho-no-645\/"},"modified":"2025-03-15T23:55:04","modified_gmt":"2025-03-15T23:55:04","slug":"conversas-com-trigueirinho-no-645","status":"publish","type":"product","link":"https:\/\/www.irdin.org.br\/site\/produtos\/conversas-com-trigueirinho-no-645\/","title":{"rendered":"Conversas com Trigueirinho n\u00ba 645"},"content":{"rendered":"<p>Desordem na reprodu\u00e7\u00e3o humana \/ Ora e trabalha \/ As crian\u00e7as durante a transi\u00e7\u00e3o da Terra \/ Animais em outros planetas \/ Comando \u00d3rion, Nave Alfa e Conselho Alfa e \u00d4mega \/ Conex\u00e3o com o Cosmos \/ A Grande Invoca\u00e7\u00e3o \/ Irm\u00e3o Pio e o Raio da Liberta\u00e7\u00e3o \/ Pensar com o cora\u00e7\u00e3o \/ Sil\u00eancio mental \/ Sintonia com a vida c\u00f3smica \/ Ouvir as crian\u00e7as \/ Contato com o eu interno \/ Significado oculto da \u00daltima Ceia                                                                                                                                                                                                                                                                                                                                                                                                                                                                                                                                                                                                                                                                                                                                                                                                                                                                                                                                                                                                                                                                                                                                                                                                                                                                                                                                                                                                                                                                                                                                                                                                                                                                                                                                                                                                                                                                                                                                                                                                                                                                                                                                                                                                                                                                                                                                                                                                                                                                                                                                                                                                                                                                                                                                                                                                                                                                                                                                                                                                                                                                                                                                                                                                                                                                                                                                                                                                                                                                                                                                                                                                                                                                                                                                                                                                                                                                                                                                                                                                                                                                                                                                                                                                                                                                                                                                                                                                                                                                                                                                                                                                                                                                                                                                                                                                                                                                                                                                                                                                                                                                                                                                                                                                                                                                                                                                                                                                                                                                                                                                                                                                                                                                                                                                                                                                                                                                                                                                                                                                                                                                                                                                                                                                                                                                                                                                                                                                                                                                                                                                                                                                                                                                                                                                                                                                                                                                                                                                                                                                                                                                                                                                                                                                                                                                                                                                                                                                                                                                                                                                                                                                                                                                                                                                                                                                                                                                                                                                                                                                                                                                                                               <\/p>\n<p>&nbsp;<\/p>\n<p>&nbsp;<br \/>\n<strong>Ou\u00e7a agora:<\/strong><\/p>\n<p><span data-href=\"https:\/\/www.irdin.org.br\/site\/envios\/audios\/0023_0645__por_por__conversas_com_trigueirinho_n645.mp3\" data-title=\"Conversas com Trigueirinho n\u00ba 645\" data-rel=\"\" data-target=\"\" data-meta=\"#fap-meta-69eb30adc5205\" class=\"fap-single-track fap-track-button fap-play-button\" data-enqueue=\"no\" data-autoenqueue=\"no\" title=\"Conversas com Trigueirinho n\u00ba 645\"><span class=\"fap-icon-play\"><\/span>Ouvir<\/span> <a href=\"https:\/\/www.irdin.org.br\/site\/envios\/audios\/0023_0645__por_por__conversas_com_trigueirinho_n645.mp3\" class=\"baixar\"><span class=\"fa fa-arrow-down\"><\/span>Baixar<\/span><\/a> <span class=\"textobaixar\"> Conversas com Trigueirinho n\u00ba 645<\/span><\/p>\n","protected":false},"excerpt":{"rendered":"<p>Desordem na reprodu\u00e7\u00e3o humana \/ Ora e trabalha \/ As crian\u00e7as durante a transi\u00e7\u00e3o da Terra \/ Animais em outros<\/p>\n","protected":false},"featured_media":37479,"template":"","meta":{"_acf_changed":false},"product_brand":[],"product_cat":[18076,33068],"product_tag":[],"class_list":{"0":"post-82773","1":"product","2":"type-product","3":"status-publish","4":"has-post-thumbnail","6":"product_cat-cddvd","7":"product_cat-palestras","8":"pa_autor-trigueirinho","9":"pa_codigo-da-serie-31985","10":"pa_codigo-de-barras-29598","11":"pa_codigo-externo-00230645porcd","12":"pa_data-de-edicao-24966","13":"pa_data-de-gravacao-29594","14":"pa_data-de-lancamento-24967","15":"pa_duracao-32min53s","16":"pa_idioma-de-destino-portugues","17":"pa_idioma-de-origem-portugues","18":"pa_lancamento-no","19":"pa_midia-cd","20":"pa_quantidade-de-saldo-33067","21":"pa_sequencial-da-serie-32475","22":"pa_tipo-de-traducao-nao-traduzido","24":"first","25":"outofstock","26":"product-type-simple"},"acf":[],"_links":{"self":[{"href":"https:\/\/www.irdin.org.br\/site\/wp-json\/wp\/v2\/product\/82773","targetHints":{"allow":["GET"]}}],"collection":[{"href":"https:\/\/www.irdin.org.br\/site\/wp-json\/wp\/v2\/product"}],"about":[{"href":"https:\/\/www.irdin.org.br\/site\/wp-json\/wp\/v2\/types\/product"}],"version-history":[{"count":1,"href":"https:\/\/www.irdin.org.br\/site\/wp-json\/wp\/v2\/product\/82773\/revisions"}],"predecessor-version":[{"id":109227,"href":"https:\/\/www.irdin.org.br\/site\/wp-json\/wp\/v2\/product\/82773\/revisions\/109227"}],"wp:featuredmedia":[{"embeddable":true,"href":"https:\/\/www.irdin.org.br\/site\/wp-json\/wp\/v2\/media\/37479"}],"wp:attachment":[{"href":"https:\/\/www.irdin.org.br\/site\/wp-json\/wp\/v2\/media?parent=82773"}],"wp:term":[{"taxonomy":"product_brand","embeddable":true,"href":"https:\/\/www.irdin.org.br\/site\/wp-json\/wp\/v2\/product_brand?post=82773"},{"taxonomy":"product_cat","embeddable":true,"href":"https:\/\/www.irdin.org.br\/site\/wp-json\/wp\/v2\/product_cat?post=82773"},{"taxonomy":"product_tag","embeddable":true,"href":"https:\/\/www.irdin.org.br\/site\/wp-json\/wp\/v2\/product_tag?post=82773"}],"curies":[{"name":"wp","href":"https:\/\/api.w.org\/{rel}","templated":true}]}}