{"id":82776,"date":"2018-04-26T18:10:36","date_gmt":"2018-04-26T18:10:36","guid":{"rendered":"http:\/\/www.irdin.org.br\/site\/produto\/conversas-com-trigueirinho-no-648\/"},"modified":"2025-03-16T00:50:23","modified_gmt":"2025-03-16T00:50:23","slug":"conversas-com-trigueirinho-no-648","status":"publish","type":"product","link":"https:\/\/www.irdin.org.br\/site\/produtos\/conversas-com-trigueirinho-no-648\/","title":{"rendered":"Conversas com Trigueirinho n\u00ba 648"},"content":{"rendered":"<p>Mudan\u00e7a de nome \/ Onipresen\u00e7a dos Centros Planet\u00e1rios \/ Sucess\u00e3o de ra\u00e7as na evolu\u00e7\u00e3o humana \/ Dificuldade com hor\u00e1rios \/ Crian\u00e7as de colo em Figueira \/ Contempla\u00e7\u00e3o hoje e seus efeitos \/ Funda\u00e7\u00e3o de monast\u00e9rio em Dornes, Portugal \/ Um dia de ora\u00e7\u00e3o mundial \/ Monast\u00e9rio de Erks \/ Flexibilidade no trabalho com o reino vegetal \/ Ora\u00e7\u00e3o como base do servi\u00e7o evolutivo                                                                                                                                                                                                                                                                                                                                                                                                                                                                                                                                                                                                                                                                                                                                                                                                                                                                                                                                                                                                                                                                                                                                                                                                                                                                                                                                                                                                                                                                                                                                                                                                                                                                                                                                                                                                                                                                                                                                                                                                                                                                                                                                                                                                                                                                                                                                                                                                                                                                                                                                                                                                                                                                                                                                                                                                                                                                                                                                                                                                                                                                                                                                                                                                                                                                                                                                                                                                                                                                                                                                                                                                                                                                                                                                                                                                                                                                                                                                                                                                                                                                                                                                                                                                                                                                                                                                                                                                                                                                                                                                                                                                                                                                                                                                                                                                                                                                                                                                                                                                                                                                                                                                                                                                                                                                                                                                                                                                                                                                                                                                                                                                                                                                                                                                                                                                                                                                                                                                                                                                                                                                                                                                                                                                                                                                                                                                                                                                                                                                                                                                                                                                                                                                                                                                                                                                                                                                                                                                                                                                                                                                                                                                                                                                                                                                                                                                                                                                                                                                                                                                                                                                                                                                                                                                                                                                                                                                                                                                                                                                                                                                                                                                                   <\/p>\n<p>&nbsp;<\/p>\n<p>&nbsp;<br \/>\n<strong>Ou\u00e7a agora:<\/strong><\/p>\n<p><span data-href=\"https:\/\/www.irdin.org.br\/site\/envios\/audios\/0023_0648__por_por__conversas_com_trigueirinho_n648.mp3\" data-title=\"Conversas com Trigueirinho n\u00ba 648\" data-rel=\"\" data-target=\"\" data-meta=\"#fap-meta-69e2ca0646507\" class=\"fap-single-track fap-track-button fap-play-button\" data-enqueue=\"no\" data-autoenqueue=\"no\" title=\"Conversas com Trigueirinho n\u00ba 648\"><span class=\"fap-icon-play\"><\/span>Ouvir<\/span> <a href=\"https:\/\/www.irdin.org.br\/site\/envios\/audios\/0023_0648__por_por__conversas_com_trigueirinho_n648.mp3\" class=\"baixar\"><span class=\"fa fa-arrow-down\"><\/span>Baixar<\/span><\/a> <span class=\"textobaixar\"> Conversas com Trigueirinho n\u00ba 648<\/span><\/p>\n","protected":false},"excerpt":{"rendered":"<p>Mudan\u00e7a de nome \/ Onipresen\u00e7a dos Centros Planet\u00e1rios \/ Sucess\u00e3o de ra\u00e7as na evolu\u00e7\u00e3o humana \/ Dificuldade com hor\u00e1rios \/<\/p>\n","protected":false},"featured_media":37479,"template":"","meta":{"_acf_changed":false},"product_brand":[],"product_cat":[18076,33068],"product_tag":[],"class_list":{"0":"post-82776","1":"product","2":"type-product","3":"status-publish","4":"has-post-thumbnail","6":"product_cat-cddvd","7":"product_cat-palestras","8":"pa_autor-trigueirinho","9":"pa_codigo-da-serie-31985","10":"pa_codigo-de-barras-29611","11":"pa_codigo-externo-00230648porcd","12":"pa_data-de-edicao-24968","13":"pa_data-de-gravacao-29608","14":"pa_data-de-lancamento-24969","15":"pa_duracao-50min53s","16":"pa_idioma-de-destino-portugues","17":"pa_idioma-de-origem-portugues","18":"pa_lancamento-no","19":"pa_midia-cd","20":"pa_quantidade-de-saldo-33067","21":"pa_sequencial-da-serie-32480","22":"pa_tipo-de-traducao-nao-traduzido","24":"first","25":"outofstock","26":"product-type-simple"},"acf":[],"_links":{"self":[{"href":"https:\/\/www.irdin.org.br\/site\/wp-json\/wp\/v2\/product\/82776","targetHints":{"allow":["GET"]}}],"collection":[{"href":"https:\/\/www.irdin.org.br\/site\/wp-json\/wp\/v2\/product"}],"about":[{"href":"https:\/\/www.irdin.org.br\/site\/wp-json\/wp\/v2\/types\/product"}],"version-history":[{"count":1,"href":"https:\/\/www.irdin.org.br\/site\/wp-json\/wp\/v2\/product\/82776\/revisions"}],"predecessor-version":[{"id":109228,"href":"https:\/\/www.irdin.org.br\/site\/wp-json\/wp\/v2\/product\/82776\/revisions\/109228"}],"wp:featuredmedia":[{"embeddable":true,"href":"https:\/\/www.irdin.org.br\/site\/wp-json\/wp\/v2\/media\/37479"}],"wp:attachment":[{"href":"https:\/\/www.irdin.org.br\/site\/wp-json\/wp\/v2\/media?parent=82776"}],"wp:term":[{"taxonomy":"product_brand","embeddable":true,"href":"https:\/\/www.irdin.org.br\/site\/wp-json\/wp\/v2\/product_brand?post=82776"},{"taxonomy":"product_cat","embeddable":true,"href":"https:\/\/www.irdin.org.br\/site\/wp-json\/wp\/v2\/product_cat?post=82776"},{"taxonomy":"product_tag","embeddable":true,"href":"https:\/\/www.irdin.org.br\/site\/wp-json\/wp\/v2\/product_tag?post=82776"}],"curies":[{"name":"wp","href":"https:\/\/api.w.org\/{rel}","templated":true}]}}