{"id":82783,"date":"2018-04-26T18:10:52","date_gmt":"2018-04-26T18:10:52","guid":{"rendered":"http:\/\/www.irdin.org.br\/site\/produto\/conversas-com-trigueirinho-n-794\/"},"modified":"2025-03-15T23:51:19","modified_gmt":"2025-03-15T23:51:19","slug":"conversas-com-trigueirinho-n-794","status":"publish","type":"product","link":"https:\/\/www.irdin.org.br\/site\/produtos\/conversas-com-trigueirinho-n-794\/","title":{"rendered":"Conversas com Trigueirinho n\u00b0 794"},"content":{"rendered":"<p>Cuidados com as abelhas \/ Bebidas alco\u00f3licas e v\u00edcios \/ Por que o esp\u00edrito vem \u00e0 mat\u00e9ria? \/ Fontes e Raios do ensinamento \/ Verdadeira escola \/ Estar diante das almas \/ Consci\u00eancia do corpo f\u00edsico e o \u00e1tomo permanente \/ Televis\u00e3o e nossa integridade \/ Movimento universal pela uni\u00e3o                                                                                                                                                                                                                                                                                                                                                                                                                                                                                                                                                                                                                                                                                                                                                                                                                                                                                                                                                                                                                                                                                                                                                                                                                                                                                                                                                                                                                                                                                                                                                                                                                                                                                                                                                                                                                                                                                                                                                                                                                                                                                                                                                                                                                                                                                                                                                                                                                                                                                                                                                                                                                                                                                                                                                                                                                                                                                                                                                                                                                                                                                                                                                                                                                                                                                                                                                                                                                                                                                                                                                                                                                                                                                                                                                                                                                                                                                                                                                                                                                                                                                                                                                                                                                                                                                                                                                                                                                                                                                                                                                                                                                                                                                                                                                                                                                                                                                                                                                                                                                                                                                                                                                                                                                                                                                                                                                                                                                                                                                                                                                                                                                                                                                                                                                                                                                                                                                                                                                                                                                                                                                                                                                                                                                                                                                                                                                                                                                                                                                                                                                                                                                                                                                                                                                                                                                                                                                                                                                                                                                                                                                                                                                                                                                                                                                                                                                                                                                                                                                                                                                                                                                                                                                                                                                                                                                                                                                                                                                                                                                                                                                                                                                                                                                                       <\/p>\n<p>&nbsp;<\/p>\n<p>&nbsp;<br \/>\n<strong>Ou\u00e7a agora:<\/strong><\/p>\n<p><span data-href=\"https:\/\/www.irdin.org.br\/site\/envios\/audios\/0023_0794__por_por__conversas_com_trigueirinho_n794.mp3\" data-title=\"Conversas com Trigueirinho n\u00b0 794\" data-rel=\"\" data-target=\"\" data-meta=\"#fap-meta-69e21d0de9845\" class=\"fap-single-track fap-track-button fap-play-button\" data-enqueue=\"no\" data-autoenqueue=\"no\" title=\"Conversas com Trigueirinho n\u00b0 794\"><span class=\"fap-icon-play\"><\/span>Ouvir<\/span> <a href=\"https:\/\/www.irdin.org.br\/site\/envios\/audios\/0023_0794__por_por__conversas_com_trigueirinho_n794.mp3\" class=\"baixar\" download><span class=\"fa fa-arrow-down\"><\/span>Baixar<\/span><\/a> <span class=\"textobaixar\"> Conversas com Trigueirinho n\u00b0 794<\/span><\/p>\n","protected":false},"excerpt":{"rendered":"<p>Cuidados com as abelhas \/ Bebidas alco\u00f3licas e v\u00edcios \/ Por que o esp\u00edrito vem \u00e0 mat\u00e9ria? \/ Fontes e<\/p>\n","protected":false},"featured_media":37479,"template":"","meta":{"_acf_changed":false},"product_brand":[],"product_cat":[18076,33068],"product_tag":[],"class_list":{"0":"post-82783","1":"product","2":"type-product","3":"status-publish","4":"has-post-thumbnail","6":"product_cat-cddvd","7":"product_cat-palestras","8":"pa_autor-trigueirinho","9":"pa_codigo-da-serie-31985","10":"pa_codigo-de-barras-30273","11":"pa_codigo-externo-00230794porcd","12":"pa_data-de-edicao-24643","13":"pa_data-de-gravacao-30269","14":"pa_data-de-lancamento-38941","15":"pa_duracao-37m28s","16":"pa_idioma-de-destino-portugues","17":"pa_idioma-de-origem-portugues","18":"pa_lancamento-no","19":"pa_midia-cd","20":"pa_quantidade-de-saldo-33067","21":"pa_sequencial-da-serie-32718","22":"pa_tipo-de-traducao-nao-traduzido","24":"first","25":"outofstock","26":"product-type-simple"},"acf":[],"_links":{"self":[{"href":"https:\/\/www.irdin.org.br\/site\/wp-json\/wp\/v2\/product\/82783","targetHints":{"allow":["GET"]}}],"collection":[{"href":"https:\/\/www.irdin.org.br\/site\/wp-json\/wp\/v2\/product"}],"about":[{"href":"https:\/\/www.irdin.org.br\/site\/wp-json\/wp\/v2\/types\/product"}],"version-history":[{"count":1,"href":"https:\/\/www.irdin.org.br\/site\/wp-json\/wp\/v2\/product\/82783\/revisions"}],"predecessor-version":[{"id":109210,"href":"https:\/\/www.irdin.org.br\/site\/wp-json\/wp\/v2\/product\/82783\/revisions\/109210"}],"wp:featuredmedia":[{"embeddable":true,"href":"https:\/\/www.irdin.org.br\/site\/wp-json\/wp\/v2\/media\/37479"}],"wp:attachment":[{"href":"https:\/\/www.irdin.org.br\/site\/wp-json\/wp\/v2\/media?parent=82783"}],"wp:term":[{"taxonomy":"product_brand","embeddable":true,"href":"https:\/\/www.irdin.org.br\/site\/wp-json\/wp\/v2\/product_brand?post=82783"},{"taxonomy":"product_cat","embeddable":true,"href":"https:\/\/www.irdin.org.br\/site\/wp-json\/wp\/v2\/product_cat?post=82783"},{"taxonomy":"product_tag","embeddable":true,"href":"https:\/\/www.irdin.org.br\/site\/wp-json\/wp\/v2\/product_tag?post=82783"}],"curies":[{"name":"wp","href":"https:\/\/api.w.org\/{rel}","templated":true}]}}