{"id":82786,"date":"2018-04-26T18:10:52","date_gmt":"2018-04-26T18:10:52","guid":{"rendered":"http:\/\/www.irdin.org.br\/site\/produto\/conversas-com-trigueirinho-n-797\/"},"modified":"2025-03-15T23:51:49","modified_gmt":"2025-03-15T23:51:49","slug":"conversas-com-trigueirinho-n-797","status":"publish","type":"product","link":"https:\/\/www.irdin.org.br\/site\/produtos\/conversas-com-trigueirinho-n-797\/","title":{"rendered":"Conversas com Trigueirinho n\u00b0 797"},"content":{"rendered":"<p>Vinte e um dias de ora\u00e7\u00f5es planet\u00e1rias \/ Amuna Khur em Mirna Jad \/ Jejum, atualmente \/ Impessoalidade e polaridades \/ Fam\u00edlias em Figueira \/ Irmandade entre os Reinos \/ Vida profissional e servi\u00e7o altru\u00edsta \/ Que s\u00e3o os \u0093deportados\u0094?                                                                                                                                                                                                                                                                                                                                                                                                                                                                                                                                                                                                                                                                                                                                                                                                                                                                                                                                                                                                                                                                                                                                                                                                                                                                                                                                                                                                                                                                                                                                                                                                                                                                                                                                                                                                                                                                                                                                                                                                                                                                                                                                                                                                                                                                                                                                                                                                                                                                                                                                                                                                                                                                                                                                                                                                                                                                                                                                                                                                                                                                                                                                                                                                                                                                                                                                                                                                                                                                                                                                                                                                                                                                                                                                                                                                                                                                                                                                                                                                                                                                                                                                                                                                                                                                                                                                                                                                                                                                                                                                                                                                                                                                                                                                                                                                                                                                                                                                                                                                                                                                                                                                                                                                                                                                                                                                                                                                                                                                                                                                                                                                                                                                                                                                                                                                                                                                                                                                                                                                                                                                                                                                                                                                                                                                                                                                                                                                                                                                                                                                                                                                                                                                                                                                                                                                                                                                                                                                                                                                                                                                                                                                                                                                                                                                                                                                                                                                                                                                                                                                                                                                                                                                                                                                                                                                                                                                                                                                                                                                                                                                                                                                                                                                                                                                                        <\/p>\n<p>&nbsp;<\/p>\n<p>&nbsp;<br \/>\n<strong>Ou\u00e7a agora:<\/strong><\/p>\n<p><span data-href=\"https:\/\/www.irdin.org.br\/site\/envios\/audios\/0023_0797__por_por__conversas_com_trigueirinho_n797.mp3\" data-title=\"Conversas com Trigueirinho n\u00b0 797\" data-rel=\"\" data-target=\"\" data-meta=\"#fap-meta-6a03f4a45c1a1\" class=\"fap-single-track fap-track-button fap-play-button\" data-enqueue=\"no\" data-autoenqueue=\"no\" title=\"Conversas com Trigueirinho n\u00b0 797\"><span class=\"fap-icon-play\"><\/span>Ouvir<\/span> <a href=\"https:\/\/www.irdin.org.br\/site\/envios\/audios\/0023_0797__por_por__conversas_com_trigueirinho_n797.mp3\" class=\"baixar\" download><span class=\"fa fa-arrow-down\"><\/span>Baixar<\/span><\/a> <span class=\"textobaixar\"> Conversas com Trigueirinho n\u00b0 797<\/span><\/p>\n","protected":false},"excerpt":{"rendered":"<p>Vinte e um dias de ora\u00e7\u00f5es planet\u00e1rias \/ Amuna Khur em Mirna Jad \/ Jejum, atualmente \/ Impessoalidade e polaridades<\/p>\n","protected":false},"featured_media":37479,"template":"","meta":{"_acf_changed":false},"product_brand":[],"product_cat":[18076,33068],"product_tag":[],"class_list":{"0":"post-82786","1":"product","2":"type-product","3":"status-publish","4":"has-post-thumbnail","6":"product_cat-cddvd","7":"product_cat-palestras","8":"pa_autor-trigueirinho","9":"pa_codigo-da-serie-31985","10":"pa_codigo-de-barras-30288","11":"pa_codigo-externo-00230797porcd","12":"pa_data-de-edicao-24643","13":"pa_data-de-gravacao-30284","14":"pa_data-de-lancamento-38941","15":"pa_duracao-57m29s","16":"pa_idioma-de-destino-portugues","17":"pa_idioma-de-origem-portugues","18":"pa_lancamento-no","19":"pa_midia-cd","20":"pa_quantidade-de-saldo-33067","21":"pa_sequencial-da-serie-32721","22":"pa_tipo-de-traducao-nao-traduzido","24":"first","25":"outofstock","26":"product-type-simple"},"acf":[],"_links":{"self":[{"href":"https:\/\/www.irdin.org.br\/site\/wp-json\/wp\/v2\/product\/82786","targetHints":{"allow":["GET"]}}],"collection":[{"href":"https:\/\/www.irdin.org.br\/site\/wp-json\/wp\/v2\/product"}],"about":[{"href":"https:\/\/www.irdin.org.br\/site\/wp-json\/wp\/v2\/types\/product"}],"version-history":[{"count":1,"href":"https:\/\/www.irdin.org.br\/site\/wp-json\/wp\/v2\/product\/82786\/revisions"}],"predecessor-version":[{"id":107983,"href":"https:\/\/www.irdin.org.br\/site\/wp-json\/wp\/v2\/product\/82786\/revisions\/107983"}],"wp:featuredmedia":[{"embeddable":true,"href":"https:\/\/www.irdin.org.br\/site\/wp-json\/wp\/v2\/media\/37479"}],"wp:attachment":[{"href":"https:\/\/www.irdin.org.br\/site\/wp-json\/wp\/v2\/media?parent=82786"}],"wp:term":[{"taxonomy":"product_brand","embeddable":true,"href":"https:\/\/www.irdin.org.br\/site\/wp-json\/wp\/v2\/product_brand?post=82786"},{"taxonomy":"product_cat","embeddable":true,"href":"https:\/\/www.irdin.org.br\/site\/wp-json\/wp\/v2\/product_cat?post=82786"},{"taxonomy":"product_tag","embeddable":true,"href":"https:\/\/www.irdin.org.br\/site\/wp-json\/wp\/v2\/product_tag?post=82786"}],"curies":[{"name":"wp","href":"https:\/\/api.w.org\/{rel}","templated":true}]}}